{"id":975,"date":"2012-02-14T14:03:38","date_gmt":"2012-02-14T14:03:38","guid":{"rendered":"https:\/\/www.viridaxis.com\/?page_id=975"},"modified":"2012-05-29T12:21:15","modified_gmt":"2012-05-29T12:21:15","slug":"droits-et-responsabilites","status":"publish","type":"page","link":"https:\/\/www.viridaxis.com\/fr\/droits-et-responsabilites","title":{"rendered":"Droits et responsabilit\u00e9s"},"content":{"rendered":"<h1>Droits et responsabilit\u00e9s<\/h1>\n<p>Pr\u00e9par\u00e9 avec le plus grand soin, ce site sera mis \u00e0 jour r\u00e9guli\u00e8rement. VIRIDAXIS SA d\u00e9cline toute responsabilit\u00e9 en cas d\u2019impr\u00e9cisions et\/ou d\u2019erreurs sur ce site. VIRIDAXIS SA d\u00e9cline \u00e9galement toute responsabilit\u00e9 en cas de d\u00e9g\u00e2ts au mat\u00e9riel ou aux logiciels informatiques, virus ou autres d\u00e9sagr\u00e9ments et\/ou pertes de temps cons\u00e9cutifs \u00e0 la consultation de ce site.<\/p>\n<p>Sauf indication contraire, le contenu de ce site \u2013 y compris les graphiques, vid\u00e9os et photographies \u2013 est prot\u00e9g\u00e9 par le copyright de VIRIDAXIS SA. Ce site ne pourra en aucun cas \u00eatre reproduit ou publi\u00e9 en tout ou partie, sous quelque forme ou par quelque moyen que ce soit, sans l\u2019accord \u00e9crit pr\u00e9alable de VIRIDAXIS SA.<\/p>\n<p>En acc\u00e9dant au site VIRIDAXIS SA, l\u2019utilisateur d\u00e9clare accepter les conditions g\u00e9n\u00e9rales applicables \u00e0 toutes nos offres de prix, notifications, contrats d\u2019achat ou de vente et activit\u00e9s g\u00e9n\u00e9ralement quelconques. Ces conditions s\u2019appliquent \u00e9galement aux conseils et aux contrats de services.<br \/>\nL\u2019utilisateur veillera \u00e0 ce que tous les ennemis naturels utilis\u00e9s soient admis dans le pays et la zone d\u2019utilisation.<\/p>\n","protected":false},"excerpt":{"rendered":"<p>Droits et responsabilit\u00e9s Pr\u00e9par\u00e9 avec le plus grand soin, ce site sera mis \u00e0 jour r\u00e9guli\u00e8rement. VIRIDAXIS SA d\u00e9cline toute responsabilit\u00e9 en cas d\u2019impr\u00e9cisions et\/ou d\u2019erreurs sur ce site. VIRIDAXIS SA d\u00e9cline \u00e9galement toute responsabilit\u00e9 en cas de d\u00e9g\u00e2ts au &hellip; <a href=\"https:\/\/www.viridaxis.com\/fr\/droits-et-responsabilites\" class=\"icoPlus\"><img loading=\"lazy\" src=\"https:\/\/www.viridaxis.com\/wp-content\/themes\/viridaxis\/images\/ico_plus.png\" border=\"0\" width=\"23\" height=\"23\" border=\"0\" \/><\/a><\/p>\n","protected":false},"author":1,"featured_media":0,"parent":0,"menu_order":0,"comment_status":"open","ping_status":"open","template":"","meta":{"ngg_post_thumbnail":0},"acf":[],"_links":{"self":[{"href":"https:\/\/www.viridaxis.com\/fr\/wp-json\/wp\/v2\/pages\/975"}],"collection":[{"href":"https:\/\/www.viridaxis.com\/fr\/wp-json\/wp\/v2\/pages"}],"about":[{"href":"https:\/\/www.viridaxis.com\/fr\/wp-json\/wp\/v2\/types\/page"}],"author":[{"embeddable":true,"href":"https:\/\/www.viridaxis.com\/fr\/wp-json\/wp\/v2\/users\/1"}],"replies":[{"embeddable":true,"href":"https:\/\/www.viridaxis.com\/fr\/wp-json\/wp\/v2\/comments?post=975"}],"version-history":[{"count":5,"href":"https:\/\/www.viridaxis.com\/fr\/wp-json\/wp\/v2\/pages\/975\/revisions"}],"predecessor-version":[{"id":2173,"href":"https:\/\/www.viridaxis.com\/fr\/wp-json\/wp\/v2\/pages\/975\/revisions\/2173"}],"wp:attachment":[{"href":"https:\/\/www.viridaxis.com\/fr\/wp-json\/wp\/v2\/media?parent=975"}],"curies":[{"name":"wp","href":"https:\/\/api.w.org\/{rel}","templated":true}]}}