{"id":88,"date":"2011-12-15T13:17:41","date_gmt":"2011-12-15T13:17:41","guid":{"rendered":"https:\/\/www.viridaxis.com\/?page_id=88"},"modified":"2012-04-17T13:31:21","modified_gmt":"2012-04-17T13:31:21","slug":"home","status":"publish","type":"page","link":"https:\/\/www.viridaxis.com\/fr","title":{"rendered":"home"},"content":{"rendered":"<h1>Viridaxis<\/h1>\n<h2>Production de parasito\u00efdes<\/h2>\n<p>Viridaxis produit des parasito\u00efdes de pucerons gr\u00e2ce \u00e0 un proc\u00e9d\u00e9 unique exempt de plantes. Nos produits sont r\u00e9put\u00e9s pour leur qualit\u00e9 et leur fiabilit\u00e9 exceptionnelles. Nos solutions sont toujours centr\u00e9es sur l\u2019agriculteur.<\/p>\n<p><img loading=\"lazy\" class=\"alignnone size-full wp-image-83\" title=\"Home_image\" src=\"https:\/\/www.viridaxis.com\/wp-content\/uploads\/2011\/12\/Home_image.jpg\" alt=\"\" width=\"240\" height=\"134\" \/><\/p>\n","protected":false},"excerpt":{"rendered":"<p>Viridaxis Production de parasito\u00efdes Viridaxis produit des parasito\u00efdes de pucerons gr\u00e2ce \u00e0 un proc\u00e9d\u00e9 unique exempt de plantes. Nos produits sont r\u00e9put\u00e9s pour leur qualit\u00e9 et leur fiabilit\u00e9 exceptionnelles. Nos solutions sont toujours centr\u00e9es sur l\u2019agriculteur.<\/p>\n","protected":false},"author":1,"featured_media":0,"parent":0,"menu_order":0,"comment_status":"open","ping_status":"open","template":"","meta":{"ngg_post_thumbnail":0},"acf":[],"_links":{"self":[{"href":"https:\/\/www.viridaxis.com\/fr\/wp-json\/wp\/v2\/pages\/88"}],"collection":[{"href":"https:\/\/www.viridaxis.com\/fr\/wp-json\/wp\/v2\/pages"}],"about":[{"href":"https:\/\/www.viridaxis.com\/fr\/wp-json\/wp\/v2\/types\/page"}],"author":[{"embeddable":true,"href":"https:\/\/www.viridaxis.com\/fr\/wp-json\/wp\/v2\/users\/1"}],"replies":[{"embeddable":true,"href":"https:\/\/www.viridaxis.com\/fr\/wp-json\/wp\/v2\/comments?post=88"}],"version-history":[{"count":4,"href":"https:\/\/www.viridaxis.com\/fr\/wp-json\/wp\/v2\/pages\/88\/revisions"}],"predecessor-version":[{"id":4537,"href":"https:\/\/www.viridaxis.com\/fr\/wp-json\/wp\/v2\/pages\/88\/revisions\/4537"}],"wp:attachment":[{"href":"https:\/\/www.viridaxis.com\/fr\/wp-json\/wp\/v2\/media?parent=88"}],"curies":[{"name":"wp","href":"https:\/\/api.w.org\/{rel}","templated":true}]}}