{"id":602,"date":"2012-01-27T10:48:03","date_gmt":"2012-01-27T10:48:03","guid":{"rendered":"https:\/\/www.viridaxis.com\/?page_id=602"},"modified":"2017-11-13T08:40:57","modified_gmt":"2017-11-13T08:40:57","slug":"conditions-generales","status":"publish","type":"page","link":"https:\/\/www.viridaxis.com\/fr\/conditions-generales","title":{"rendered":"Conditions g\u00e9n\u00e9rales"},"content":{"rendered":"<h1>Conditions g\u00e9n\u00e9rales de vente Viridaxis<\/h1>\n<h2>Coordonn\u00e9es<\/h2>\n<p>Viridaxis S.A.<br \/>\nRue Louis Bl\u00e9riot 11<br \/>\nB-6041 Gosselies<br \/>\nBE 0866.678.469<br \/>\ninfo@viridaxis.com<br \/>\n+32 71 48 72 25<\/p>\n<h2>Article 1 : G\u00e9n\u00e9ralit\u00e9s<\/h2>\n<p>Sauf d\u00e9rogation \u00e9crite et sign\u00e9e par les deux parties, les pr\u00e9sentes conditions g\u00e9n\u00e9rales sont applicables \u00e0 toute offre, vente et livraison du vendeur.<\/p>\n<h2>Article 2 : Prix<\/h2>\n<p>Les prix en vigueur sont ceux indiqu\u00e9s dans l\u2019offre communiqu\u00e9e \u00e0 l\u2019acheteur. Ils peuvent \u00e0 tout moment, \u00eatre modifi\u00e9s par le vendeur, moyennant un pr\u00e9avis d\u2019un mois.<\/p>\n<h2>Article 3 : Commandes &#8211; Ventes<\/h2>\n<p>Aucune commande accept\u00e9e par le vendeur ne pourra \u00eatre annul\u00e9e par l\u2019acheteur sans l\u2019accord \u00e9crit et pr\u00e9alable du vendeur. Les ventes se r\u00e9alisent au moment de l\u2019acceptation du bon de commande par le vendeur \u00e0 son si\u00e8ge social.<\/p>\n<h2>Article 4\u00a0: Livraison<\/h2>\n<p>La livraison est effectu\u00e9e \u00e0 l\u2019endroit indiqu\u00e9 dans le bon de commande. Au cas o\u00f9 la livraison ne peut y \u00eatre effectu\u00e9e suite \u00e0 des circonstances ind\u00e9pendantes au vendeur, il aura le droit d\u2019effectuer la livraison \u00e0 un endroit qui s\u2019y pr\u00eate raisonnablement.<\/p>\n<p>La date de livraison n\u2019est donn\u00e9e qu\u2019\u00e0 titre indicatif et sans garantie. En cas de retard de moins de trois jours dans la livraison, l\u2019acheteur \u00a0n\u2019aura en aucun cas le droit d\u2019annuler la commande, ni de r\u00e9clamer une quelconque indemnit\u00e9.<\/p>\n<h2>Article 5 : Conformit\u00e9<\/h2>\n<p>L\u2019agr\u00e9ation de la marchandise et la v\u00e9rification de sa conformit\u00e9 seront effectu\u00e9es par l\u2019acheteur au moment de la livraison.<\/p>\n<h2>Article 6 : R\u00e9clamation<\/h2>\n<p>Toute r\u00e9clamation doit se faire par \u00e9crit dans les 5 jours de la livraison.<\/p>\n<p>L\u2019introduction d\u2019une r\u00e9clamation, quelle qu\u2019en soit la cause, m\u00eame si elle est faite dans les d\u00e9lais prescrits, ne peut permettre \u00e0 l\u2019acheteur de retarder le paiement total ou partiel du prix.<\/p>\n<h2>Article 7\u00a0: Garantie<\/h2>\n<p>Le vendeur garantit la conformit\u00e9 de la marchandise, \u00e0 condition qu\u2019il n\u2019y ait pas eu utilisation ou stockage anormal ou fautif de celle-ci<\/p>\n<h2>Article 8 : Responsabilit\u00e9<\/h2>\n<p>La responsabilit\u00e9 du vendeur ne sera pas retenue en cas de dommage caus\u00e9 conjointement par un d\u00e9faut de la marchandise et par la faute de l\u2019acheteur ou d\u2019une personne dont il est responsable.<\/p>\n<p>Une \u00e9ventuelle livraison non conforme, d\u00e9nonc\u00e9e dans les d\u00e9lais pr\u00e9vus \u00e0 l\u2019article 6, donnera uniquement lieu \u00e0 un remplacement de la marchandise aux frais du vendeur.<\/p>\n<p>La responsabilit\u00e9 du vendeur n\u2019exc\u00e8dera en aucun cas le montant du prix de la marchandise faisant l\u2019objet de la r\u00e9clamation. Le vendeur ne peut ainsi \u00eatre tenu responsable de tout dommage indirect, en ce compris les pertes \u00e9conomiques, les dommages collat\u00e9raux ou immat\u00e9riels.<\/p>\n<h2>Article 9 : R\u00e9serve de propri\u00e9t\u00e9<\/h2>\n<p>La marchandise reste la propri\u00e9t\u00e9 exclusive du vendeur jusqu\u2019au jour du complet paiement du prix.<\/p>\n<h2>Article 10 : Paiement<\/h2>\n<p>Sauf stipulation contraire dans l\u2019offre du vendeur, les paiements sont op\u00e9r\u00e9s au si\u00e8ge social du vendeur\u00a0 dans le mois \u00e0 dater de la date de la facture. Le d\u00e9faut de paiement \u00e0 l\u2019\u00e9ch\u00e9ance entra\u00eene, de plein droit et sans mise en demeure pr\u00e9alable, des int\u00e9r\u00eats au taux d\u00e9termin\u00e9 \u00e0 l\u2019article 5 de la loi du 2 ao\u00fbt 2002 concernant la lutte contre le retard de paiement dans les transactions commerciales, avec un minimum de 12\u00a0%. En outre, le montant de la facture sera major\u00e9 d\u2019une indemnit\u00e9 forfaitaire de 10 %, sans pr\u00e9judice du droit au remboursement des frais judiciaires conform\u00e9ment aux dispositions du Code judiciaire, et de r\u00e9clamer \u00e0 l\u2019acheteur un d\u00e9dommagement raisonnable pour tous les frais de recouvrement pertinents encourus par suite du retard de paiement.<\/p>\n<h2>Article 11 : Comp\u00e9tence &#8211; Droit applicable<\/h2>\n<p>Tous les litiges auxquels la vente peut donner lieu sont soumis exclusivement \u00e0 la comp\u00e9tence des juges de l\u2019arrondissement judiciaire de Charleroi qui appliqueront le droit belge.<\/p>\n","protected":false},"excerpt":{"rendered":"<p>Conditions g\u00e9n\u00e9rales de vente Viridaxis Coordonn\u00e9es Viridaxis S.A. Rue Louis Bl\u00e9riot 11 B-6041 Gosselies BE 0866.678.469 info@viridaxis.com +32 71 48 72 25 Article 1 : G\u00e9n\u00e9ralit\u00e9s Sauf d\u00e9rogation \u00e9crite et sign\u00e9e par les deux parties, les pr\u00e9sentes conditions g\u00e9n\u00e9rales sont &hellip; <a href=\"https:\/\/www.viridaxis.com\/fr\/conditions-generales\" class=\"icoPlus\"><img loading=\"lazy\" src=\"https:\/\/www.viridaxis.com\/wp-content\/themes\/viridaxis\/images\/ico_plus.png\" border=\"0\" width=\"23\" height=\"23\" border=\"0\" \/><\/a><\/p>\n","protected":false},"author":1,"featured_media":0,"parent":0,"menu_order":0,"comment_status":"closed","ping_status":"closed","template":"","meta":{"ngg_post_thumbnail":0},"acf":[],"_links":{"self":[{"href":"https:\/\/www.viridaxis.com\/fr\/wp-json\/wp\/v2\/pages\/602"}],"collection":[{"href":"https:\/\/www.viridaxis.com\/fr\/wp-json\/wp\/v2\/pages"}],"about":[{"href":"https:\/\/www.viridaxis.com\/fr\/wp-json\/wp\/v2\/types\/page"}],"author":[{"embeddable":true,"href":"https:\/\/www.viridaxis.com\/fr\/wp-json\/wp\/v2\/users\/1"}],"replies":[{"embeddable":true,"href":"https:\/\/www.viridaxis.com\/fr\/wp-json\/wp\/v2\/comments?post=602"}],"version-history":[{"count":8,"href":"https:\/\/www.viridaxis.com\/fr\/wp-json\/wp\/v2\/pages\/602\/revisions"}],"predecessor-version":[{"id":4498,"href":"https:\/\/www.viridaxis.com\/fr\/wp-json\/wp\/v2\/pages\/602\/revisions\/4498"}],"wp:attachment":[{"href":"https:\/\/www.viridaxis.com\/fr\/wp-json\/wp\/v2\/media?parent=602"}],"curies":[{"name":"wp","href":"https:\/\/api.w.org\/{rel}","templated":true}]}}