{"id":599,"date":"2012-01-27T10:45:22","date_gmt":"2012-01-27T10:45:22","guid":{"rendered":"https:\/\/www.viridaxis.com\/?page_id=599"},"modified":"2019-10-01T13:48:56","modified_gmt":"2019-10-01T13:48:56","slug":"faq","status":"publish","type":"page","link":"https:\/\/www.viridaxis.com\/fr\/faq","title":{"rendered":"FAQ"},"content":{"rendered":"<h1>Faq<\/h1>\n<p><a name=\"faq1\">Comment diff\u00e9rencier les momies des diff\u00e9rents parasito\u00efdes?<\/a><\/p>\n<div id=\"1\" class=\"faqhidden\">\n<p>Les momies des diff\u00e9rentes esp\u00e8ces de parasito\u00efdes peuvent \u00eatre diff\u00e9renci\u00e9es sur base de leur forme et de leur couleur:Les momies d&rsquo;<em>Aphidius <\/em>sont jaunes\/brunes et ont une forme arrondie.Les momies de <em>Praon volucre<\/em> sont blanches avec une petite collerette cotonneuse \u00e0 la base.Les momies d&rsquo;<em>Aphelinus abdominalis<\/em> sont noires et de forme ovale.<\/p>\n<p>Celles d&rsquo;<em>Ephedrus cerasicola<\/em> sont noires et de forme ovale avec une petite strie blanche au niveau du site d&rsquo;attache sur leur support. Il est important de savoir que les momies d&rsquo;<em>Ephedrus cerasicola<\/em> sont tr\u00e8s difficiles \u00e0 observer dans la culture \u00e0 cause du changement de comportement du puceron une fois qu&rsquo;il est parasit\u00e9 par cette esp\u00e8ce. (voir \u00ab\u00a0<a href=\"#faq3\" name=\"faq3\">Pourquoi est-il si difficile d&rsquo;observer des momies d&rsquo;<em>Ephedrus cerasicola<\/em>?<\/a>\u00ab\u00a0)<\/p>\n<\/div>\n<p><a name=\"faq2\">\u2018Best before\u2019, Qu\u2019est-ce que cela signifie?<\/a><\/p>\n<div id=\"2\" class=\"faqhidden\">Une date \u201cbest before\u201d (\u201ddate limite d\u2019utilisation optimale\u201d) est indiqu\u00e9e sur nos produits XxxProtects. Cette date n\u2019est <strong>pas<\/strong> une date de p\u00e9remption. C\u2019est la date \u00e0 partir de laquelle la qualit\u00e9 du produit (taux d\u2019\u00e9mergence) commence \u00e0 d\u00e9croitre. A cette date, le taux d\u2019\u00e9mergence est encore sup\u00e9rieur \u00e0 85 % pour toutes les esp\u00e8ces. La date \u201cbest before\u201d est d\u00e9finie par l\u2019esp\u00e8ce du m\u00e9lange avec la plus faible tol\u00e9rance \u00e0 la conservation (<em>A. colemani<\/em>). Etant donn\u00e9 le d\u00e9clin de qualit\u00e9, la date \u201cbest before\u201d se situe g\u00e9n\u00e9ralement huit jours apr\u00e8s l\u2019exp\u00e9dition \u00e0 partir de Viridaxis. <img loading=\"lazy\" class=\"alignnone size-full wp-image-1438\" title=\"faq-figure1\" src=\"https:\/\/www.viridaxis.com\/wp-content\/uploads\/faq-figure1.jpg\" alt=\"\" width=\"654\" height=\"378\" srcset=\"https:\/\/www.viridaxis.com\/wp-content\/uploads\/faq-figure1.jpg 654w, https:\/\/www.viridaxis.com\/wp-content\/uploads\/faq-figure1-300x173.jpg 300w, https:\/\/www.viridaxis.com\/wp-content\/uploads\/faq-figure1-500x288.jpg 500w\" sizes=\"(max-width: 654px) 100vw, 654px\" \/>Figure 1: D\u00e9clin du taux d\u2019\u00e9mergence standardis\u00e9 des parasito\u00efdes avec le temps de stockage \u00e0 8-10\u00b0C.Le taux d\u2019\u00e9mergence reste sup\u00e9rieur aux sp\u00e9cifications de l\u2019OILB pour le contr\u00f4le-qualit\u00e9 des parasito\u00efdes m\u00eame cinq jours apr\u00e8s la date \u201cbest before\u201d (Figure 1).<\/p>\n<p>Viridaxis met tout en \u0153uvre pour garantir que les cultivateurs re\u00e7oivent leurs produits avant la date \u201cbest before\u201d. Si toutefois, les tubes sont install\u00e9s dans la culture le jour de la date \u201cbest before\u201d ou un peu plus tard, le seul risque est que des parasito\u00efdes adultes aient d\u00e9j\u00e0 \u00e9merg\u00e9 dans les tubes et soient par cons\u00e9quent pr\u00eats \u00e0 explorer la culture d\u00e8s que les tubes sont ouverts.<\/p>\n<\/div>\n<p><a name=\"faq3\">Pourquoi est-il si difficile d&rsquo;observer des momies d&rsquo;<em>Ephedrus cerasicola<\/em>?<\/a><\/p>\n<div id=\"3\" class=\"faqhidden\">\n<p>Quand <em>Ephedrus cerasicola<\/em> pond son \u0153uf dans un puceron, le comportement de ce dernier va changer. Le puceron parasit\u00e9 va se cacher avant le d\u00e9but du processus de momification. C&rsquo;est pour cette raison qu&rsquo;il est quasiment impossible d&rsquo;observer des momies d&rsquo;<em>E. cerasicola<\/em> sur le terrain. <a href=\"\/wp-content\/uploads\/ephedrus-cerasicola.pdf\" target=\"_blank\" rel=\"noopener noreferrer\">Exceptionnellement, elles peuvent \u00eatre observ\u00e9es sous le rebord des pots ou sur les n\u0153uds des plantes \u00e0 l&rsquo;aisselle des feuilles<\/a>.<\/p>\n<\/div>\n<p><a name=\"faq4\">Comment installer mes tubes dans la culture?<\/a><\/p>\n<div id=\"4\" class=\"faqhidden\">\n<p>Les tubes peuvent \u00eatre install\u00e9s avec des tuteurs ou des clips \u2013 Veuillez-vous r\u00e9f\u00e9rer au <a href=\"\/wp-content\/uploads\/how-to-use-guide-fr.pdf\" target=\"_blank\" rel=\"noopener noreferrer\">mode d&#8217;emploi<\/a>.<\/p>\n<\/div>\n<p><a name=\"faq5\">Quand dois-je commencer les l\u00e2chers ? Quel est le calendrier des l\u00e2chers?<\/a><\/p>\n<div id=\"5\" class=\"faqhidden\">\n<p>La cl\u00e9 du contr\u00f4le naturel des pucerons avec des parasito\u00efdes est d&rsquo;utiliser les XxxProtects dans une strat\u00e9gie pr\u00e9ventive : les l\u00e2chers devraient commencer d\u00e8s que les plantes sont install\u00e9es dans la culture ou quand elles reprennent leur croissance v\u00e9g\u00e9tative apr\u00e8s la p\u00e9riode hivernale. Tous les XxxProtects doivent \u00eatre install\u00e9s AVANT l&rsquo;observation du premier puceron.FresaProtect et BerryProtect doivent \u00eatre l\u00e2ch\u00e9s toutes les trois semaines.BasilProtect, VerdaProtect, et OrnaProtect doivent \u00eatre l\u00e2ch\u00e9s toutes les deux semaines.Il est important de laisser les tubes au moins quatre semaines dans la culture.<\/p>\n<\/div>\n<p><a name=\"faq6\">De combien de tubes ai-je besoin par l\u00e2cher ?<\/a><\/p>\n<div id=\"6\" class=\"faqhidden\">\n<p>Un tube de XxxProtect couvre une surface de culture de 200 m\u00e8tres carr\u00e9s.<\/p>\n<\/div>\n<p><a name=\"faq7\">O\u00f9 dois-je installer les tubes ?<\/a><\/p>\n<div id=\"7\" class=\"faqhidden\">\n\n<p>Les Protects doivent \u00eatre r\u00e9partis \u00e9quitablement dans la culture en respectant la dose de un tube pour 200 m\u00b2.Il est important de faire attention \u00e0 l&rsquo;environnement du tube.<\/p>\n<ul>\n<li>Eviter le rayonnement direct du soleil sur les tubes car cela pourrait engendrer de hautes temp\u00e9ratures dans les tubes (voir <a href=\"#faq9\" name=\"faq9\">Y a-t-il des points importants \u00e0 consid\u00e9rer pour l&rsquo;introduction ?<\/a>).<\/li>\n<li>Eviter que les tubes soient humides (arrosage, \u00e9gouttage de la condensation).<\/li>\n<li>Eviter de placer les tubes dans les endroits expos\u00e9s au vent et au froid (portes, parois de la serre).<\/li>\n<li>Faire attention \u00e0 ne pas endommager le syst\u00e8me d&rsquo;irrigation avec les tuteurs.<\/li>\n<li>Eviter de disposer des pi\u00e8ges collants proches des tubes.<\/li>\n<\/ul>\n<\/div>\n<p><a name=\"faq8\">Comment dois-je conserver le produit apr\u00e8s r\u00e9ception?<\/a><\/p>\n<div id=\"8\" class=\"faqhidden\">\n<p>Les XxxProtect peuvent \u00eatre stock\u00e9s entre 8 et 10\u00b0C pendant un \u00e0 deux jours. Ne les mettez pas au r\u00e9frig\u00e9rateur car la temp\u00e9rature y est souvent bien en dessous de 8\u00b0C.<\/p>\n<\/div>\n<p><a name=\"faq9\">Y a-t-il des points importants \u00e0 consid\u00e9rer pour l&rsquo;introduction ?<\/a><\/p>\n<div id=\"9\" class=\"faqhidden\">Prot\u00e9ger les tubes contre les rayons directs du soleil, l&rsquo;aspersion d&rsquo;eau et contre les fourmis. L&rsquo;efficacit\u00e9 peut \u00eatre r\u00e9duite si la temp\u00e9rature monte au-dessus de 30\u00b0C pendant une longue p\u00e9riode ou s&rsquo;il g\u00e8le dans la culture.N&rsquo;utilisez pas de pesticide avant ou pendant l&rsquo;utilisation des parasito\u00efdes sans avoir v\u00e9rifi\u00e9 leur <a href=\"\/wp-content\/uploads\/Compatibility-parasitoids-chemicals.pdf\" target=\"_blank\" rel=\"noopener noreferrer\">compatibilit\u00e9<\/a><\/div>\n","protected":false},"excerpt":{"rendered":"<p>Faq Comment diff\u00e9rencier les momies des diff\u00e9rents parasito\u00efdes? Les momies des diff\u00e9rentes esp\u00e8ces de parasito\u00efdes peuvent \u00eatre diff\u00e9renci\u00e9es sur base de leur forme et de leur couleur:Les momies d&rsquo;Aphidius sont jaunes\/brunes et ont une forme arrondie.Les momies de Praon volucre &hellip; <a href=\"https:\/\/www.viridaxis.com\/fr\/faq\" class=\"icoPlus\"><img loading=\"lazy\" src=\"https:\/\/www.viridaxis.com\/wp-content\/themes\/viridaxis\/images\/ico_plus.png\" border=\"0\" width=\"23\" height=\"23\" border=\"0\" \/><\/a><\/p>\n","protected":false},"author":1,"featured_media":0,"parent":0,"menu_order":0,"comment_status":"closed","ping_status":"closed","template":"","meta":{"ngg_post_thumbnail":0},"acf":[],"_links":{"self":[{"href":"https:\/\/www.viridaxis.com\/fr\/wp-json\/wp\/v2\/pages\/599"}],"collection":[{"href":"https:\/\/www.viridaxis.com\/fr\/wp-json\/wp\/v2\/pages"}],"about":[{"href":"https:\/\/www.viridaxis.com\/fr\/wp-json\/wp\/v2\/types\/page"}],"author":[{"embeddable":true,"href":"https:\/\/www.viridaxis.com\/fr\/wp-json\/wp\/v2\/users\/1"}],"replies":[{"embeddable":true,"href":"https:\/\/www.viridaxis.com\/fr\/wp-json\/wp\/v2\/comments?post=599"}],"version-history":[{"count":25,"href":"https:\/\/www.viridaxis.com\/fr\/wp-json\/wp\/v2\/pages\/599\/revisions"}],"predecessor-version":[{"id":4636,"href":"https:\/\/www.viridaxis.com\/fr\/wp-json\/wp\/v2\/pages\/599\/revisions\/4636"}],"wp:attachment":[{"href":"https:\/\/www.viridaxis.com\/fr\/wp-json\/wp\/v2\/media?parent=599"}],"curies":[{"name":"wp","href":"https:\/\/api.w.org\/{rel}","templated":true}]}}