{"id":583,"date":"2012-01-27T10:22:40","date_gmt":"2012-01-27T10:22:40","guid":{"rendered":"https:\/\/www.viridaxis.com\/?page_id=583"},"modified":"2012-06-06T08:32:59","modified_gmt":"2012-06-06T08:32:59","slug":"controle-de-qualite","status":"publish","type":"page","link":"https:\/\/www.viridaxis.com\/fr\/viridaxis\/controle-de-qualite","title":{"rendered":"Contr\u00f4le qualit\u00e9"},"content":{"rendered":"<h1>Contr\u00f4le Qualit\u00e9 et Assurance Qualit\u00e9<\/h1>\n<div class=\"colsLeft\">\n<p>Le <strong>Contr\u00f4le Qualit\u00e9 (QC)<\/strong> se d\u00e9finit comme une ou plusieurs proc\u00e9dures visant \u00e0 garantir qu\u2019un produit manufactur\u00e9 r\u00e9ponde \u00e0 un ensemble d\u00e9fini de crit\u00e8res de qualit\u00e9 \u2013 et corresponde en d\u00e9finitive \u00e0 ce qu\u2019attend le client.<\/p>\n<p>L\u2019<strong>Assurance Qualit\u00e9 (QA)<\/strong> s\u2019efforce d\u2019optimiser la production (et les proc\u00e9d\u00e9s associ\u00e9s) afin d\u2019\u00e9viter ou de limiter les probl\u00e8mes.<\/p>\n<p>Viridaxis contr\u00f4le en permanence la qualit\u00e9 de ses parasito\u00efdes, ce qui lui vaut sa r\u00e9putation de fournisseur de qualit\u00e9 sur le march\u00e9. Mais Viridaxis va plus loin : nous accordons autant d\u2019importance \u00e0 l\u2019Assurance Qualit\u00e9 afin de pouvoir fournir toute l\u2019ann\u00e9e des millions de parasito\u00efdes lorsque les proc\u00e9d\u00e9s de production traditionnels font d\u00e9faut.<\/p>\n<p>Bien que nos crit\u00e8res de qualit\u00e9 soient conformes aux standards de l\u2019<a href=\"http:\/\/www.iobc-wprs.org\/\" target=\"_blank\">OILB<\/a> (<a href=\"http:\/\/www.iobc-wprs.org\/\" target=\"_blank\">Organisation internationale de Lutte biologique contre les Animaux et les Plantes nuisibles<\/a>), nous nous effor\u00e7ons toujours de rencontrer de mani\u00e8re optimale les attentes et les exigences des cultivateurs. <\/div>\n<div class=\"colsRight\">\n<p>Un \u00e9chantillons de chaque colis exp\u00e9di\u00e9 depuis notre site de production est conserv\u00e9 pendant plusieurs semaines et les r\u00e9sultats des tests sont consign\u00e9s.<\/p>\n<p>Fondements d\u2019une activit\u00e9 saine, le contr\u00f4le et l\u2019assurance qualit\u00e9 sont essentiels \u00e0 l\u2019expansion de la lutte biologique et int\u00e9gr\u00e9e contre les nuisibles dans le secteur agricole. Les produits m\u00e9diocres, outre leur faible efficacit\u00e9 pour le cultivateur, peuvent nuire \u00e0 l\u2019effort global visant \u00e0 rendre l\u2019agriculture plus durable.<\/p>\n<p>Parmi les mots cl\u00e9s d\u00e9crivant le mieux notre effort de qualit\u00e9 au quotidien, citons les proc\u00e9d\u00e9s normalis\u00e9s de fonctionnement, la climatisation en cours de production et de transport, l\u2019\u00e9talonnage, le contr\u00f4le des proc\u00e9d\u00e9s, le contr\u00f4le de production, le rendement, le taux d\u2019\u00e9mergence, la tra\u00e7abilit\u00e9, etc. \u2013 cette liste n\u2019\u00e9tant pas exhaustive.<\/div><br clear=\"all\"\/>\n\n","protected":false},"excerpt":{"rendered":"<p>Contr\u00f4le Qualit\u00e9 et Assurance Qualit\u00e9<\/p>\n","protected":false},"author":1,"featured_media":0,"parent":525,"menu_order":6,"comment_status":"open","ping_status":"closed","template":"onecolumn-page.php","meta":{"ngg_post_thumbnail":0},"acf":[],"_links":{"self":[{"href":"https:\/\/www.viridaxis.com\/fr\/wp-json\/wp\/v2\/pages\/583"}],"collection":[{"href":"https:\/\/www.viridaxis.com\/fr\/wp-json\/wp\/v2\/pages"}],"about":[{"href":"https:\/\/www.viridaxis.com\/fr\/wp-json\/wp\/v2\/types\/page"}],"author":[{"embeddable":true,"href":"https:\/\/www.viridaxis.com\/fr\/wp-json\/wp\/v2\/users\/1"}],"replies":[{"embeddable":true,"href":"https:\/\/www.viridaxis.com\/fr\/wp-json\/wp\/v2\/comments?post=583"}],"version-history":[{"count":12,"href":"https:\/\/www.viridaxis.com\/fr\/wp-json\/wp\/v2\/pages\/583\/revisions"}],"predecessor-version":[{"id":2257,"href":"https:\/\/www.viridaxis.com\/fr\/wp-json\/wp\/v2\/pages\/583\/revisions\/2257"}],"up":[{"embeddable":true,"href":"https:\/\/www.viridaxis.com\/fr\/wp-json\/wp\/v2\/pages\/525"}],"wp:attachment":[{"href":"https:\/\/www.viridaxis.com\/fr\/wp-json\/wp\/v2\/media?parent=583"}],"curies":[{"name":"wp","href":"https:\/\/api.w.org\/{rel}","templated":true}]}}