{"id":581,"date":"2012-01-27T10:17:45","date_gmt":"2012-01-27T10:17:45","guid":{"rendered":"https:\/\/www.viridaxis.com\/?page_id=581"},"modified":"2012-05-29T15:05:58","modified_gmt":"2012-05-29T15:05:58","slug":"recherche-developpement","status":"publish","type":"page","link":"https:\/\/www.viridaxis.com\/fr\/viridaxis\/recherche-developpement","title":{"rendered":"R&#038;D"},"content":{"rendered":"<h1>R&amp;D<\/h1>\n<div class=\"colsLeft\">\n<p>Viridaxis est sp\u00e9cialis\u00e9e dans le d\u00e9veloppement et la mise en place de m\u00e9thodes simples et efficaces de lutte biologique contre les pucerons dans le domaine agricole. Nos activit\u00e9s de Recherche &amp; D\u00e9veloppement vont de la recherche appliqu\u00e9e \u2013 identification sur le terrain des ennemis naturels les plus efficaces des pucerons \u2013 \u00e0 l\u2019am\u00e9lioration constante des technologies de production afin d&rsquo;apporter nos strat\u00e9gies \u00e0 la protection des cultures.<\/p>\n<p>Avec l\u2019introduction de produits sp\u00e9cifiquement adapt\u00e9s aux cultures, nous avons red\u00e9fini notre approche. Dans le pass\u00e9, les cultivateurs soucieux d\u2019opter pour des solutions respectueuses de l\u2019environnement devaient commencer par identifier le type de puceron pour pouvoir s\u00e9lectionner l\u2019insecte auxiliaire le mieux adapt\u00e9.<\/div>\n<div class=\"colsRight\">\n<p><strong>Aujourd\u2019hui, gr\u00e2ce aux produits de notre gamme XxxProtect, les choses ont chang\u00e9. L&rsquo;utilisation des insectes auxiliaires est devenue plus facile et plus fiable.<\/strong><\/p>\n<p>Pour Viridaxis, il est essentiel de continuer \u00e0 investir dans la recherche et l\u2019innovation \u2013 que ce soit dans nos propres laboratoires, en collaboration avec nos partenaires des instituts de recherche scientifique ou dans le contexte de la recherche appliqu\u00e9e.<\/p>\n<p>Nous souhaitons remercier tous nos partenaires cultivateurs pour la qualit\u00e9 de leur collaboration dans les diff\u00e9rents pays. Leurs avis et leur confiance ont \u00e9t\u00e9 indispensables pour nous permettre d\u2019optimiser notre nouveau concept de lutte contre les pucerons adapt\u00e9 aux diff\u00e9rentes cultures.<\/div><br clear=\"all\"\/>\n<h2>Quelques-uns de nos objectifs R&amp;D<\/h2>\n<ul>\n<li>Le contr\u00f4le permanent sur le terrain des performances de nos produits et la recherche d\u2019am\u00e9liorations \u00e0 tous les niveaux possibles. Nous cherchons constamment \u00e0 faciliter l\u2019impl\u00e9mentation des strat\u00e9gies biologiques, en ligne avec notre vision d\u2019une agriculture plus durable. L\u2019int\u00e9gration de m\u00e9thodes biologiques de lutte contre les ravageurs dans des strat\u00e9gies associ\u00e9es \u00e0 des produits agrochimiques s\u00e9lectifs (gestion int\u00e9gr\u00e9e des ravageurs).<\/li>\n<li>Viridaxis cherche activement de nouvelles esp\u00e8ces utilisables dans la lutte biologique ou int\u00e9gr\u00e9e contre les ravageurs. Une fois les candidats identifi\u00e9s, une proc\u00e9dure est mise en place pour passer d\u2019une petite colonie \u00e0 la production en masse des parasito\u00efdes.<\/li>\n<li>L\u2019assurance d&rsquo;une qualit\u00e9 constante dans la production en masse de nos parasito\u00efdes et l\u2019am\u00e9lioration permanente de nos processus de production. Nos chercheurs con\u00e7oivent et impl\u00e9mentent de nouveaux syst\u00e8mes de production dans une approche interfonctionnelle.<\/li>\n<li>Offrir la meilleure qualit\u00e9, au-del\u00e0 des performances imm\u00e9diates de nos produits, et garantir leur efficacit\u00e9 apr\u00e8s exp\u00e9dition. Nos recherches sur la diapause et l\u2019impact des conditions de stockage sur le m\u00e9tabolisme des insectes contribuent \u00e0 l\u2019avanc\u00e9e g\u00e9n\u00e9rale de la lutte biologique contre les ravageurs.<\/li>\n<li>Aujourd\u2019hui, les strat\u00e9gies de lutte biologique se concentrent sur les cultures prot\u00e9g\u00e9es. Leur application en cultures ouvertes contribuerait toutefois de mani\u00e8re significative \u00e0 la r\u00e9duction globale de l\u2019utilisation des pesticides chimiques. Les recherches men\u00e9es par Viridaxis visent \u00e0 appliquer ces strat\u00e9gies respectueuses de l\u2019environnement aux cultures ouvertes.<\/li>\n<\/ul>\n\n","protected":false},"excerpt":{"rendered":"<p>R&amp;D Quelques-uns de nos objectifs R&amp;D Le contr\u00f4le permanent sur le terrain des performances de nos produits et la recherche d\u2019am\u00e9liorations \u00e0 tous les niveaux possibles. Nous cherchons constamment \u00e0 faciliter l\u2019impl\u00e9mentation des strat\u00e9gies biologiques, en ligne avec notre vision &hellip; <a href=\"https:\/\/www.viridaxis.com\/fr\/viridaxis\/recherche-developpement\" class=\"icoPlus\"><img loading=\"lazy\" src=\"https:\/\/www.viridaxis.com\/wp-content\/themes\/viridaxis\/images\/ico_plus.png\" border=\"0\" width=\"23\" height=\"23\" border=\"0\" \/><\/a><\/p>\n","protected":false},"author":1,"featured_media":0,"parent":525,"menu_order":5,"comment_status":"open","ping_status":"closed","template":"onecolumn-page.php","meta":{"ngg_post_thumbnail":0},"acf":[],"_links":{"self":[{"href":"https:\/\/www.viridaxis.com\/fr\/wp-json\/wp\/v2\/pages\/581"}],"collection":[{"href":"https:\/\/www.viridaxis.com\/fr\/wp-json\/wp\/v2\/pages"}],"about":[{"href":"https:\/\/www.viridaxis.com\/fr\/wp-json\/wp\/v2\/types\/page"}],"author":[{"embeddable":true,"href":"https:\/\/www.viridaxis.com\/fr\/wp-json\/wp\/v2\/users\/1"}],"replies":[{"embeddable":true,"href":"https:\/\/www.viridaxis.com\/fr\/wp-json\/wp\/v2\/comments?post=581"}],"version-history":[{"count":11,"href":"https:\/\/www.viridaxis.com\/fr\/wp-json\/wp\/v2\/pages\/581\/revisions"}],"predecessor-version":[{"id":2228,"href":"https:\/\/www.viridaxis.com\/fr\/wp-json\/wp\/v2\/pages\/581\/revisions\/2228"}],"up":[{"embeddable":true,"href":"https:\/\/www.viridaxis.com\/fr\/wp-json\/wp\/v2\/pages\/525"}],"wp:attachment":[{"href":"https:\/\/www.viridaxis.com\/fr\/wp-json\/wp\/v2\/media?parent=581"}],"curies":[{"name":"wp","href":"https:\/\/api.w.org\/{rel}","templated":true}]}}