{"id":579,"date":"2012-01-27T10:16:05","date_gmt":"2012-01-27T10:16:05","guid":{"rendered":"https:\/\/www.viridaxis.com\/?page_id=579"},"modified":"2012-01-27T10:16:05","modified_gmt":"2012-01-27T10:16:05","slug":"technologie","status":"publish","type":"page","link":"https:\/\/www.viridaxis.com\/fr\/viridaxis\/technologie","title":{"rendered":"Technologie"},"content":{"rendered":"<h1>Technologie<\/h1>\n<p>VIRIDAXIS SA d\u00e9tient un brevet exclusif pour l\u2019utilisation de capsules en biopolym\u00e8re contenant des extraits de crustac\u00e9s et d\u2019algues en poudres reproduisant la physiologie des pucerons. Gr\u00e2ce \u00e0 un ing\u00e9nieux assemblage d\u2019odeurs, le parasito\u00efde est attir\u00e9 vers le leurre et pond ses \u0153ufs dans la capsule. Les aliments artificiels contenus dans la capsule permettent \u00e0 la larve du parasito\u00efde de se d\u00e9velopper comme \u00e0 l\u2019int\u00e9rieur d\u2019un v\u00e9ritable puceron.<\/p>\n<p>Plusieurs \u00e9tapes interviennent dans la production des parasito\u00efdes \u00e0 partir de capsules.<\/p>\n<ul>\n<li>La reconnaissance et la ponte.<\/li>\n<li>L\u2019\u00e9closion de l\u2019\u0153uf et le d\u00e9veloppement de la larve dans la solution nutritive.\n<p style=\"margin-bottom:0px;\"><img loading=\"lazy\" class=\"alignleft size-full wp-image-382\" title=\"technology\" src=\"https:\/\/www.viridaxis.com\/wp-content\/uploads\/technology.jpg\" alt=\"\" width=\"431\" height=\"76\" style=\"margin-bottom:0px;\" srcset=\"https:\/\/www.viridaxis.com\/wp-content\/uploads\/technology.jpg 431w, https:\/\/www.viridaxis.com\/wp-content\/uploads\/technology-300x52.jpg 300w\" sizes=\"(max-width: 431px) 100vw, 431px\" \/><\/p>\n<\/li>\n<li>La pupaison.<\/li>\n<li>L\u2019\u00e9mergence de l\u2019adulte.<\/li>\n<\/ul>\n<p>Pour plus d\u2019informations, vous pouvez consulter notre brevet :<br \/>\n<a href=\"http:\/\/www.wipo.int\/pctdb\/en\/wo.jsp?wo=2003000047\" target=\"_blank\">http:\/\/www.wipo.int\/pctdb\/en\/wo.jsp?wo=2003000047<\/a><\/p>\n","protected":false},"excerpt":{"rendered":"<p>Technologie VIRIDAXIS SA d\u00e9tient un brevet exclusif pour l\u2019utilisation de capsules en biopolym\u00e8re contenant des extraits de crustac\u00e9s et d\u2019algues en poudres reproduisant la physiologie des pucerons. Gr\u00e2ce \u00e0 un ing\u00e9nieux assemblage d\u2019odeurs, le parasito\u00efde est attir\u00e9 vers le leurre &hellip; <a href=\"https:\/\/www.viridaxis.com\/fr\/viridaxis\/technologie\" class=\"icoPlus\"><img loading=\"lazy\" src=\"https:\/\/www.viridaxis.com\/wp-content\/themes\/viridaxis\/images\/ico_plus.png\" border=\"0\" width=\"23\" height=\"23\" border=\"0\" \/><\/a><\/p>\n","protected":false},"author":1,"featured_media":0,"parent":525,"menu_order":4,"comment_status":"open","ping_status":"closed","template":"onecolumn-page.php","meta":{"ngg_post_thumbnail":0},"acf":[],"_links":{"self":[{"href":"https:\/\/www.viridaxis.com\/fr\/wp-json\/wp\/v2\/pages\/579"}],"collection":[{"href":"https:\/\/www.viridaxis.com\/fr\/wp-json\/wp\/v2\/pages"}],"about":[{"href":"https:\/\/www.viridaxis.com\/fr\/wp-json\/wp\/v2\/types\/page"}],"author":[{"embeddable":true,"href":"https:\/\/www.viridaxis.com\/fr\/wp-json\/wp\/v2\/users\/1"}],"replies":[{"embeddable":true,"href":"https:\/\/www.viridaxis.com\/fr\/wp-json\/wp\/v2\/comments?post=579"}],"version-history":[{"count":1,"href":"https:\/\/www.viridaxis.com\/fr\/wp-json\/wp\/v2\/pages\/579\/revisions"}],"predecessor-version":[{"id":580,"href":"https:\/\/www.viridaxis.com\/fr\/wp-json\/wp\/v2\/pages\/579\/revisions\/580"}],"up":[{"embeddable":true,"href":"https:\/\/www.viridaxis.com\/fr\/wp-json\/wp\/v2\/pages\/525"}],"wp:attachment":[{"href":"https:\/\/www.viridaxis.com\/fr\/wp-json\/wp\/v2\/media?parent=579"}],"curies":[{"name":"wp","href":"https:\/\/api.w.org\/{rel}","templated":true}]}}