{"id":577,"date":"2012-01-27T10:14:18","date_gmt":"2012-01-27T10:14:18","guid":{"rendered":"https:\/\/www.viridaxis.com\/?page_id=577"},"modified":"2012-05-29T12:26:18","modified_gmt":"2012-05-29T12:26:18","slug":"qui-sommes-nous","status":"publish","type":"page","link":"https:\/\/www.viridaxis.com\/fr\/viridaxis\/qui-sommes-nous","title":{"rendered":"Qui sommes-nous ?"},"content":{"rendered":"<h1>Qui sommes-nous ?<\/h1>\n<p><div class=\"colsLeft\"><br \/>\n<img loading=\"lazy\" class=\"alignnone size-full wp-image-495\" title=\"menu-contact\" src=\"https:\/\/www.viridaxis.com\/wp-content\/uploads\/menu-contact1.jpg\" alt=\"\" width=\"290\" height=\"175\" \/><br \/>\n<\/div><br \/>\n<div class=\"colsRight\">\n<h2>Notre identit\u00e9 :<\/h2>\n<ul>\n<li>Leader mondial de la production de parasito\u00efdes<\/li>\n<li>Investissement en recherche et d\u00e9veloppement<\/li>\n<li>Produits pour la protection biologique et int\u00e9gr\u00e9e des cultures<\/li>\n<\/ul>\n<h2>Notre Mission :<\/h2>\n<p>Contribuer \u00e0 une agriculture toujours plus durable par les innovations, par la qualit\u00e9 et par la r\u00e9activit\u00e9 de nos collaborateurs, produits et processus dans le cadre de la production de parasito\u00efdes.<\/p>\n<h2>Notre Vision :<\/h2>\n<p>Une agriculture durable et un meilleur environnement.<br \/>\n<\/div><br clear=\"all\"\/><\/p>\n","protected":false},"excerpt":{"rendered":"<p>Qui sommes-nous ?<\/p>\n","protected":false},"author":1,"featured_media":0,"parent":525,"menu_order":3,"comment_status":"open","ping_status":"closed","template":"onecolumn-page.php","meta":{"ngg_post_thumbnail":0},"acf":[],"_links":{"self":[{"href":"https:\/\/www.viridaxis.com\/fr\/wp-json\/wp\/v2\/pages\/577"}],"collection":[{"href":"https:\/\/www.viridaxis.com\/fr\/wp-json\/wp\/v2\/pages"}],"about":[{"href":"https:\/\/www.viridaxis.com\/fr\/wp-json\/wp\/v2\/types\/page"}],"author":[{"embeddable":true,"href":"https:\/\/www.viridaxis.com\/fr\/wp-json\/wp\/v2\/users\/1"}],"replies":[{"embeddable":true,"href":"https:\/\/www.viridaxis.com\/fr\/wp-json\/wp\/v2\/comments?post=577"}],"version-history":[{"count":7,"href":"https:\/\/www.viridaxis.com\/fr\/wp-json\/wp\/v2\/pages\/577\/revisions"}],"predecessor-version":[{"id":2178,"href":"https:\/\/www.viridaxis.com\/fr\/wp-json\/wp\/v2\/pages\/577\/revisions\/2178"}],"up":[{"embeddable":true,"href":"https:\/\/www.viridaxis.com\/fr\/wp-json\/wp\/v2\/pages\/525"}],"wp:attachment":[{"href":"https:\/\/www.viridaxis.com\/fr\/wp-json\/wp\/v2\/media?parent=577"}],"curies":[{"name":"wp","href":"https:\/\/api.w.org\/{rel}","templated":true}]}}