{"id":575,"date":"2012-01-27T10:12:53","date_gmt":"2012-01-27T10:12:53","guid":{"rendered":"https:\/\/www.viridaxis.com\/?page_id=575"},"modified":"2020-05-06T16:11:13","modified_gmt":"2020-05-06T16:11:13","slug":"historique","status":"publish","type":"page","link":"https:\/\/www.viridaxis.com\/fr\/viridaxis\/historique","title":{"rendered":"Historique"},"content":{"rendered":"<h1>Historique<\/h1>\n<div class=\"colsLeft\">\n<p>Vincent Cambier r\u00e9dige sa th\u00e8se de doctorat \u00e0 l\u2019Universit\u00e9 catholique de Louvain (UCL) entre 1996 et 2000. C\u2019est \u00e0 cette \u00e9poque qu\u2019il d\u00e9veloppe les premiers milieux artificiels.<\/p>\n<p>Gr\u00e2ce au soutien financier de la Direction G\u00e9n\u00e9rale Wallonne des Technologies, de la Recherche et de l\u2019\u00c9nergie, le professeur Thierry Hance, Vincent Cambier et leur \u00e9quipe mettent au point une solution innovante afin de produire des parasito\u00efdes au moyen de capsules de biopolym\u00e8re rempla\u00e7ant le puceron. Devant les r\u00e9sultats encourageants, les promoteurs du projet d\u00e9cident de cr\u00e9er une soci\u00e9t\u00e9.<\/p>\n<p>La soci\u00e9t\u00e9 VIRIDAXIS SA est cr\u00e9\u00e9e le 26 juillet 2004. Elle choisit de s\u2019implanter au Parc d\u2019Activit\u00e9s H\u00e9racl\u00e8s de Charleroi.<\/div>\n<div class=\"colsRight\">\n<p>D\u00e9but 2012, VIRIDAXIS SA a emm\u00e9nag\u00e9 dans ses nouveaux locaux de Gosselies, \u00e0 proximit\u00e9 de l\u2019a\u00e9roport de Charleroi \u2013 Bruxelles Sud.<\/p>\n<p>La production est optimis\u00e9e \u00e0 un rythme soutenu, au point que VIRIDAXIS produit actuellement plusieurs dizaines de millions d\u2019insectes par an pour la lutte contre les pucerons.<\/p>\n<p>Les activit\u00e9s de Recherche &amp; D\u00e9veloppement sont en permanence au sommet des priorit\u00e9s. VIRIDAXIS fait partie d\u2019un r\u00e9seau international d\u2019experts et collabore avec des chercheurs et des scientifiques dans de nombreux pays. Le d\u00e9veloppement et la commercialisation de produits et concepts novateurs s\u2019acc\u00e9l\u00e8rent chaque ann\u00e9e.<\/p>\n<\/div><br clear=\"all\"\/><br \/>\n<br clear=\"all\"><\/p>\n<h2>\u00c9tapes importantes<\/h2>\n<p><img loading=\"lazy\" class=\"alignnone wp-image-4910 size-full\" title=\"Milestones\" src=\"https:\/\/www.viridaxis.com\/wp-content\/uploads\/Milestones2020_FR.png\" alt=\"\" width=\"1551\" height=\"579\"><\/p>\n","protected":false},"excerpt":{"rendered":"<p>Historique \u00c9tapes importantes<\/p>\n","protected":false},"author":1,"featured_media":0,"parent":525,"menu_order":2,"comment_status":"closed","ping_status":"closed","template":"onecolumn-page.php","meta":{"ngg_post_thumbnail":0},"acf":[],"_links":{"self":[{"href":"https:\/\/www.viridaxis.com\/fr\/wp-json\/wp\/v2\/pages\/575"}],"collection":[{"href":"https:\/\/www.viridaxis.com\/fr\/wp-json\/wp\/v2\/pages"}],"about":[{"href":"https:\/\/www.viridaxis.com\/fr\/wp-json\/wp\/v2\/types\/page"}],"author":[{"embeddable":true,"href":"https:\/\/www.viridaxis.com\/fr\/wp-json\/wp\/v2\/users\/1"}],"replies":[{"embeddable":true,"href":"https:\/\/www.viridaxis.com\/fr\/wp-json\/wp\/v2\/comments?post=575"}],"version-history":[{"count":15,"href":"https:\/\/www.viridaxis.com\/fr\/wp-json\/wp\/v2\/pages\/575\/revisions"}],"predecessor-version":[{"id":4919,"href":"https:\/\/www.viridaxis.com\/fr\/wp-json\/wp\/v2\/pages\/575\/revisions\/4919"}],"up":[{"embeddable":true,"href":"https:\/\/www.viridaxis.com\/fr\/wp-json\/wp\/v2\/pages\/525"}],"wp:attachment":[{"href":"https:\/\/www.viridaxis.com\/fr\/wp-json\/wp\/v2\/media?parent=575"}],"curies":[{"name":"wp","href":"https:\/\/api.w.org\/{rel}","templated":true}]}}