{"id":545,"date":"2012-01-27T08:07:16","date_gmt":"2012-01-27T08:07:16","guid":{"rendered":"https:\/\/www.viridaxis.com\/?page_id=545"},"modified":"2016-03-09T15:53:09","modified_gmt":"2016-03-09T15:53:09","slug":"ornaprotect","status":"publish","type":"page","link":"https:\/\/www.viridaxis.com\/fr\/viridaxis-produits-xprotect\/ornaprotect","title":{"rendered":"OrnaProtect"},"content":{"rendered":"<h1>OrnaProtect &#8211; <strong>contre les pucerons des plantes ornementales<\/strong><\/h1>\n<h4>L&rsquo;application d&rsquo;OrnaProtect est simple et r\u00e9duit le temps de travail.<\/h4>\n<p>\n<style type=\"text\/css\">\n  div#slider { width: 370px !important;height: 276px !important; }\n  div#slider_container .nivo_slider .nivo-controlNav { width: 370px !important; }\n  div#slider_container .nivo-controlNav img { height: 75px; }\n<\/style>\n<div id=\"slider_container\" class=\"nivo_slider_container nivo_slider_center nivo_slider_controlNavImages\">\n  <div id=\"slider\" class=\"nivo_slider\">\n    <img src=\"https:\/\/www.viridaxis.com\/wp-content\/gallery\/ornaprotect\/dsc00857.jpg\" class=\"nivo_image\" alt=\"nivo slider image\" \/>\n    <img src=\"https:\/\/www.viridaxis.com\/wp-content\/gallery\/ornaprotect\/orna-dsc06271.jpg\" class=\"nivo_image\" alt=\"nivo slider image\" \/>\n    <img src=\"https:\/\/www.viridaxis.com\/wp-content\/gallery\/ornaprotect\/dsc00481.jpg\" class=\"nivo_image\" alt=\"nivo slider image\" \/>\n    <img src=\"https:\/\/www.viridaxis.com\/wp-content\/gallery\/ornaprotect\/orna-dsc07757.jpg\" class=\"nivo_image\" alt=\"nivo slider image\" \/>\n    <img src=\"https:\/\/www.viridaxis.com\/wp-content\/gallery\/ornaprotect\/orna-rosier.jpg\" class=\"nivo_image\" alt=\"nivo slider image\" \/>\n    <img src=\"https:\/\/www.viridaxis.com\/wp-content\/gallery\/ornaprotect\/orna-14.jpg\" class=\"nivo_image\" alt=\"nivo slider image\" \/>\n  <\/div>\n<img src=\"\/wp-content\/themes\/viridaxis\/images\/gallery-border.png\" class=\"galleryBorder\"><\/div>\n<script type=\"text\/javascript\">\n  jQuery(window).load(function() {\n    jQuery('div#slider').nivoSlider({controlNavThumbs: true});\n    JJNGGUtils.wordpressThumbs('slider', true);\n    jQuery('div#slider div.nivo-controlNav').css('visibility', 'visible');\n  });\n<\/script>\n<br \/>\n<div class=\"colsLeft\">\n<p><div class=\"btnDiscoverTheVideo\"><a class=\"fancybox\" href=\"\/wp-content\/themes\/viridaxis\/page-video-fr.html\">D\u00e9couvrez la vid\u00e9o<br><span>Principe de fonctionnement<\/span><\/a><\/div>\r\n\r\n\r\n<script type=\"text\/javascript\">\r\njQuery(function(){\r\njQuery('.fancybox').fancybox(\r\n{\r\n\t\t\t'width'         \t\t: 600,\r\n\t\t\t'height'        \t\t: 500,\r\n}\r\n);\r\n});\r\n<\/script><\/div><\/p>\n<div class=\"colsRight\">\n<p><div class=\"btnDownloadPDF\"><a href=\"\/wp-content\/uploads\/ornaprotect-fra.pdf\" target=\"_blank\">Fiche produit<br>T\u00e9l\u00e9charger le PDF<\/a><\/div><\/p>\n<p><div class=\"btnContactUs\"><a href=\"\/fr\/revendeurs?product=OrnaProtect\">O\u00f9 Acheter?<\/a><\/div><img loading=\"lazy\" class=\"alignnone size-full wp-image-2142\" title=\"preventif\" src=\"https:\/\/www.viridaxis.com\/wp-content\/uploads\/preventif.jpg\" alt=\"\" width=\"153\" height=\"166\" \/><\/p>\n<hr \/>\n<h2>Avantages<\/h2>\n<ul>\n<li>Prot\u00e8ge les plantes ornementales contre les pucerons<\/li>\n<li>Id\u00e9al pour les cultures m\u00e9lang\u00e9es de plantes ornementales<\/li>\n<li>Pas d\u2019identification des pucerons n\u00e9cessaire<\/li>\n<li>Pas de d\u00e9veloppement de r\u00e9sistance possible<\/li>\n<li>Moins de travail et de temps consacr\u00e9 \u00e0 la protection des cultures<\/li>\n<li>R\u00e9duction d\u2019aphicides<\/li>\n<li>Utilisation ais\u00e9e en lutte int\u00e9gr\u00e9e<\/li>\n<li>Effet durable sous un large spectre de temp\u00e9ratures<\/li>\n<li>Qualit\u00e9 excellente et constante<\/li>\n<li>Application facile et rapide<\/li>\n<li>Sans danger pour l\u2019Homme, les plantes et l\u2019environnement<\/li>\n<\/ul>\n<hr \/>\n<h2>Cultures cibles<\/h2>\n<p>Plantes ornementales en m\u00e9lange (b\u00e9gonia, chrysanth\u00e8me, cyclamen, gerbera, hydrangea\u2026)<\/p>\n<h2>Exp\u00e9rience<\/h2>\n<p>La tol\u00e9rance pour les pucerons est tr\u00e8s faible en plantes ornementales. Utilis\u00e9 en strat\u00e9gie pr\u00e9ventive, OrnaProtect est un moyen naturel de lutte contre ces ravageurs pendant toute la saison de culture. En outre, la multir\u00e9sistance croissante aux insecticides rend la lutte chimique contre les pucerons de plus en plus complexe. OrnaProtect r\u00e9sout tous ces probl\u00e8mes \u00e9mergents en \u00e9liminant les pucerons les plus importants des plantes ornementales. Livr\u00e9 en unit\u00e9s pr\u00eates \u00e0 l\u2019emploi, il permet une application beaucoup plus rapide que tous les traitements chimiques.<\/p>\n<p>OrnaProtect est utilis\u00e9 dans diff\u00e9rents pays d\u2019Europe pour plusieurs syst\u00e8mes de production, qu\u2019il s\u2019agisse de plantes en pots ou de fleurs coup\u00e9es, sur de nombreuses vari\u00e9t\u00e9s de fleurs dont le b\u00e9gonia, le chrysanth\u00e8me, le cyclamen, le gerbera et l\u2019hortensia. Facile et rapide \u00e0 appliquer, il lutte efficacement contre les populations de pucerons.<\/p>\n<p><a href=\"https:\/\/www.viridaxis.com\/wp-content\/uploads\/viridaxis_iscp_gent2012.pdf\">Voyez les r\u00e9sultats d&rsquo;essais (conf\u00e9rence ISCP, Gent 2012<\/a>)<\/p>\n\n<p><strong>Important!<\/strong><\/p>\n<p><strong>Utilisez uniquement les produits autoris\u00e9s dans votre pays. V\u00e9rifiez la l\u00e9gislation en vigueur.<\/strong><br \/>\n<strong>Viridaxis ne pourra pas \u00eatre tenu responsable d&rsquo;une utilisation non autoris\u00e9e dans votre pays.<\/strong><\/p>\n<\/div><br clear=\"all\"\/>\n","protected":false},"excerpt":{"rendered":"<p>OrnaProtect &#8211; contre les pucerons des plantes ornementales L&rsquo;application d&rsquo;OrnaProtect est simple et r\u00e9duit le temps de travail.<\/p>\n","protected":false},"author":1,"featured_media":0,"parent":305,"menu_order":4,"comment_status":"closed","ping_status":"closed","template":"","meta":{"ngg_post_thumbnail":0},"acf":[],"_links":{"self":[{"href":"https:\/\/www.viridaxis.com\/fr\/wp-json\/wp\/v2\/pages\/545"}],"collection":[{"href":"https:\/\/www.viridaxis.com\/fr\/wp-json\/wp\/v2\/pages"}],"about":[{"href":"https:\/\/www.viridaxis.com\/fr\/wp-json\/wp\/v2\/types\/page"}],"author":[{"embeddable":true,"href":"https:\/\/www.viridaxis.com\/fr\/wp-json\/wp\/v2\/users\/1"}],"replies":[{"embeddable":true,"href":"https:\/\/www.viridaxis.com\/fr\/wp-json\/wp\/v2\/comments?post=545"}],"version-history":[{"count":21,"href":"https:\/\/www.viridaxis.com\/fr\/wp-json\/wp\/v2\/pages\/545\/revisions"}],"predecessor-version":[{"id":4320,"href":"https:\/\/www.viridaxis.com\/fr\/wp-json\/wp\/v2\/pages\/545\/revisions\/4320"}],"up":[{"embeddable":true,"href":"https:\/\/www.viridaxis.com\/fr\/wp-json\/wp\/v2\/pages\/305"}],"wp:attachment":[{"href":"https:\/\/www.viridaxis.com\/fr\/wp-json\/wp\/v2\/media?parent=545"}],"curies":[{"name":"wp","href":"https:\/\/api.w.org\/{rel}","templated":true}]}}