{"id":542,"date":"2012-01-27T08:02:13","date_gmt":"2012-01-27T08:02:13","guid":{"rendered":"https:\/\/www.viridaxis.com\/?page_id=542"},"modified":"2016-03-09T15:42:40","modified_gmt":"2016-03-09T15:42:40","slug":"basilprotect","status":"publish","type":"page","link":"https:\/\/www.viridaxis.com\/fr\/viridaxis-produits-xprotect\/basilprotect","title":{"rendered":"BasilProtect"},"content":{"rendered":"<h1>BasilProtect &#8211; <strong>contre les pucerons des herbes aromatiques<\/strong><\/h1>\n<h4>Pour les producteurs d&rsquo;herbes dans les cultures prot\u00e9g\u00e9es, BasilProtect est la solution optimale pour contr\u00f4ler les pucerons.<\/h4>\n<p>\n<style type=\"text\/css\">\n  div#slider { width: 370px !important;height: 276px !important; }\n  div#slider_container .nivo_slider .nivo-controlNav { width: 370px !important; }\n  div#slider_container .nivo-controlNav img { height: 75px; }\n<\/style>\n<div id=\"slider_container\" class=\"nivo_slider_container nivo_slider_center nivo_slider_controlNavImages\">\n  <div id=\"slider\" class=\"nivo_slider\">\n    <img src=\"https:\/\/www.viridaxis.com\/wp-content\/gallery\/basilprotect\/basil-dsc07503.jpg\" class=\"nivo_image\" alt=\"nivo slider image\" \/>\n    <img src=\"https:\/\/www.viridaxis.com\/wp-content\/gallery\/basilprotect\/basil-dsc07435.jpg\" class=\"nivo_image\" alt=\"nivo slider image\" \/>\n    <img src=\"https:\/\/www.viridaxis.com\/wp-content\/gallery\/basilprotect\/basil-dsc07430.jpg\" class=\"nivo_image\" alt=\"nivo slider image\" \/>\n    <img src=\"https:\/\/www.viridaxis.com\/wp-content\/gallery\/basilprotect\/basil_glass.jpg\" class=\"nivo_image\" alt=\"nivo slider image\" \/>\n    <img src=\"https:\/\/www.viridaxis.com\/wp-content\/gallery\/basilprotect\/basil-3.jpg\" class=\"nivo_image\" alt=\"nivo slider image\" \/>\n    <img src=\"https:\/\/www.viridaxis.com\/wp-content\/gallery\/basilprotect\/basil-img_1519.jpg\" class=\"nivo_image\" alt=\"nivo slider image\" \/>\n  <\/div>\n<img src=\"\/wp-content\/themes\/viridaxis\/images\/gallery-border.png\" class=\"galleryBorder\"><\/div>\n<script type=\"text\/javascript\">\n  jQuery(window).load(function() {\n    jQuery('div#slider').nivoSlider({controlNavThumbs: true});\n    JJNGGUtils.wordpressThumbs('slider', true);\n    jQuery('div#slider div.nivo-controlNav').css('visibility', 'visible');\n  });\n<\/script>\n<br \/>\n<div class=\"colsLeft\"><div class=\"btnDiscoverTheVideo\"><a class=\"fancybox\" href=\"\/wp-content\/themes\/viridaxis\/page-video-fr.html\">D\u00e9couvrez la vid\u00e9o<br><span>Principe de fonctionnement<\/span><\/a><\/div>\r\n\r\n\r\n<script type=\"text\/javascript\">\r\njQuery(function(){\r\njQuery('.fancybox').fancybox(\r\n{\r\n\t\t\t'width'         \t\t: 600,\r\n\t\t\t'height'        \t\t: 500,\r\n}\r\n);\r\n});\r\n<\/script> <\/div><\/p>\n<div class=\"colsRight\">\n<p><div class=\"btnDownloadPDF\"><a href=\"\/wp-content\/uploads\/basilprotect-fra.pdf\" target=\"_blank\">Fiche produit<br>T\u00e9l\u00e9charger le PDF<\/a><\/div><\/p>\n<p><img loading=\"lazy\" class=\"alignnone size-full wp-image-2142\" title=\"preventif\" src=\"https:\/\/www.viridaxis.com\/wp-content\/uploads\/preventif.jpg\" alt=\"\" width=\"153\" height=\"166\" \/><\/p>\n<p><div class=\"btnContactUs\"><a href=\"\/fr\/revendeurs?product=BasilProtect\">O\u00f9 Acheter?<\/a><\/div><\/p>\n<hr \/>\n<h2>Avantages<\/h2>\n<ul>\n<li>Prot\u00e8ge les plantes aromatiques contre les pucerons<\/li>\n<li>Pas d\u2019identification des pucerons n\u00e9cessaire<\/li>\n<li>Pas de d\u00e9veloppement de r\u00e9sistance possible<\/li>\n<li>Aucun d\u00e9lai avant r\u00e9colte ou vente des plantes \u00e0 respecter<\/li>\n<li>R\u00e9duction d\u2019aphicides donc moins de r\u00e9sidus en PBI<\/li>\n<li>Utilisation ais\u00e9e en lutte int\u00e9gr\u00e9e<\/li>\n<li>Effet durable sous un large spectre de temp\u00e9ratures<\/li>\n<li>Qualit\u00e9 excellente et constante<\/li>\n<li>Application rapide et facile<\/li>\n<li>Sans danger pour l\u2019Homme, les plantes et l\u2019environnement<\/li>\n<\/ul>\n<hr \/>\n<h2>Cultures cibles<\/h2>\n<p>Herbes et plantes aromatiques (basilic, menthe, sauge, thym, aneth\u2026)<\/p>\n<h2>Exp\u00e9rience<\/h2>\n<p>BasilProtect est la solution id\u00e9ale de lutte contre les pucerons dans les cultures prot\u00e9g\u00e9es de plantes aromatiques. Il n\u2019existe que peu de pesticides chimiques capables de prot\u00e9ger ce type de cultures et jusqu\u2019ici, les solutions biologiques ne combattaient qu\u2019un spectre r\u00e9duit d\u2019esp\u00e8ces de pucerons. BasilProtect, qui contient plusieurs esp\u00e8ces d\u2019ennemis des pucerons, est diff\u00e9rent et lutte contre tous les pucerons les plus importants. Livr\u00e9 en unit\u00e9s pr\u00eates \u00e0 l\u2019emploi, il permet une application beaucoup plus rapide que tous les traitements chimiques.<\/p>\n<p>BasilProtect est utilis\u00e9 dans diff\u00e9rents pays d\u2019Europe, dans plusieurs syst\u00e8mes de production, qu\u2019il s\u2019agisse de cultures en pots ou de plantes coup\u00e9es, sur une grande vari\u00e9t\u00e9 d\u2019herbes et plantes aromatiques dont le basilic, la menthe, la sauge, le thym et l\u2019aneth. Il lutte efficacement contre les populations de pucerons (notamment <em>Ovatus crataegarius<\/em>, <em>Macrosiphum euphorbiae<\/em> et <em>Aulacorthum solani<\/em>).<\/p>\n\n<p><strong>Important!<\/strong><\/p>\n<p><strong>Utilisez uniquement les produits autoris\u00e9s dans votre pays. V\u00e9rifiez la l\u00e9gislation en vigueur.<\/strong><br \/>\n<strong>Viridaxis ne pourra pas \u00eatre tenu responsable d&rsquo;une utilisation non autoris\u00e9e dans votre pays.<\/strong><\/p>\n<\/div><br clear=\"all\"\/>\n","protected":false},"excerpt":{"rendered":"<p>BasilProtect &#8211; contre les pucerons des herbes aromatiques Pour les producteurs d&rsquo;herbes dans les cultures prot\u00e9g\u00e9es, BasilProtect est la solution optimale pour contr\u00f4ler les pucerons.<\/p>\n","protected":false},"author":1,"featured_media":0,"parent":305,"menu_order":3,"comment_status":"closed","ping_status":"closed","template":"","meta":{"ngg_post_thumbnail":0},"acf":[],"_links":{"self":[{"href":"https:\/\/www.viridaxis.com\/fr\/wp-json\/wp\/v2\/pages\/542"}],"collection":[{"href":"https:\/\/www.viridaxis.com\/fr\/wp-json\/wp\/v2\/pages"}],"about":[{"href":"https:\/\/www.viridaxis.com\/fr\/wp-json\/wp\/v2\/types\/page"}],"author":[{"embeddable":true,"href":"https:\/\/www.viridaxis.com\/fr\/wp-json\/wp\/v2\/users\/1"}],"replies":[{"embeddable":true,"href":"https:\/\/www.viridaxis.com\/fr\/wp-json\/wp\/v2\/comments?post=542"}],"version-history":[{"count":16,"href":"https:\/\/www.viridaxis.com\/fr\/wp-json\/wp\/v2\/pages\/542\/revisions"}],"predecessor-version":[{"id":4303,"href":"https:\/\/www.viridaxis.com\/fr\/wp-json\/wp\/v2\/pages\/542\/revisions\/4303"}],"up":[{"embeddable":true,"href":"https:\/\/www.viridaxis.com\/fr\/wp-json\/wp\/v2\/pages\/305"}],"wp:attachment":[{"href":"https:\/\/www.viridaxis.com\/fr\/wp-json\/wp\/v2\/media?parent=542"}],"curies":[{"name":"wp","href":"https:\/\/api.w.org\/{rel}","templated":true}]}}