{"id":534,"date":"2012-01-26T11:11:20","date_gmt":"2012-01-26T11:11:20","guid":{"rendered":"https:\/\/www.viridaxis.com\/?page_id=534"},"modified":"2016-03-09T15:48:00","modified_gmt":"2016-03-09T15:48:00","slug":"verdaprotect","status":"publish","type":"page","link":"https:\/\/www.viridaxis.com\/fr\/viridaxis-produits-xprotect\/verdaprotect","title":{"rendered":"VerdaProtect"},"content":{"rendered":"<h1>VerdaProtect &#8211; <strong>contre les pucerons des l\u00e9gumes<\/strong><\/h1>\n<h4>L\u2019application est beaucoup plus rapide que n&rsquo;importe quel traitement chimique.<\/h4>\n<p>\n<style type=\"text\/css\">\n  div#slider { width: 370px !important;height: 276px !important; }\n  div#slider_container .nivo_slider .nivo-controlNav { width: 370px !important; }\n  div#slider_container .nivo-controlNav img { height: 75px; }\n<\/style>\n<div id=\"slider_container\" class=\"nivo_slider_container nivo_slider_center nivo_slider_controlNavImages\">\n  <div id=\"slider\" class=\"nivo_slider\">\n    <img src=\"https:\/\/www.viridaxis.com\/wp-content\/gallery\/verdaprotect\/verda-dsc07829.jpg\" class=\"nivo_image\" alt=\"nivo slider image\" \/>\n    <img src=\"https:\/\/www.viridaxis.com\/wp-content\/gallery\/verdaprotect\/cucumbers_0.jpg\" class=\"nivo_image\" alt=\"nivo slider image\" \/>\n    <img src=\"https:\/\/www.viridaxis.com\/wp-content\/gallery\/verdaprotect\/verda-dsc07830.jpg\" class=\"nivo_image\" alt=\"nivo slider image\" \/>\n    <img src=\"https:\/\/www.viridaxis.com\/wp-content\/gallery\/verdaprotect\/4_0.jpg\" class=\"nivo_image\" alt=\"nivo slider image\" \/>\n    <img src=\"https:\/\/www.viridaxis.com\/wp-content\/gallery\/verdaprotect\/mixed_veg_0.jpg\" class=\"nivo_image\" alt=\"nivo slider image\" \/>\n    <img src=\"https:\/\/www.viridaxis.com\/wp-content\/gallery\/verdaprotect\/verda-25.jpg\" class=\"nivo_image\" alt=\"nivo slider image\" \/>\n  <\/div>\n<img src=\"\/wp-content\/themes\/viridaxis\/images\/gallery-border.png\" class=\"galleryBorder\"><\/div>\n<script type=\"text\/javascript\">\n  jQuery(window).load(function() {\n    jQuery('div#slider').nivoSlider({controlNavThumbs: true});\n    JJNGGUtils.wordpressThumbs('slider', true);\n    jQuery('div#slider div.nivo-controlNav').css('visibility', 'visible');\n  });\n<\/script>\n<br \/>\n<div class=\"colsLeft\">\n<p><div class=\"btnDiscoverTheVideo\"><a class=\"fancybox\" href=\"\/wp-content\/themes\/viridaxis\/page-video-fr.html\">D\u00e9couvrez la vid\u00e9o<br><span>Principe de fonctionnement<\/span><\/a><\/div>\r\n\r\n\r\n<script type=\"text\/javascript\">\r\njQuery(function(){\r\njQuery('.fancybox').fancybox(\r\n{\r\n\t\t\t'width'         \t\t: 600,\r\n\t\t\t'height'        \t\t: 500,\r\n}\r\n);\r\n});\r\n<\/script><\/div><\/p>\n<div class=\"colsRight\">\n<p><div class=\"btnDownloadPDF\"><a href=\"\/wp-content\/uploads\/verdaprotect-fra.pdf\" target=\"_blank\">Fiche produit<br>T\u00e9l\u00e9charger le PDF<\/a><\/div><\/p>\n<p><div class=\"btnContactUs\"><a href=\"\/fr\/revendeurs?product=Verdaprotect\">O\u00f9 Acheter?<\/a><\/div><img loading=\"lazy\" class=\"alignnone size-full wp-image-2142\" title=\"preventif\" src=\"https:\/\/www.viridaxis.com\/wp-content\/uploads\/preventif.jpg\" alt=\"\" width=\"153\" height=\"166\" \/><\/p>\n<h2>Avantages<\/h2>\n<hr \/>\n<ul>\n<li>Prot\u00e8ge les principales cultures de l\u00e9gumes contre les pucerons<\/li>\n<li>Id\u00e9al pour les cultures m\u00e9lang\u00e9es de l\u00e9gumes<\/li>\n<li>Pas d\u2019identification des pucerons n\u00e9cessaire<\/li>\n<li>Pas de d\u00e9veloppement de r\u00e9sistance possible<\/li>\n<li>Aucun d\u00e9lai avant r\u00e9colte \u00e0 respecter<\/li>\n<li>R\u00e9duction d\u2019aphicides donc moins de r\u00e9sidus en PBI<\/li>\n<li>Utilisation ais\u00e9e en lutte int\u00e9gr\u00e9e<\/li>\n<li>Effet durable sous un large spectre de temp\u00e9ratures<\/li>\n<li>Qualit\u00e9 excellente et constante<\/li>\n<li>Application facile et rapide<\/li>\n<li>Sans danger pour l\u2019Homme, les plantes et l\u2019environnement<\/li>\n<\/ul>\n<hr \/>\n<h2>Cultures cibles<\/h2>\n<p>Cultures m\u00e9lang\u00e9es de l\u00e9gumes (poivron, aubergine, concombre, tomate)<\/p>\n<h2>Exp\u00e9rience<\/h2>\n<p>S\u2019agissant de l\u00e9gumes, le nombre de substances actives disponibles diminue et le niveau maximal de r\u00e9sidus autoris\u00e9 est constamment r\u00e9duit. En outre, la multir\u00e9sistance croissante aux insecticides rend la lutte chimique contre les pucerons de plus en plus complexe. VerdaProtect apporte la solution \u00e0 tous ces probl\u00e8mes \u00e9mergents en \u00e9liminant les pucerons les plus importants sans devoir recourir aux aphicides pour prot\u00e9ger les cultures mara\u00eech\u00e8res. Gr\u00e2ce aux unit\u00e9s pr\u00eates \u00e0 l\u2019emploi, l\u2019application est beaucoup plus rapide que n&rsquo;importe quel traitement chimique.<\/p>\n<p>VerdaProtect est utilis\u00e9 dans diff\u00e9rents pays europ\u00e9ens, principalement dans les cultures m\u00e9lang\u00e9es de l\u00e9gumes (poivron, aubergine, tomate et concombre). VerdaProtect garantit une lutte efficace contre les populations de pucerons (y compris <em>Aphis gossypii<\/em>, <em>Macrosiphum euphorbiae<\/em> et <em>Aulacorthum solani<\/em>).<\/p>\n\n<p><strong>Important!<\/strong><\/p>\n<p><strong>Utilisez uniquement les produits autoris\u00e9s dans votre pays. V\u00e9rifiez la l\u00e9gislation en vigueur.<\/strong><br \/>\n<strong>Viridaxis ne pourra pas \u00eatre tenu responsable d&rsquo;une utilisation non autoris\u00e9e dans votre pays.<\/strong><\/p>\n<\/div><br clear=\"all\"\/>\n","protected":false},"excerpt":{"rendered":"<p>VerdaProtect &#8211; contre les pucerons des l\u00e9gumes L\u2019application est beaucoup plus rapide que n&rsquo;importe quel traitement chimique.<\/p>\n","protected":false},"author":1,"featured_media":0,"parent":305,"menu_order":2,"comment_status":"closed","ping_status":"closed","template":"","meta":{"ngg_post_thumbnail":0},"acf":[],"_links":{"self":[{"href":"https:\/\/www.viridaxis.com\/fr\/wp-json\/wp\/v2\/pages\/534"}],"collection":[{"href":"https:\/\/www.viridaxis.com\/fr\/wp-json\/wp\/v2\/pages"}],"about":[{"href":"https:\/\/www.viridaxis.com\/fr\/wp-json\/wp\/v2\/types\/page"}],"author":[{"embeddable":true,"href":"https:\/\/www.viridaxis.com\/fr\/wp-json\/wp\/v2\/users\/1"}],"replies":[{"embeddable":true,"href":"https:\/\/www.viridaxis.com\/fr\/wp-json\/wp\/v2\/comments?post=534"}],"version-history":[{"count":25,"href":"https:\/\/www.viridaxis.com\/fr\/wp-json\/wp\/v2\/pages\/534\/revisions"}],"predecessor-version":[{"id":4311,"href":"https:\/\/www.viridaxis.com\/fr\/wp-json\/wp\/v2\/pages\/534\/revisions\/4311"}],"up":[{"embeddable":true,"href":"https:\/\/www.viridaxis.com\/fr\/wp-json\/wp\/v2\/pages\/305"}],"wp:attachment":[{"href":"https:\/\/www.viridaxis.com\/fr\/wp-json\/wp\/v2\/media?parent=534"}],"curies":[{"name":"wp","href":"https:\/\/api.w.org\/{rel}","templated":true}]}}