{"id":528,"date":"2012-01-26T10:59:54","date_gmt":"2012-01-26T10:59:54","guid":{"rendered":"https:\/\/www.viridaxis.com\/?page_id=528"},"modified":"2016-03-09T15:31:05","modified_gmt":"2016-03-09T15:31:05","slug":"fresaprotect","status":"publish","type":"page","link":"https:\/\/www.viridaxis.com\/fr\/viridaxis-produits-xprotect\/fresaprotect","title":{"rendered":"FresaProtect"},"content":{"rendered":"<h1>FresaProtect<strong> &#8211; contre les pucerons du fraisier<br \/>\n<\/strong><\/h1>\n<h4>FresaProtect contr\u00f4le toutes les diff\u00e9rentes esp\u00e8ces de pucerons du fraisier<\/h4>\n<p>\n<style type=\"text\/css\">\n  div#slider { width: 370px !important;height: 276px !important; }\n  div#slider_container .nivo_slider .nivo-controlNav { width: 370px !important; }\n  div#slider_container .nivo-controlNav img { height: 75px; }\n<\/style>\n<div id=\"slider_container\" class=\"nivo_slider_container nivo_slider_center nivo_slider_controlNavImages\">\n  <div id=\"slider\" class=\"nivo_slider\">\n    <img src=\"https:\/\/www.viridaxis.com\/wp-content\/gallery\/fresaprotect\/fresa_glass.jpg\" class=\"nivo_image\" alt=\"nivo slider image\" \/>\n    <img src=\"https:\/\/www.viridaxis.com\/wp-content\/gallery\/fresaprotect\/fresa-dscn0556.jpg\" class=\"nivo_image\" alt=\"nivo slider image\" \/>\n    <img src=\"https:\/\/www.viridaxis.com\/wp-content\/gallery\/fresaprotect\/fresa_tunnel.jpg\" class=\"nivo_image\" alt=\"nivo slider image\" \/>\n    <img src=\"https:\/\/www.viridaxis.com\/wp-content\/gallery\/fresaprotect\/fresa-dsc07339_0.jpg\" class=\"nivo_image\" alt=\"nivo slider image\" \/>\n    <img src=\"https:\/\/www.viridaxis.com\/wp-content\/gallery\/fresaprotect\/fresa-dsc07109_0.jpg\" class=\"nivo_image\" alt=\"nivo slider image\" \/>\n    <img src=\"https:\/\/www.viridaxis.com\/wp-content\/gallery\/fresaprotect\/fraise_terre.jpg\" class=\"nivo_image\" alt=\"nivo slider image\" \/>\n  <\/div>\n<img src=\"\/wp-content\/themes\/viridaxis\/images\/gallery-border.png\" class=\"galleryBorder\"><\/div>\n<script type=\"text\/javascript\">\n  jQuery(window).load(function() {\n    jQuery('div#slider').nivoSlider({controlNavThumbs: true});\n    JJNGGUtils.wordpressThumbs('slider', true);\n    jQuery('div#slider div.nivo-controlNav').css('visibility', 'visible');\n  });\n<\/script>\n<br \/>\n<div class=\"colsLeft\"><br \/>\n<div class=\"btnDiscoverTheVideo\"><a class=\"fancybox\" href=\"\/wp-content\/themes\/viridaxis\/page-video-fr.html\">D\u00e9couvrez la vid\u00e9o<br><span>Principe de fonctionnement<\/span><\/a><\/div>\r\n\r\n\r\n<script type=\"text\/javascript\">\r\njQuery(function(){\r\njQuery('.fancybox').fancybox(\r\n{\r\n\t\t\t'width'         \t\t: 600,\r\n\t\t\t'height'        \t\t: 500,\r\n}\r\n);\r\n});\r\n<\/script><\/p>\n<\/div><\/p>\n<div class=\"colsRight\">\n<p><div class=\"btnDownloadPDF\"><a href=\"\/wp-content\/uploads\/fresaprotect-fra.pdf\" target=\"_blank\">Fiche produit<br>T\u00e9l\u00e9charger le PDF<\/a><\/div><\/p>\n<p><div class=\"btnContactUs\"><a href=\"\/fr\/revendeurs?product=FresaProtect\">O\u00f9 Acheter?<\/a><\/div><\/p>\n<p><img loading=\"lazy\" class=\"alignnone size-full wp-image-2142\" title=\"preventif\" src=\"https:\/\/www.viridaxis.com\/wp-content\/uploads\/preventif.jpg\" alt=\"\" width=\"153\" height=\"166\" \/><\/p>\n<hr \/>\n<h2>Avantage<\/h2>\n<ul>\n<li>Prot\u00e8ge les fraisiers contre les pucerons<\/li>\n<li>Pas d\u2019identification des pucerons n\u00e9cessaire<\/li>\n<li>Pas de d\u00e9veloppement de r\u00e9sistance possible<\/li>\n<li>Aucun d\u00e9lai avant r\u00e9colte \u00e0 respecter<\/li>\n<li>R\u00e9duction d\u2019aphicides donc moins de r\u00e9sidus en PBI<\/li>\n<li>Utilisation ais\u00e9e en lutte int\u00e9gr\u00e9e<\/li>\n<li>Effet durable sous un large spectre de temp\u00e9ratures<\/li>\n<li>Qualit\u00e9 excellente et constante<\/li>\n<li>Application facile et rapide<\/li>\n<li>Sans danger pour l\u2019Homme, les plantes et l\u2019environnement<\/li>\n<\/ul>\n<hr \/>\n<h2>Cultures cibles<\/h2>\n<p>Fraisiers<\/p>\n<h2>Exp\u00e9rience<\/h2>\n<p>FresaProtect est utilis\u00e9 depuis plusieurs ann\u00e9es sur plusieurs centaines d\u2019hectares de cultures prot\u00e9g\u00e9es de fraisiers dans toute l\u2019Europe. Il est utilis\u00e9 dans diff\u00e9rents syst\u00e8mes de culture (pleine terre, hors sol et hydroponie), et sur plus de 17 vari\u00e9t\u00e9s de fraises, dont la Darselect, l\u2019Elsanta, la Clery, la Gariguette et la Candonga.<\/p>\n\n<p><strong>Important!<\/strong><\/p>\n<p><strong>Utilisez uniquement les produits autoris\u00e9s dans votre pays. V\u00e9rifiez la l\u00e9gislation en vigueur.<\/strong><br \/>\n<strong>Viridaxis ne pourra pas \u00eatre tenu responsable d&rsquo;une utilisation non autoris\u00e9e dans votre pays.<\/strong><\/p>\n<\/div><br clear=\"all\"\/>\n","protected":false},"excerpt":{"rendered":"<p>FresaProtect &#8211; contre les pucerons du fraisier FresaProtect contr\u00f4le toutes les diff\u00e9rentes esp\u00e8ces de pucerons du fraisier<\/p>\n","protected":false},"author":1,"featured_media":0,"parent":305,"menu_order":0,"comment_status":"closed","ping_status":"closed","template":"","meta":{"ngg_post_thumbnail":0},"acf":[],"_links":{"self":[{"href":"https:\/\/www.viridaxis.com\/fr\/wp-json\/wp\/v2\/pages\/528"}],"collection":[{"href":"https:\/\/www.viridaxis.com\/fr\/wp-json\/wp\/v2\/pages"}],"about":[{"href":"https:\/\/www.viridaxis.com\/fr\/wp-json\/wp\/v2\/types\/page"}],"author":[{"embeddable":true,"href":"https:\/\/www.viridaxis.com\/fr\/wp-json\/wp\/v2\/users\/1"}],"replies":[{"embeddable":true,"href":"https:\/\/www.viridaxis.com\/fr\/wp-json\/wp\/v2\/comments?post=528"}],"version-history":[{"count":14,"href":"https:\/\/www.viridaxis.com\/fr\/wp-json\/wp\/v2\/pages\/528\/revisions"}],"predecessor-version":[{"id":4279,"href":"https:\/\/www.viridaxis.com\/fr\/wp-json\/wp\/v2\/pages\/528\/revisions\/4279"}],"up":[{"embeddable":true,"href":"https:\/\/www.viridaxis.com\/fr\/wp-json\/wp\/v2\/pages\/305"}],"wp:attachment":[{"href":"https:\/\/www.viridaxis.com\/fr\/wp-json\/wp\/v2\/media?parent=528"}],"curies":[{"name":"wp","href":"https:\/\/api.w.org\/{rel}","templated":true}]}}