{"id":525,"date":"2012-01-26T10:31:45","date_gmt":"2012-01-26T10:31:45","guid":{"rendered":"https:\/\/www.viridaxis.com\/?page_id=525"},"modified":"2016-03-25T10:06:07","modified_gmt":"2016-03-25T10:06:07","slug":"viridaxis","status":"publish","type":"page","link":"https:\/\/www.viridaxis.com\/fr\/viridaxis","title":{"rendered":"VIRIDAXIS"},"content":{"rendered":"<p><div class=\"colsLeft\"><img loading=\"lazy\" class=\"aligncenter wp-image-1959\" title=\"menu-contact\" src=\"\/wp-content\/uploads\/menu-contact1.jpg\" alt=\"\" width=\"290\" height=\"175\" \/><\/div><div class=\"colsRight\">\n<h1>Viridaxis<\/h1>\n<p>VIRIDAXIS, soci\u00e9t\u00e9 de droit belge, est sp\u00e9cialis\u00e9e dans la production en masse de parasito\u00efdes pour le contr\u00f4le naturel des pucerons. Elle utilise une technologie novatrice sans plantes pour garantir des produits de qualit\u00e9 constante. Fond\u00e9e en 2004, VIRIDAXIS compte aujourd\u2019hui pr\u00e8s de\u00a045 collaborateurs. Le secteur R&amp;D fait en permanence l\u2019objet d\u2019investissements importants, l\u2019accent \u00e9tant mis sur le d\u00e9veloppement de produits pratiques et fiables de lutte contre les pucerons pour, plus globalement, favoriser une agriculture durable.<\/p>\n<p>La plupart de nos clients sont des entreprises nationales et internationales actives dans le domaine de la lutte biologique contre les ravageurs.<\/div><br clear=\"all\"\/><\/p>\n","protected":false},"excerpt":{"rendered":"","protected":false},"author":1,"featured_media":0,"parent":0,"menu_order":1,"comment_status":"closed","ping_status":"closed","template":"onecolumn-page.php","meta":{"ngg_post_thumbnail":0},"acf":[],"_links":{"self":[{"href":"https:\/\/www.viridaxis.com\/fr\/wp-json\/wp\/v2\/pages\/525"}],"collection":[{"href":"https:\/\/www.viridaxis.com\/fr\/wp-json\/wp\/v2\/pages"}],"about":[{"href":"https:\/\/www.viridaxis.com\/fr\/wp-json\/wp\/v2\/types\/page"}],"author":[{"embeddable":true,"href":"https:\/\/www.viridaxis.com\/fr\/wp-json\/wp\/v2\/users\/1"}],"replies":[{"embeddable":true,"href":"https:\/\/www.viridaxis.com\/fr\/wp-json\/wp\/v2\/comments?post=525"}],"version-history":[{"count":14,"href":"https:\/\/www.viridaxis.com\/fr\/wp-json\/wp\/v2\/pages\/525\/revisions"}],"predecessor-version":[{"id":4405,"href":"https:\/\/www.viridaxis.com\/fr\/wp-json\/wp\/v2\/pages\/525\/revisions\/4405"}],"wp:attachment":[{"href":"https:\/\/www.viridaxis.com\/fr\/wp-json\/wp\/v2\/media?parent=525"}],"curies":[{"name":"wp","href":"https:\/\/api.w.org\/{rel}","templated":true}]}}