{"id":515,"date":"2012-01-26T10:10:17","date_gmt":"2012-01-26T10:10:17","guid":{"rendered":"https:\/\/www.viridaxis.com\/?page_id=515"},"modified":"2015-07-16T11:45:38","modified_gmt":"2015-07-16T11:45:38","slug":"pbi","status":"publish","type":"page","link":"https:\/\/www.viridaxis.com\/fr\/pbi","title":{"rendered":"PBI"},"content":{"rendered":"<p><div class=\"colsLeft\"><img loading=\"lazy\" class=\"alignnone size-full wp-image-325\" title=\"Integrated-Pest-Management\" src=\"https:\/\/www.viridaxis.com\/wp-content\/uploads\/Integrated-Pest-Management.jpg\" alt=\"\" width=\"370\" height=\"404\" srcset=\"https:\/\/www.viridaxis.com\/wp-content\/uploads\/Integrated-Pest-Management.jpg 370w, https:\/\/www.viridaxis.com\/wp-content\/uploads\/Integrated-Pest-Management-274x300.jpg 274w\" sizes=\"(max-width: 370px) 100vw, 370px\" \/><\/div><br \/>\n<div class=\"colsRight\">\n<h1>Protection Biologique Int\u00e9gr\u00e9e<\/h1>\n<div class=\"btnDownloadPDF\"><a href=\"https:\/\/www.viridaxis.com\/wp-content\/uploads\/Compatibility_parasitoids_chemicals.pdf\" target=\"_blank\">Tableau de compatibilit\u00e9s<br \/>\nT\u00e9l\u00e9charger le PDF<\/a><\/div>\n<p>La Protection Biologique Int\u00e9gr\u00e9e (PBI \u2013 en anglais, IPM) implique une prise en consid\u00e9ration minutieuse de toutes les techniques de lutte et l\u2019int\u00e9gration subs\u00e9quente de mesures appropri\u00e9es qui<\/p>\n<ul>\n<li>entravent le d\u00e9veloppement des populations de ravageurs,<\/li>\n<li>gardent les pesticides et autres interventions \u00e0 des niveaux \u00e9conomiquement justifi\u00e9s,<\/li>\n<li>r\u00e9duisent ou minimisent les risques pour la sant\u00e9 et l\u2019environnement.<\/li>\n<\/ul>\n<p>La PBI favorise la croissance de cultures saines en pr\u00e9servant au maximum l\u2019\u00e9cosyst\u00e8me agricole et en encourageant les m\u00e9canismes naturels de r\u00e9gulation des ravageurs (source : FAO).<br \/>\n<\/div><br clear=\"all\"\/><\/p>\n","protected":false},"excerpt":{"rendered":"","protected":false},"author":1,"featured_media":0,"parent":0,"menu_order":0,"comment_status":"open","ping_status":"closed","template":"","meta":{"ngg_post_thumbnail":0},"acf":[],"_links":{"self":[{"href":"https:\/\/www.viridaxis.com\/fr\/wp-json\/wp\/v2\/pages\/515"}],"collection":[{"href":"https:\/\/www.viridaxis.com\/fr\/wp-json\/wp\/v2\/pages"}],"about":[{"href":"https:\/\/www.viridaxis.com\/fr\/wp-json\/wp\/v2\/types\/page"}],"author":[{"embeddable":true,"href":"https:\/\/www.viridaxis.com\/fr\/wp-json\/wp\/v2\/users\/1"}],"replies":[{"embeddable":true,"href":"https:\/\/www.viridaxis.com\/fr\/wp-json\/wp\/v2\/comments?post=515"}],"version-history":[{"count":7,"href":"https:\/\/www.viridaxis.com\/fr\/wp-json\/wp\/v2\/pages\/515\/revisions"}],"predecessor-version":[{"id":4092,"href":"https:\/\/www.viridaxis.com\/fr\/wp-json\/wp\/v2\/pages\/515\/revisions\/4092"}],"wp:attachment":[{"href":"https:\/\/www.viridaxis.com\/fr\/wp-json\/wp\/v2\/media?parent=515"}],"curies":[{"name":"wp","href":"https:\/\/api.w.org\/{rel}","templated":true}]}}