{"id":509,"date":"2012-01-26T10:05:32","date_gmt":"2012-01-26T10:05:32","guid":{"rendered":"https:\/\/www.viridaxis.com\/?page_id=509"},"modified":"2016-03-09T08:28:18","modified_gmt":"2016-03-09T08:28:18","slug":"praon-autres-parasitoides","status":"publish","type":"page","link":"https:\/\/www.viridaxis.com\/fr\/praon-autres-parasitoides","title":{"rendered":"NOS ESPECES DE PARASITO\u00cfDES"},"content":{"rendered":"<table border=\"1\" width=\"100%\" cellspacing=\"0\" cellpadding=\"0\" align=\"left\">\n<tbody>\n<tr>\n<td style=\"font-size: 18px;\" bgcolor=\"#eef9de\">\n<h1><strong>Parasito\u00efde<\/strong><\/h1>\n<\/td>\n<td style=\"font-size: 18px;\" bgcolor=\"#eef9de\">\n<h1><strong>Pucerons cibl\u00e9s (s\u00e9lection)<\/strong><\/h1>\n<\/td>\n<td style=\"font-size: 18px;\" bgcolor=\"#eef9de\">\n<h1><strong>Cultures cibl\u00e9es (exemples)<\/strong><\/h1>\n<\/td>\n<td style=\"font-size: 18px;\" valign=\"top\" bgcolor=\"#eef9de\">\n<h1><strong>Principaux avantages<\/strong><\/h1>\n<\/td>\n<\/tr>\n<tr>\n<td valign=\"top\">\n<h4>Aphidius colemani<\/h4>\n<\/td>\n<td valign=\"top\"><em><em>Aphis craccivora, Aphis frangulae, Aphis gossypii, Aphis idaei, Aphis schneideri, Aphis spiraecola, Myzus ornatus, Myzus persicae&#8230;<\/em><\/em><\/td>\n<td valign=\"top\">Concombre, poivron, aubergine, plantes ornementales, fraises, framboises et autres baies, plantes aromatiques<\/td>\n<td valign=\"top\">Emergence rapide, haute capacit\u00e9 de recherche, haute capacit\u00e9 d&rsquo;oviposition (environ 80-100 \u0153ufs\/jour)<\/td>\n<\/tr>\n<tr>\n<td valign=\"top\" bgcolor=\"#f7f7f4\">\n<h4>Aphidius ervi<\/h4>\n<\/td>\n<td valign=\"top\" bgcolor=\"#f7f7f4\"><em>Acyrtosiphon malvae, Amphorophora idaei, Aulacorthum solani, Macrosiphum euphorbiae, Macrosiphum rosae, Rhodobium porosum&#8230;<\/em><\/td>\n<td valign=\"top\" bgcolor=\"#f7f7f4\">Concombre, poivron, aubergine, plantes aromatiques, plantes ornementales, fraises, framboises et autres baies, tomates<\/td>\n<td valign=\"top\" bgcolor=\"#f7f7f4\">Emergence rapide, haute capacit\u00e9 de recherche, haute capacit\u00e9 d&rsquo;oviposition (environ 80-100 \u0153ufs\/jour)<\/td>\n<\/tr>\n<tr>\n<td valign=\"top\">\n<h4>Aphidius matricariae<\/h4>\n<\/td>\n<td valign=\"top\"><em><em>Aphis craccivora, Aphis frangulae, Aphis gossypii, Aphis idaei, Aphis nasturtii, Aphis spiraecola, Myzus nicotianae, Myzus ornatus, Myzus persicae, Ovatus crataegarius&#8230;<\/em><\/em><\/td>\n<td valign=\"top\">Plantes aromatiques, concombre, poivron, aubergine, plantes ornementales, fraises, framboises<\/td>\n<td valign=\"top\">Emergence rapide, haute capacit\u00e9 de recherche, haute capacit\u00e9 d&rsquo;oviposition (environ 80-100 \u0153ufs\/jour)<\/td>\n<\/tr>\n<tr>\n<td valign=\"top\" bgcolor=\"#f7f7f4\">\n<h4>Aphelinus abdominalis<\/h4>\n<\/td>\n<td valign=\"top\" bgcolor=\"#f7f7f4\"><em><em>Aulacorthum solani, Macrosiphum euphorbiae, Macrosiphum rosae, Myzus persicae, Rhodobium porosum&#8230;<\/em><\/em><\/td>\n<td valign=\"top\" bgcolor=\"#f7f7f4\">Concombre, poivron, aubergine, tomates, plantes ornementales, fraises<\/td>\n<td valign=\"top\" bgcolor=\"#f7f7f4\">Dur\u00e9e de vie tr\u00e8s longue (jusqu&rsquo;\u00e0 deux mois), comportement de pr\u00e9dateur (&lsquo;host feeding&rsquo;)<\/td>\n<\/tr>\n<tr>\n<td valign=\"top\">\n<h4>Praon volucre<\/h4>\n<\/td>\n<td valign=\"top\"><em><em>Acyrtosiphon malvae, Amphorophora idaei,\u00a0 Aulacorthum solani, Macrosiphum euphorbiae, Macrosiphum rosae, Myzus persicae&#8230;<\/em><\/em><\/td>\n<td valign=\"top\">Poivrons, aubergine, plantes ornementales, plantes aromatiques, fraises, framboises<\/td>\n<td valign=\"top\">Long cycle de vie (~20 jours)<\/td>\n<\/tr>\n<tr>\n<td valign=\"top\" bgcolor=\"#f7f7f4\">\n<h4><a href=\"\/wp-content\/uploads\/ephedrus-cerasicola.pdf\" target=\"_blank\">Ephedrus cerasicola<\/a><\/h4>\n<\/td>\n<td valign=\"top\" bgcolor=\"#f7f7f4\"><em><em>Aulacorthum circumflexum, Aulacorthum solani, Myzus persicae&#8230;<\/em><\/em><\/td>\n<td valign=\"top\" bgcolor=\"#f7f7f4\">Concombre, poivron, aubergine, plantes ornementales, plantes aromatiques, fraises<\/td>\n<td valign=\"top\" bgcolor=\"#f7f7f4\">Long cycle de vie (~20 jours), tr\u00e8s haute capacit\u00e9 d&rsquo;oviposition (~120 oeufs\/jours), les momies sont cach\u00e9es<\/td>\n<\/tr>\n<\/tbody>\n<\/table>\n<p><strong><span style=\"color: #000000;\">Important!<\/span><\/strong><\/p>\n<p><strong><span style=\"color: #000000;\">Utilisez uniquement les produits autoris\u00e9s dans votre pays. V\u00e9rifiez la l\u00e9gislation en vigueur.<\/span><\/strong><br \/>\n<strong><span style=\"color: #000000;\">Viridaxis\u00a0ne pourra pas \u00eatre tenu responsable d&rsquo;une utilisation non autoris\u00e9e dans votre pays.<\/span><\/strong><\/p>\n<p><strong>\u00a0\u00a0\u00a0\u00a0\u00a0\u00a0\u00a0\u00a0\u00a0\u00a0\u00a0\u00a0\u00a0\u00a0\u00a0\u00a0\u00a0\u00a0\u00a0\u00a0\u00a0\u00a0\u00a0\u00a0\u00a0\u00a0\u00a0\u00a0\u00a0\u00a0\u00a0\u00a0\u00a0\u00a0\u00a0\u00a0\u00a0\u00a0\u00a0\u00a0\u00a0\u00a0\u00a0\u00a0\u00a0\u00a0\u00a0\u00a0\u00a0\u00a0\u00a0<!-- Plugin inserted: [end] -->\u00a0\u00a0\u00a0\u00a0<!-- CONTENT ELEMENT, uid:26106\/list [end] -->\u00a0\u00a0 <\/strong><\/p>\n","protected":false},"excerpt":{"rendered":"<p>Parasito\u00efde Pucerons cibl\u00e9s (s\u00e9lection) Cultures cibl\u00e9es (exemples) Principaux avantages Aphidius colemani Aphis craccivora, Aphis frangulae, Aphis gossypii, Aphis idaei, Aphis schneideri, Aphis spiraecola, Myzus ornatus, Myzus persicae&#8230; Concombre, poivron, aubergine, plantes ornementales, fraises, framboises et autres baies, plantes aromatiques Emergence &hellip; <a href=\"https:\/\/www.viridaxis.com\/fr\/praon-autres-parasitoides\" class=\"icoPlus\"><img loading=\"lazy\" src=\"https:\/\/www.viridaxis.com\/wp-content\/themes\/viridaxis\/images\/ico_plus.png\" border=\"0\" width=\"23\" height=\"23\" border=\"0\" \/><\/a><\/p>\n","protected":false},"author":1,"featured_media":0,"parent":0,"menu_order":0,"comment_status":"closed","ping_status":"closed","template":"","meta":{"ngg_post_thumbnail":0},"acf":[],"_links":{"self":[{"href":"https:\/\/www.viridaxis.com\/fr\/wp-json\/wp\/v2\/pages\/509"}],"collection":[{"href":"https:\/\/www.viridaxis.com\/fr\/wp-json\/wp\/v2\/pages"}],"about":[{"href":"https:\/\/www.viridaxis.com\/fr\/wp-json\/wp\/v2\/types\/page"}],"author":[{"embeddable":true,"href":"https:\/\/www.viridaxis.com\/fr\/wp-json\/wp\/v2\/users\/1"}],"replies":[{"embeddable":true,"href":"https:\/\/www.viridaxis.com\/fr\/wp-json\/wp\/v2\/comments?post=509"}],"version-history":[{"count":35,"href":"https:\/\/www.viridaxis.com\/fr\/wp-json\/wp\/v2\/pages\/509\/revisions"}],"predecessor-version":[{"id":4242,"href":"https:\/\/www.viridaxis.com\/fr\/wp-json\/wp\/v2\/pages\/509\/revisions\/4242"}],"wp:attachment":[{"href":"https:\/\/www.viridaxis.com\/fr\/wp-json\/wp\/v2\/media?parent=509"}],"curies":[{"name":"wp","href":"https:\/\/api.w.org\/{rel}","templated":true}]}}