{"id":305,"date":"2012-01-12T10:33:01","date_gmt":"2012-01-12T10:33:01","guid":{"rendered":"https:\/\/www.viridaxis.com\/?page_id=305"},"modified":"2014-10-16T14:59:01","modified_gmt":"2014-10-16T14:59:01","slug":"viridaxis-produits-xprotect","status":"publish","type":"page","link":"https:\/\/www.viridaxis.com\/fr\/viridaxis-produits-xprotect","title":{"rendered":"VIRIDAXIS PROTECT"},"content":{"rendered":"<div class=\"colsLeft\"><img loading=\"lazy\" class=\"aligncenter size-full wp-image-359\" title=\"viridaxis-products-xprotect\" src=\"https:\/\/www.viridaxis.com\/wp-content\/uploads\/viridaxis-products-xprotect.jpg\" alt=\"\" width=\"370\" height=\"426\" \/><\/div>\n<div class=\"colsRight\" style=\"margin-top: 0px !important;\">\n<h1>LA GAMME PROTECT DE VIRIDAXIS<\/h1>\n<div class=\"btnContactUs\"><a href=\"\/fr\/revendeurs?product=\">O\u00f9 Acheter?<\/a><\/div>\n<p>D\u00e9couvrez le nouveau concept de contr\u00f4le naturel des pucerons sp\u00e9cifiquement adapt\u00e9 \u00e0 chaque culture. Gr\u00e2ce \u00e0 un cocktail de plusieurs insectes auxiliaires, il est possible de combattre les populations de pucerons les plus courants sur une culture sp\u00e9cifique. Les unit\u00e9s sont livr\u00e9es pr\u00eates \u00e0 l\u2019emploi, pour une utilisation plus s\u00fbre, plus efficace et plus rapide que n\u2019importe quel traitement chimique.<br \/>\n<img loading=\"lazy\" class=\"aligncenter size-full wp-image-357\" style=\"padding-top: 20px;\" title=\"Viridaxis-Products-xProtect_solutions\" src=\"https:\/\/www.viridaxis.com\/wp-content\/uploads\/Viridaxis-Products-xProtect_solutions.gif\" alt=\"\" width=\"498\" height=\"235\" srcset=\"https:\/\/www.viridaxis.com\/wp-content\/uploads\/Viridaxis-Products-xProtect_solutions.gif 498w, https:\/\/www.viridaxis.com\/wp-content\/uploads\/Viridaxis-Products-xProtect_solutions-300x141.gif 300w\" sizes=\"(max-width: 498px) 100vw, 498px\" \/><\/p>\n<\/div>\n","protected":false},"excerpt":{"rendered":"<p>LA GAMME PROTECT DE VIRIDAXIS D\u00e9couvrez le nouveau concept de contr\u00f4le naturel des pucerons sp\u00e9cifiquement adapt\u00e9 \u00e0 chaque culture. Gr\u00e2ce \u00e0 un cocktail de plusieurs insectes auxiliaires, il est possible de combattre les populations de pucerons les plus courants sur &hellip; <a href=\"https:\/\/www.viridaxis.com\/fr\/viridaxis-produits-xprotect\" class=\"icoPlus\"><img loading=\"lazy\" src=\"https:\/\/www.viridaxis.com\/wp-content\/themes\/viridaxis\/images\/ico_plus.png\" border=\"0\" width=\"23\" height=\"23\" border=\"0\" \/><\/a><\/p>\n","protected":false},"author":1,"featured_media":0,"parent":0,"menu_order":2,"comment_status":"open","ping_status":"closed","template":"","meta":{"ngg_post_thumbnail":0},"acf":[],"_links":{"self":[{"href":"https:\/\/www.viridaxis.com\/fr\/wp-json\/wp\/v2\/pages\/305"}],"collection":[{"href":"https:\/\/www.viridaxis.com\/fr\/wp-json\/wp\/v2\/pages"}],"about":[{"href":"https:\/\/www.viridaxis.com\/fr\/wp-json\/wp\/v2\/types\/page"}],"author":[{"embeddable":true,"href":"https:\/\/www.viridaxis.com\/fr\/wp-json\/wp\/v2\/users\/1"}],"replies":[{"embeddable":true,"href":"https:\/\/www.viridaxis.com\/fr\/wp-json\/wp\/v2\/comments?post=305"}],"version-history":[{"count":24,"href":"https:\/\/www.viridaxis.com\/fr\/wp-json\/wp\/v2\/pages\/305\/revisions"}],"predecessor-version":[{"id":503,"href":"https:\/\/www.viridaxis.com\/fr\/wp-json\/wp\/v2\/pages\/305\/revisions\/503"}],"wp:attachment":[{"href":"https:\/\/www.viridaxis.com\/fr\/wp-json\/wp\/v2\/media?parent=305"}],"curies":[{"name":"wp","href":"https:\/\/api.w.org\/{rel}","templated":true}]}}