{"id":977,"date":"2012-02-14T14:06:22","date_gmt":"2012-02-14T14:06:22","guid":{"rendered":"https:\/\/www.viridaxis.com\/?page_id=977"},"modified":"2012-05-21T12:11:53","modified_gmt":"2012-05-21T12:11:53","slug":"haftung-und-rechte","status":"publish","type":"page","link":"https:\/\/www.viridaxis.com\/de\/haftung-und-rechte","title":{"rendered":"Haftung und Rechte"},"content":{"rendered":"<h1>Haftung und Rechte<\/h1>\n<p>Diese Webseite wurde mit gr\u00f6\u00dfter Sorgfalt erstellt und wird regelm\u00e4\u00dfig aktualisiert. VIRIDAXIS SA haftet nicht f\u00fcr etwaige Sch\u00e4den infolge von Ungenauigkeiten und\/oder Unzul\u00e4nglichkeiten auf dieser Webseite. Ebenso wenig haftet VIRIDAXIS SA f\u00fcr Sch\u00e4den an Computerhardware oder \u2013software, Viren oder andere Probleme und\/oder Zeitverlust aufgrund der Nutzung dieser Webseite. <\/p>\n<p>Sofern nicht anders angegeben, ist der gesamte Inhalt dieser Webseite, einschlie\u00dflich aller Grafiken und Fotos, urheberrechtlich gesch\u00fctzt.<br \/>\nEs ist verboten, diese Webseite oder Ausz\u00fcge davon ohne vorherige schriftliche Genehmigung durch VIRIDAXIS SA in irgendeiner Form oder durch irgendwelche Mittel zu vervielf\u00e4ltigen oder zu ver\u00f6ffentlichen.<\/p>\n<p>Durch die Nutzung der Webseite von VIRIDAXIS SA erkl\u00e4ren Sie sich mit unseren Allgemeinen Gesch\u00e4ftsbedingungen einverstanden. Diese Allgemeinen Gesch\u00e4ftsbedingungen gelten f\u00fcr alle unsere Angebote, Mitteilungen, Kauf- und Verkaufsvertr\u00e4ge sowie durch uns ausgef\u00fchrte Aktivit\u00e4ten. Die vorliegenden Allgemeinen Gesch\u00e4ftsbedingungen gelten au\u00dferdem f\u00fcr alle erteilten Ratschl\u00e4ge und f\u00fcr Vereinbarungen jedweder Dienstleistungen. <\/p>\n<p>Der Nutzer muss sicherstellen, dass alle eingesetzten nat\u00fcrlichen Feinde in dem jeweiligen Anwendungsgebiet und -land erlaubt sind. <\/p>\n","protected":false},"excerpt":{"rendered":"<p>Haftung und Rechte Diese Webseite wurde mit gr\u00f6\u00dfter Sorgfalt erstellt und wird regelm\u00e4\u00dfig aktualisiert. VIRIDAXIS SA haftet nicht f\u00fcr etwaige Sch\u00e4den infolge von Ungenauigkeiten und\/oder Unzul\u00e4nglichkeiten auf dieser Webseite. Ebenso wenig haftet VIRIDAXIS SA f\u00fcr Sch\u00e4den an Computerhardware oder \u2013software, &hellip; <a href=\"https:\/\/www.viridaxis.com\/de\/haftung-und-rechte\" class=\"icoPlus\"><img loading=\"lazy\" src=\"https:\/\/www.viridaxis.com\/wp-content\/themes\/viridaxis\/images\/ico_plus.png\" border=\"0\" width=\"23\" height=\"23\" border=\"0\" \/><\/a><\/p>\n","protected":false},"author":1,"featured_media":0,"parent":0,"menu_order":0,"comment_status":"open","ping_status":"open","template":"","meta":{"ngg_post_thumbnail":0},"acf":[],"_links":{"self":[{"href":"https:\/\/www.viridaxis.com\/de\/wp-json\/wp\/v2\/pages\/977"}],"collection":[{"href":"https:\/\/www.viridaxis.com\/de\/wp-json\/wp\/v2\/pages"}],"about":[{"href":"https:\/\/www.viridaxis.com\/de\/wp-json\/wp\/v2\/types\/page"}],"author":[{"embeddable":true,"href":"https:\/\/www.viridaxis.com\/de\/wp-json\/wp\/v2\/users\/1"}],"replies":[{"embeddable":true,"href":"https:\/\/www.viridaxis.com\/de\/wp-json\/wp\/v2\/comments?post=977"}],"version-history":[{"count":3,"href":"https:\/\/www.viridaxis.com\/de\/wp-json\/wp\/v2\/pages\/977\/revisions"}],"predecessor-version":[{"id":1571,"href":"https:\/\/www.viridaxis.com\/de\/wp-json\/wp\/v2\/pages\/977\/revisions\/1571"}],"wp:attachment":[{"href":"https:\/\/www.viridaxis.com\/de\/wp-json\/wp\/v2\/media?parent=977"}],"curies":[{"name":"wp","href":"https:\/\/api.w.org\/{rel}","templated":true}]}}