{"id":90,"date":"2011-12-15T13:18:06","date_gmt":"2011-12-15T13:18:06","guid":{"rendered":"https:\/\/www.viridaxis.com\/?page_id=90"},"modified":"2012-05-21T11:37:57","modified_gmt":"2012-05-21T11:37:57","slug":"home","status":"publish","type":"page","link":"https:\/\/www.viridaxis.com\/de","title":{"rendered":"home"},"content":{"rendered":"<h1>Viridaxis<\/h1>\n<h2>Blattlausbek\u00e4mpfung mit N\u00fctzlingen<\/h2>\n<p>Viridaxis stellt Schlupfwespen (nat\u00fcrliche Feinde der Blattl\u00e4use) her. Der Produktionsproze\u03b2 basiert auf einem einzigartigen pflanzenlosen Prozess. Unsere Produkte sind f\u00fcr ihre Zuverl\u00e4ssigkeit und hervorragende Qualit\u00e4t bekannt, und unsere L\u00f6sungen konzentrieren sich stets auf den Anbauer.<\/p>\n<p><img loading=\"lazy\" class=\"alignnone size-full wp-image-83\" title=\"Home_image\" src=\"https:\/\/www.viridaxis.com\/wp-content\/uploads\/2011\/12\/Home_image.jpg\" alt=\"\" width=\"240\" height=\"134\" \/><\/p>\n","protected":false},"excerpt":{"rendered":"<p>Viridaxis Blattlausbek\u00e4mpfung mit N\u00fctzlingen Viridaxis stellt Schlupfwespen (nat\u00fcrliche Feinde der Blattl\u00e4use) her. Der Produktionsproze\u03b2 basiert auf einem einzigartigen pflanzenlosen Prozess. Unsere Produkte sind f\u00fcr ihre Zuverl\u00e4ssigkeit und hervorragende Qualit\u00e4t bekannt, und unsere L\u00f6sungen konzentrieren sich stets auf den Anbauer.<\/p>\n","protected":false},"author":1,"featured_media":0,"parent":0,"menu_order":0,"comment_status":"open","ping_status":"open","template":"","meta":{"ngg_post_thumbnail":0},"acf":[],"_links":{"self":[{"href":"https:\/\/www.viridaxis.com\/de\/wp-json\/wp\/v2\/pages\/90"}],"collection":[{"href":"https:\/\/www.viridaxis.com\/de\/wp-json\/wp\/v2\/pages"}],"about":[{"href":"https:\/\/www.viridaxis.com\/de\/wp-json\/wp\/v2\/types\/page"}],"author":[{"embeddable":true,"href":"https:\/\/www.viridaxis.com\/de\/wp-json\/wp\/v2\/users\/1"}],"replies":[{"embeddable":true,"href":"https:\/\/www.viridaxis.com\/de\/wp-json\/wp\/v2\/comments?post=90"}],"version-history":[{"count":5,"href":"https:\/\/www.viridaxis.com\/de\/wp-json\/wp\/v2\/pages\/90\/revisions"}],"predecessor-version":[{"id":967,"href":"https:\/\/www.viridaxis.com\/de\/wp-json\/wp\/v2\/pages\/90\/revisions\/967"}],"wp:attachment":[{"href":"https:\/\/www.viridaxis.com\/de\/wp-json\/wp\/v2\/media?parent=90"}],"curies":[{"name":"wp","href":"https:\/\/api.w.org\/{rel}","templated":true}]}}