{"id":737,"date":"2012-01-31T08:39:42","date_gmt":"2012-01-31T08:39:42","guid":{"rendered":"https:\/\/www.viridaxis.com\/?page_id=737"},"modified":"2016-03-09T15:53:58","modified_gmt":"2016-03-09T15:53:58","slug":"ornaprotect","status":"publish","type":"page","link":"https:\/\/www.viridaxis.com\/de\/viridaxis-xprotect\/ornaprotect","title":{"rendered":"OrnaProtect"},"content":{"rendered":"<h1>OrnaProtect <strong>&#8211; f\u00fcr Blattlausbek\u00e4mpfung im Zierpflanzenbau<\/strong><\/h1>\n<h4>OrnaProtect f\u00fc weniger Arbeits- und Zeitaufwand im Pflanzenschutz.<\/h4>\n<p>\n<style type=\"text\/css\">\n  div#slider { width: 370px !important;height: 276px !important; }\n  div#slider_container .nivo_slider .nivo-controlNav { width: 370px !important; }\n  div#slider_container .nivo-controlNav img { height: 75px; }\n<\/style>\n<div id=\"slider_container\" class=\"nivo_slider_container nivo_slider_center nivo_slider_controlNavImages\">\n  <div id=\"slider\" class=\"nivo_slider\">\n    <img src=\"https:\/\/www.viridaxis.com\/wp-content\/gallery\/ornaprotect\/orna-rosier.jpg\" class=\"nivo_image\" alt=\"nivo slider image\" \/>\n    <img src=\"https:\/\/www.viridaxis.com\/wp-content\/gallery\/ornaprotect\/orna-14.jpg\" class=\"nivo_image\" alt=\"nivo slider image\" \/>\n    <img src=\"https:\/\/www.viridaxis.com\/wp-content\/gallery\/ornaprotect\/dsc00857.jpg\" class=\"nivo_image\" alt=\"nivo slider image\" \/>\n    <img src=\"https:\/\/www.viridaxis.com\/wp-content\/gallery\/ornaprotect\/orna-dsc07757.jpg\" class=\"nivo_image\" alt=\"nivo slider image\" \/>\n    <img src=\"https:\/\/www.viridaxis.com\/wp-content\/gallery\/ornaprotect\/dsc00481.jpg\" class=\"nivo_image\" alt=\"nivo slider image\" \/>\n    <img src=\"https:\/\/www.viridaxis.com\/wp-content\/gallery\/ornaprotect\/orna-dsc06271.jpg\" class=\"nivo_image\" alt=\"nivo slider image\" \/>\n  <\/div>\n<img src=\"\/wp-content\/themes\/viridaxis\/images\/gallery-border.png\" class=\"galleryBorder\"><\/div>\n<script type=\"text\/javascript\">\n  jQuery(window).load(function() {\n    jQuery('div#slider').nivoSlider({controlNavThumbs: true});\n    JJNGGUtils.wordpressThumbs('slider', true);\n    jQuery('div#slider div.nivo-controlNav').css('visibility', 'visible');\n  });\n<\/script>\n<br \/>\n<div class=\"colsLeft\">\n<p><div class=\"btnDiscoverTheVideo\"><a class=\"fancybox\" href=\"\/wp-content\/themes\/viridaxis\/page-video-de.html\">Entdecken Sie das Video<br><span>Wie funktioniert es?<\/span><\/a><\/div>\r\n\r\n\r\n<script type=\"text\/javascript\">\r\njQuery(function(){\r\njQuery('.fancybox').fancybox(\r\n{\r\n\t\t\t'width'         \t\t: 600,\r\n\t\t\t'height'        \t\t: 500,\r\n}\r\n);\r\n});\r\n<\/script><\/div><\/p>\n<div class=\"colsRight\">\n<p><div class=\"btnDownloadPDF\"><a href=\"\/wp-content\/uploads\/ornaprotect-deu.pdf\" target=\"_blank\">Produktblatt<br>Download PDF<\/a><\/div><\/p>\n<p><div class=\"btnContactUs\"><a href=\"\/de\/bei-einem-handler?product=OrnaProtect\">Vertrieb<\/a><\/div><img loading=\"lazy\" class=\"alignnone size-full wp-image-2144\" title=\"vorbeugend\" src=\"https:\/\/www.viridaxis.com\/wp-content\/uploads\/vorbeugend.jpg\" alt=\"\" width=\"153\" height=\"166\" \/><\/p>\n<hr \/>\n<h2>Vorteile<\/h2>\n<ul>\n<li>Sch\u00fctzt Zierpflanzenkulturen vor Blattl\u00e4usen<\/li>\n<li>Ideal f\u00fcr gemischte Zierpflanzenkulturen<\/li>\n<li>Blattl\u00e4use m\u00fcssen nicht bestimmt werden<\/li>\n<li>Keine Resistenzbildung<\/li>\n<li>Weniger Arbeits- und Zeitaufwand f\u00fcr Pflanzenschutz<\/li>\n<li>Reduziert den Einsatz von Pestiziden im Integrierten Pflanzenschutz<\/li>\n<li>Einfache Integration in chemische Pflanzenschutzprogramme<\/li>\n<li>Lang anhaltende Wirkung in breitem Temperaturbereich<\/li>\n<li>Gleichbleibend zuverl\u00e4ssige Qualit\u00e4t<\/li>\n<li>Schnelle und einfache Anwendung<\/li>\n<li>Keine negativen Auswirkungen auf Menschen, Pflanzen und Naturhaushalt<\/li>\n<\/ul>\n<hr \/>\n<h2>Zielkulturen<\/h2>\n<p>Gemischte Zierpflanzen (z. B. Begonien, Chrysanthemen, Cyclamen, Gerbera, Hortensien)<\/p>\n<h2>Erfahrung<\/h2>\n<p>Im Zierpflanzenanbau ist die Toleranz gegen\u00fcber Blattl\u00e4usen an der Verkaufsware sehr gering und die chemische Bek\u00e4mpfung der Blattl\u00e4use wird aufgrund zunehmender Multiresistenzen gegen\u00fcber Insektiziden immer schwieriger. OrnaProtect ist eine nat\u00fcrliche Methode der Sch\u00e4dlingsbek\u00e4mpfung und bietet durch den vorbeugenden Einsatz nat\u00fcrlicher Feinde der Blattl\u00e4use eine L\u00f6sung dieser Probleme. Es bek\u00e4mpft alle g\u00e4ngigen Blattlausarten im Zierpflanzenanbau w\u00e4hrend der gesamten Kulturdauer, und seine Ausbringung ist einfacher und schneller als der Einsatz von Pestiziden.<\/p>\n<p>OrnaProtect wird in vielen Blumensorten wie Begonien, Chrysanthemen, Cyclamen, Gerbera und Hortensien, in verschiedenen Produktionssystemen, in Topfpflanzen und Schnittblumen in vielen L\u00e4ndern Europas eingesetzt. Es gew\u00e4hrleistet eine effiziente Bek\u00e4mpfung der Blattlauspopulationen und spart dank einfacher und schneller Anwendung viel Arbeits- und Zeitaufwand.<\/p>\n<p><a href=\"https:\/\/www.viridaxis.com\/wp-content\/uploads\/viridaxis_iscp_gent2012.pdf\"> Siehe Versuchergebnisse (ISCP conference, Gent 2012)<\/a><\/p>\n\n<p><strong>Wichtig!<\/strong><\/p>\n<p><strong>Verwenden Sie ausschlie\u00dflich Produkte, deren Einsatz in Ihrem Land und in der Kultur gestattet ist. Beachten Sie die lokalen gesetzlichen Zulassungsbestimmungen. <\/strong><\/p>\n<p><strong><\/strong><br \/>\n<strong>F\u00fcr unsachgem\u00e4\u00dfe Anwendungen \u00fcbernimmt Viridaxis keine Haftung.<\/strong><\/p>\n<\/div><br clear=\"all\"\/>\n","protected":false},"excerpt":{"rendered":"<p>OrnaProtect &#8211; f\u00fcr Blattlausbek\u00e4mpfung im Zierpflanzenbau OrnaProtect f\u00fc weniger Arbeits- und Zeitaufwand im Pflanzenschutz.<\/p>\n","protected":false},"author":1,"featured_media":0,"parent":623,"menu_order":4,"comment_status":"closed","ping_status":"closed","template":"","meta":{"ngg_post_thumbnail":0},"acf":[],"_links":{"self":[{"href":"https:\/\/www.viridaxis.com\/de\/wp-json\/wp\/v2\/pages\/737"}],"collection":[{"href":"https:\/\/www.viridaxis.com\/de\/wp-json\/wp\/v2\/pages"}],"about":[{"href":"https:\/\/www.viridaxis.com\/de\/wp-json\/wp\/v2\/types\/page"}],"author":[{"embeddable":true,"href":"https:\/\/www.viridaxis.com\/de\/wp-json\/wp\/v2\/users\/1"}],"replies":[{"embeddable":true,"href":"https:\/\/www.viridaxis.com\/de\/wp-json\/wp\/v2\/comments?post=737"}],"version-history":[{"count":15,"href":"https:\/\/www.viridaxis.com\/de\/wp-json\/wp\/v2\/pages\/737\/revisions"}],"predecessor-version":[{"id":4322,"href":"https:\/\/www.viridaxis.com\/de\/wp-json\/wp\/v2\/pages\/737\/revisions\/4322"}],"up":[{"embeddable":true,"href":"https:\/\/www.viridaxis.com\/de\/wp-json\/wp\/v2\/pages\/623"}],"wp:attachment":[{"href":"https:\/\/www.viridaxis.com\/de\/wp-json\/wp\/v2\/media?parent=737"}],"curies":[{"name":"wp","href":"https:\/\/api.w.org\/{rel}","templated":true}]}}