{"id":734,"date":"2012-01-31T08:35:52","date_gmt":"2012-01-31T08:35:52","guid":{"rendered":"https:\/\/www.viridaxis.com\/?page_id=734"},"modified":"2016-03-09T15:43:51","modified_gmt":"2016-03-09T15:43:51","slug":"basilprotect","status":"publish","type":"page","link":"https:\/\/www.viridaxis.com\/de\/viridaxis-xprotect\/basilprotect","title":{"rendered":"BasilProtect"},"content":{"rendered":"<h1>BasilProtect <strong>&#8211; f\u00fcr Blattlausbek\u00e4mpfung in Kr\u00e4utern<\/strong><\/h1>\n<h4>Im gesch\u00fctzten Kr\u00e4uteranbau ist BasilProtect die optimale L\u00f6sung f\u00fcr die Blattlausbek\u00e4mpfung.<\/h4>\n<p>\n<style type=\"text\/css\">\n  div#slider { width: 370px !important;height: 276px !important; }\n  div#slider_container .nivo_slider .nivo-controlNav { width: 370px !important; }\n  div#slider_container .nivo-controlNav img { height: 75px; }\n<\/style>\n<div id=\"slider_container\" class=\"nivo_slider_container nivo_slider_center nivo_slider_controlNavImages\">\n  <div id=\"slider\" class=\"nivo_slider\">\n    <img src=\"https:\/\/www.viridaxis.com\/wp-content\/gallery\/basilprotect\/basil_glass.jpg\" class=\"nivo_image\" alt=\"nivo slider image\" \/>\n    <img src=\"https:\/\/www.viridaxis.com\/wp-content\/gallery\/basilprotect\/basil-dsc07430.jpg\" class=\"nivo_image\" alt=\"nivo slider image\" \/>\n    <img src=\"https:\/\/www.viridaxis.com\/wp-content\/gallery\/basilprotect\/basil-3.jpg\" class=\"nivo_image\" alt=\"nivo slider image\" \/>\n    <img src=\"https:\/\/www.viridaxis.com\/wp-content\/gallery\/basilprotect\/basil-img_1519.jpg\" class=\"nivo_image\" alt=\"nivo slider image\" \/>\n    <img src=\"https:\/\/www.viridaxis.com\/wp-content\/gallery\/basilprotect\/basil-dsc07503.jpg\" class=\"nivo_image\" alt=\"nivo slider image\" \/>\n    <img src=\"https:\/\/www.viridaxis.com\/wp-content\/gallery\/basilprotect\/basil-dsc07435.jpg\" class=\"nivo_image\" alt=\"nivo slider image\" \/>\n  <\/div>\n<img src=\"\/wp-content\/themes\/viridaxis\/images\/gallery-border.png\" class=\"galleryBorder\"><\/div>\n<script type=\"text\/javascript\">\n  jQuery(window).load(function() {\n    jQuery('div#slider').nivoSlider({controlNavThumbs: true});\n    JJNGGUtils.wordpressThumbs('slider', true);\n    jQuery('div#slider div.nivo-controlNav').css('visibility', 'visible');\n  });\n<\/script>\n<br \/>\n<div class=\"colsLeft\"><div class=\"btnDiscoverTheVideo\"><a class=\"fancybox\" href=\"\/wp-content\/themes\/viridaxis\/page-video-de.html\">Entdecken Sie das Video<br><span>Wie funktioniert es?<\/span><\/a><\/div>\r\n\r\n\r\n<script type=\"text\/javascript\">\r\njQuery(function(){\r\njQuery('.fancybox').fancybox(\r\n{\r\n\t\t\t'width'         \t\t: 600,\r\n\t\t\t'height'        \t\t: 500,\r\n}\r\n);\r\n});\r\n<\/script> <\/div><\/p>\n<div class=\"colsRight\">\n<p><div class=\"btnDownloadPDF\"><a href=\"\/wp-content\/uploads\/basilprotect-deu.pdf\" target=\"_blank\">Produktblatt<br>Download PDF<\/a><\/div><\/p>\n<p><div class=\"btnContactUs\"><a href=\"\/de\/bei-einem-handler?product=BasilProtect\">Vertrieb<\/a><\/div><img loading=\"lazy\" class=\"alignnone size-full wp-image-2144\" title=\"vorbeugend\" src=\"https:\/\/www.viridaxis.com\/wp-content\/uploads\/vorbeugend.jpg\" alt=\"\" width=\"153\" height=\"166\" \/><\/p>\n<hr \/>\n<h2>Vorteile<\/h2>\n<ul>\n<li>Sch\u00fctzt Kr\u00e4uterkulturen vor Blattl\u00e4usen<\/li>\n<li>Blattl\u00e4use m\u00fcssen nicht bestimmt werden<\/li>\n<li>Keine Resistenzbildung<\/li>\n<li>Keine Wartezeit vor der Ernte oder dem Verkauf der Pflanzen<\/li>\n<li>Ersetzt chemische Blattlausbek\u00e4mpfung, daher weniger R\u00fcckst\u00e4nde im Integrierten Pflanzenschutz<\/li>\n<li>Komplement\u00e4r zu anderen Strategien des Pflanzenschutzes<\/li>\n<li>Lang anhaltende Wirkung in breitem Temperaturbereich<\/li>\n<li>Gleichbleibend zuverl\u00e4ssige Qualit\u00e4t<\/li>\n<li>Schnelle und einfache Anwendung<\/li>\n<li>Keine negativen Auswirkungen auf Menschen, Pflanzen und Naturhaushalt<\/li>\n<\/ul>\n<hr \/>\n<h2>Zielkulturen<\/h2>\n<p>Kr\u00e4uter (unter anderem Basilikum, Pfefferminze, Salbei, Thymian und Dill)<\/p>\n<h2>Erfahrung<\/h2>\n<p>F\u00fcr Produzenten von Kr\u00e4utern in gesch\u00fctzten Kulturen ist BasilProtect die optimale L\u00f6sung f\u00fcr die Blattlausbek\u00e4mpfung. F\u00fcr Kr\u00e4uterkulturen stehen nur relativ wenige chemische Sch\u00e4dlingsbek\u00e4mpfungsmittel zur Verf\u00fcgung, und bislang bek\u00e4mpften biologische L\u00f6sungen nur ein begrenztes Spektrum der Blattlausarten. BasilProtect f\u00fcllt diese L\u00fccke, da es sechs verschiedene Arten der nat\u00fcrlichen Feinde der Blattl\u00e4use kombiniert. Diese Mischung bek\u00e4mpft alle g\u00e4ngigen Blattl\u00e4use. Seine Anwendung in gebrauchsfertigen Einheiten ist viel schneller und einfacher als chemische Methoden.<\/p>\n<p>BasilProtect wird in verschiedenen Produktionssystemen eingesetzt, in Topf- und Schnittkr\u00e4utern, und in vielen Kr\u00e4utersorten wie Basilikum, Pfefferminze, Salbei, Thymian und Dill. Es gew\u00e4hrleistet eine effiziente Bek\u00e4mpfung der Blattlauspopulationen einschlie\u00dflich der Minzeblattlaus (<em>Ovatus crataegarius<\/em>), der Gr\u00fcnstreifigen Kartoffelblattlaus (<em>Macrosiphum euphorbiae<\/em>) und der Gr\u00fcnfleckigen Kartoffelblattlaus (<em>Aulacorthum solani<\/em>).<\/p>\n\n<p><strong>Wichtig!<\/strong><\/p>\n<p><strong>Verwenden Sie ausschlie\u00dflich Produkte, deren Einsatz in Ihrem Land und in der Kultur gestattet ist. Beachten Sie die lokalen gesetzlichen Zulassungsbestimmungen. <\/strong><\/p>\n<p><strong><\/strong><br \/>\n<strong>F\u00fcr unsachgem\u00e4\u00dfe Anwendungen \u00fcbernimmt Viridaxis keine Haftung.<\/strong><\/p>\n<\/div><br clear=\"all\"\/>\n","protected":false},"excerpt":{"rendered":"<p>BasilProtect &#8211; f\u00fcr Blattlausbek\u00e4mpfung in Kr\u00e4utern Im gesch\u00fctzten Kr\u00e4uteranbau ist BasilProtect die optimale L\u00f6sung f\u00fcr die Blattlausbek\u00e4mpfung.<\/p>\n","protected":false},"author":1,"featured_media":0,"parent":623,"menu_order":3,"comment_status":"closed","ping_status":"closed","template":"","meta":{"ngg_post_thumbnail":0},"acf":[],"_links":{"self":[{"href":"https:\/\/www.viridaxis.com\/de\/wp-json\/wp\/v2\/pages\/734"}],"collection":[{"href":"https:\/\/www.viridaxis.com\/de\/wp-json\/wp\/v2\/pages"}],"about":[{"href":"https:\/\/www.viridaxis.com\/de\/wp-json\/wp\/v2\/types\/page"}],"author":[{"embeddable":true,"href":"https:\/\/www.viridaxis.com\/de\/wp-json\/wp\/v2\/users\/1"}],"replies":[{"embeddable":true,"href":"https:\/\/www.viridaxis.com\/de\/wp-json\/wp\/v2\/comments?post=734"}],"version-history":[{"count":16,"href":"https:\/\/www.viridaxis.com\/de\/wp-json\/wp\/v2\/pages\/734\/revisions"}],"predecessor-version":[{"id":4305,"href":"https:\/\/www.viridaxis.com\/de\/wp-json\/wp\/v2\/pages\/734\/revisions\/4305"}],"up":[{"embeddable":true,"href":"https:\/\/www.viridaxis.com\/de\/wp-json\/wp\/v2\/pages\/623"}],"wp:attachment":[{"href":"https:\/\/www.viridaxis.com\/de\/wp-json\/wp\/v2\/media?parent=734"}],"curies":[{"name":"wp","href":"https:\/\/api.w.org\/{rel}","templated":true}]}}