{"id":732,"date":"2012-01-31T08:32:00","date_gmt":"2012-01-31T08:32:00","guid":{"rendered":"https:\/\/www.viridaxis.com\/?page_id=732"},"modified":"2016-03-09T15:49:04","modified_gmt":"2016-03-09T15:49:04","slug":"verdaprotect","status":"publish","type":"page","link":"https:\/\/www.viridaxis.com\/de\/viridaxis-xprotect\/verdaprotect","title":{"rendered":"VerdaProtect"},"content":{"rendered":"<h1>VerdaProtect &#8211; f\u00fcr Blattlausbek\u00e4mpfung im Gem\u00fcseanbau<\/h1>\n<h4>Einfachere, schnellere und sicherere Ausbringung als der Einsatz von Pestiziden.<\/h4>\n<p>\n<style type=\"text\/css\">\n  div#slider { width: 370px !important;height: 276px !important; }\n  div#slider_container .nivo_slider .nivo-controlNav { width: 370px !important; }\n  div#slider_container .nivo-controlNav img { height: 75px; }\n<\/style>\n<div id=\"slider_container\" class=\"nivo_slider_container nivo_slider_center nivo_slider_controlNavImages\">\n  <div id=\"slider\" class=\"nivo_slider\">\n    <img src=\"https:\/\/www.viridaxis.com\/wp-content\/gallery\/verdaprotect\/verda-25.jpg\" class=\"nivo_image\" alt=\"nivo slider image\" \/>\n    <img src=\"https:\/\/www.viridaxis.com\/wp-content\/gallery\/verdaprotect\/mixed_veg_0.jpg\" class=\"nivo_image\" alt=\"nivo slider image\" \/>\n    <img src=\"https:\/\/www.viridaxis.com\/wp-content\/gallery\/verdaprotect\/cucumbers_0.jpg\" class=\"nivo_image\" alt=\"nivo slider image\" \/>\n    <img src=\"https:\/\/www.viridaxis.com\/wp-content\/gallery\/verdaprotect\/verda-dsc07829.jpg\" class=\"nivo_image\" alt=\"nivo slider image\" \/>\n    <img src=\"https:\/\/www.viridaxis.com\/wp-content\/gallery\/verdaprotect\/verda-dsc07830.jpg\" class=\"nivo_image\" alt=\"nivo slider image\" \/>\n    <img src=\"https:\/\/www.viridaxis.com\/wp-content\/gallery\/verdaprotect\/4_0.jpg\" class=\"nivo_image\" alt=\"nivo slider image\" \/>\n  <\/div>\n<img src=\"\/wp-content\/themes\/viridaxis\/images\/gallery-border.png\" class=\"galleryBorder\"><\/div>\n<script type=\"text\/javascript\">\n  jQuery(window).load(function() {\n    jQuery('div#slider').nivoSlider({controlNavThumbs: true});\n    JJNGGUtils.wordpressThumbs('slider', true);\n    jQuery('div#slider div.nivo-controlNav').css('visibility', 'visible');\n  });\n<\/script>\n<br \/>\n<div class=\"colsLeft\">\n<p><div class=\"btnDiscoverTheVideo\"><a class=\"fancybox\" href=\"\/wp-content\/themes\/viridaxis\/page-video-de.html\">Entdecken Sie das Video<br><span>Wie funktioniert es?<\/span><\/a><\/div>\r\n\r\n\r\n<script type=\"text\/javascript\">\r\njQuery(function(){\r\njQuery('.fancybox').fancybox(\r\n{\r\n\t\t\t'width'         \t\t: 600,\r\n\t\t\t'height'        \t\t: 500,\r\n}\r\n);\r\n});\r\n<\/script><\/div><\/p>\n<div class=\"colsRight\">\n<p><div class=\"btnDownloadPDF\"><a href=\"\/wp-content\/uploads\/verdaprotect-deu.pdf\" target=\"_blank\">Produktblatt<br>Download PDF<\/a><\/div><\/p>\n<p><div class=\"btnContactUs\"><a href=\"\/de\/bei-einem-handler?product=VerdaProtect\">Vertrieb<\/a><\/div><img loading=\"lazy\" class=\"alignnone size-full wp-image-2144\" title=\"vorbeugend\" src=\"https:\/\/www.viridaxis.com\/wp-content\/uploads\/vorbeugend.jpg\" alt=\"\" width=\"153\" height=\"166\" \/><\/p>\n<h2>Vorteile<\/h2>\n<hr \/>\n<ul>\n<li>Sch\u00fctzt Gem\u00fcsekulturen vor Blattl\u00e4usen<\/li>\n<li>Ideal f\u00fcr gemischte Gem\u00fcsekulturen<\/li>\n<li>Blattl\u00e4use m\u00fcssen nicht bestimmt werden<\/li>\n<li>Keine Resistenzbildung m\u00f6glich<\/li>\n<li>Keine Wartezeit vor der Ernte<\/li>\n<li>Ersetzt chemische Blattlausbek\u00e4mpfung, daher weniger R\u00fcckst\u00e4nde im Integrierten Pflanzenschutz<\/li>\n<li>Einfache Integration in chemische Pflanzenschutzprogramme<\/li>\n<li>Lang anhaltende Wirkung in breitem Temperaturbereich<\/li>\n<li>Gleichbleibend zuverl\u00e4ssige Qualit\u00e4t<\/li>\n<li>Schnelle und einfache Anwendung<\/li>\n<li>Keine negativen Auswirkungen auf Menschen, Pflanzen und Naturhaushalt<\/li>\n<\/ul>\n<hr \/>\n<h2>Zielkulturen<\/h2>\n<p>Gemischte Gem\u00fcsekulturen (Paprika, Aubergine, Gurke, Tomate)<\/p>\n<h2>Erfahrung<\/h2>\n<p>Die Anzahl der zugelassenen chemischen Pestizide und die R\u00fcckstandsh\u00f6chstmengen im Gem\u00fcseanbau werden weiterhin verringert werden. Dar\u00fcberhinaus wird die chemische Bek\u00e4mpfung der Blattl\u00e4use aufgrund zunehmender Multiresistenzen gegen\u00fcber Insektiziden immer schwieriger. VerdaProtect bietet durch den Einsatz nat\u00fcrlicher Blattlausfeinde eine L\u00f6sung all dieser Probleme. Es bek\u00e4mpft alle g\u00e4ngigen Blattlausarten im Gem\u00fcseanbau, und seine Ausbringung ist einfacher und schneller als der Einsatz von Pestiziden.<\/p>\n<p>VerdaProtect wird in verschiedenen europ\u00e4ischen L\u00e4ndern eingesetzt. Es bek\u00e4mpft effizient die Blattlauspopulationen einschlie\u00dflich der Baumwollblattlaus (<em>Aphis gossypii<\/em>), der Gr\u00fcnstreifigen Kartoffelblattlaus (<em>Macrosiphum euphorbiae<\/em>) und der Gr\u00fcnfleckigen Kartoffelblattlaus (<em>Aulacorthum solani<\/em>) in gemischten Gem\u00fcsekulturen wie Paprika, Aubergine und Gurke.<\/p>\n<p><strong>Wichtig!<\/strong><\/p>\n<p><strong>Verwenden Sie ausschlie\u00dflich Produkte, deren Einsatz in Ihrem Land und in der Kultur gestattet ist. Beachten Sie die lokalen gesetzlichen Zulassungsbestimmungen. <\/strong><\/p>\n<p><strong><\/strong><br \/>\n<strong>F\u00fcr unsachgem\u00e4\u00dfe Anwendungen \u00fcbernimmt Viridaxis keine Haftung.<\/strong><\/p>\n\n<\/div><br clear=\"all\"\/>\n","protected":false},"excerpt":{"rendered":"<p>VerdaProtect &#8211; f\u00fcr Blattlausbek\u00e4mpfung im Gem\u00fcseanbau Einfachere, schnellere und sicherere Ausbringung als der Einsatz von Pestiziden.<\/p>\n","protected":false},"author":1,"featured_media":0,"parent":623,"menu_order":2,"comment_status":"closed","ping_status":"closed","template":"","meta":{"ngg_post_thumbnail":0},"acf":[],"_links":{"self":[{"href":"https:\/\/www.viridaxis.com\/de\/wp-json\/wp\/v2\/pages\/732"}],"collection":[{"href":"https:\/\/www.viridaxis.com\/de\/wp-json\/wp\/v2\/pages"}],"about":[{"href":"https:\/\/www.viridaxis.com\/de\/wp-json\/wp\/v2\/types\/page"}],"author":[{"embeddable":true,"href":"https:\/\/www.viridaxis.com\/de\/wp-json\/wp\/v2\/users\/1"}],"replies":[{"embeddable":true,"href":"https:\/\/www.viridaxis.com\/de\/wp-json\/wp\/v2\/comments?post=732"}],"version-history":[{"count":12,"href":"https:\/\/www.viridaxis.com\/de\/wp-json\/wp\/v2\/pages\/732\/revisions"}],"predecessor-version":[{"id":4313,"href":"https:\/\/www.viridaxis.com\/de\/wp-json\/wp\/v2\/pages\/732\/revisions\/4313"}],"up":[{"embeddable":true,"href":"https:\/\/www.viridaxis.com\/de\/wp-json\/wp\/v2\/pages\/623"}],"wp:attachment":[{"href":"https:\/\/www.viridaxis.com\/de\/wp-json\/wp\/v2\/media?parent=732"}],"curies":[{"name":"wp","href":"https:\/\/api.w.org\/{rel}","templated":true}]}}