{"id":729,"date":"2012-01-31T08:28:25","date_gmt":"2012-01-31T08:28:25","guid":{"rendered":"https:\/\/www.viridaxis.com\/?page_id=729"},"modified":"2016-03-09T15:38:28","modified_gmt":"2016-03-09T15:38:28","slug":"berryprotect","status":"publish","type":"page","link":"https:\/\/www.viridaxis.com\/de\/viridaxis-xprotect\/berryprotect","title":{"rendered":"BerryProtect"},"content":{"rendered":"<h1>BerryProtect <strong>&#8211; f\u00fcr Blattlausbek\u00e4mpfung in Strauchbeeren<\/strong><\/h1>\n<h4>Es wird in verschiedenen Anbausystemen und f\u00fcr verschiedene Sorten von Himbeeren und andere Beerenobst eingestzt.<\/h4>\n<p>\n<style type=\"text\/css\">\n  div#slider { width: 370px !important;height: 276px !important; }\n  div#slider_container .nivo_slider .nivo-controlNav { width: 370px !important; }\n  div#slider_container .nivo-controlNav img { height: 75px; }\n<\/style>\n<div id=\"slider_container\" class=\"nivo_slider_container nivo_slider_center nivo_slider_controlNavImages\">\n  <div id=\"slider\" class=\"nivo_slider\">\n    <img src=\"https:\/\/www.viridaxis.com\/wp-content\/gallery\/berryprotect\/berry_tunnels.jpg\" class=\"nivo_image\" alt=\"nivo slider image\" \/>\n    <img src=\"https:\/\/www.viridaxis.com\/wp-content\/gallery\/berryprotect\/berry-8.jpg\" class=\"nivo_image\" alt=\"nivo slider image\" \/>\n    <img src=\"https:\/\/www.viridaxis.com\/wp-content\/gallery\/berryprotect\/berry-dsc07305.jpg\" class=\"nivo_image\" alt=\"nivo slider image\" \/>\n    <img src=\"https:\/\/www.viridaxis.com\/wp-content\/gallery\/berryprotect\/berry-dsc08287.jpg\" class=\"nivo_image\" alt=\"nivo slider image\" \/>\n    <img src=\"https:\/\/www.viridaxis.com\/wp-content\/gallery\/berryprotect\/img_1335.jpg\" class=\"nivo_image\" alt=\"nivo slider image\" \/>\n    <img src=\"https:\/\/www.viridaxis.com\/wp-content\/gallery\/berryprotect\/berry_glass.jpg\" class=\"nivo_image\" alt=\"nivo slider image\" \/>\n  <\/div>\n<img src=\"\/wp-content\/themes\/viridaxis\/images\/gallery-border.png\" class=\"galleryBorder\"><\/div>\n<script type=\"text\/javascript\">\n  jQuery(window).load(function() {\n    jQuery('div#slider').nivoSlider({controlNavThumbs: true});\n    JJNGGUtils.wordpressThumbs('slider', true);\n    jQuery('div#slider div.nivo-controlNav').css('visibility', 'visible');\n  });\n<\/script>\n<br \/>\n<div class=\"colsLeft\"><div class=\"btnDiscoverTheVideo\"><a class=\"fancybox\" href=\"\/wp-content\/themes\/viridaxis\/page-video-de.html\">Entdecken Sie das Video<br><span>Wie funktioniert es?<\/span><\/a><\/div>\r\n\r\n\r\n<script type=\"text\/javascript\">\r\njQuery(function(){\r\njQuery('.fancybox').fancybox(\r\n{\r\n\t\t\t'width'         \t\t: 600,\r\n\t\t\t'height'        \t\t: 500,\r\n}\r\n);\r\n});\r\n<\/script><\/div><\/p>\n<div class=\"colsRight\">\n<p><div class=\"btnDownloadPDF\"><a href=\"\/wp-content\/uploads\/berryprotect-deu.pdf\" target=\"_blank\">Produktblatt<br>Download PDF<\/a><\/div><\/p>\n<p><div class=\"btnContactUs\"><a href=\"\/de\/bei-einem-handler?product=BerryProtect\">Vertrieb<\/a><\/div><img loading=\"lazy\" class=\"alignnone size-full wp-image-2144\" title=\"vorbeugend\" src=\"https:\/\/www.viridaxis.com\/wp-content\/uploads\/vorbeugend.jpg\" alt=\"\" width=\"153\" height=\"166\" \/><\/p>\n<hr \/>\n<h2>Vorteile<\/h2>\n<ul>\n<li>Sch\u00fctzt Strauchbeerenkulturen vor Blattl\u00e4usen<\/li>\n<li>Blattl\u00e4use m\u00fcssen nicht bestimmt werden<\/li>\n<li>Keine Resistenzbildung m\u00f6glich<\/li>\n<li>Keine Wartezeit vor der Ernte<\/li>\n<li>Ersetzt chemische Blattlausbek\u00e4mpfung, daher weniger R\u00fcckst\u00e4nde im Integrierten Pflanzenschutz<\/li>\n<li>Einfache Integration in chemische Pflanzenschutzprogramme<\/li>\n<li>Lang anhaltende Wirkung in breitem Temperaturbereich<\/li>\n<li>Gleichbleibend zuverl\u00e4ssige Qualit\u00e4t<\/li>\n<li>Schnelle und einfache Anwendung<\/li>\n<li>Keine negativen Auswirkungen auf Menschen, Pflanzen und Naturhaushalt<\/li>\n<\/ul>\n<hr \/>\n<h2>Zielkulturen<\/h2>\n<p>Himbeeren und andere Beerenobst<\/p>\n<h2>Erfahrung<\/h2>\n<p>BerryProtect wird seit mehreren Jahren europaweit auf vielen Hektar gesch\u00fctzter Strauchbeerenkulturen eingesetzt. Es wird in verschiedenen Anbausystemen (Boden- und Substratkulturen) und f\u00fcr verschiedene Sorten von Himbeeren, und andere Beerenobst angewendet.<\/p>\n<p>Das Produkt zeichnet sich durch einen hohen Anteil von <em>Praon volucre<\/em>, einem nat\u00fcrlichen Feind der Gro\u00dfen Himbeerblattlaus (<em>Amphorophora idaei<\/em>) aus. Diese Blattlaus kann Viren \u00fcbertragen, welche wiederum zu Ernteausfall und finanziellen Einbu\u03b2en f\u00fchren.<\/p>\n\n<p><strong>Wichtig!<\/strong><\/p>\n<p><strong>Verwenden Sie ausschlie\u00dflich Produkte, deren Einsatz in Ihrem Land und in der Kultur gestattet ist. Beachten Sie die lokalen gesetzlichen Zulassungsbestimmungen. <\/strong><\/p>\n<p><strong><\/strong><br \/>\n<strong>F\u00fcr unsachgem\u00e4\u00dfe Anwendungen \u00fcbernimmt Viridaxis keine Haftung.<\/strong><\/p>\n<\/div><br clear=\"all\"\/>\n","protected":false},"excerpt":{"rendered":"<p>BerryProtect &#8211; f\u00fcr Blattlausbek\u00e4mpfung in Strauchbeeren Es wird in verschiedenen Anbausystemen und f\u00fcr verschiedene Sorten von Himbeeren und andere Beerenobst eingestzt.<\/p>\n","protected":false},"author":1,"featured_media":0,"parent":623,"menu_order":1,"comment_status":"closed","ping_status":"closed","template":"","meta":{"ngg_post_thumbnail":0},"acf":[],"_links":{"self":[{"href":"https:\/\/www.viridaxis.com\/de\/wp-json\/wp\/v2\/pages\/729"}],"collection":[{"href":"https:\/\/www.viridaxis.com\/de\/wp-json\/wp\/v2\/pages"}],"about":[{"href":"https:\/\/www.viridaxis.com\/de\/wp-json\/wp\/v2\/types\/page"}],"author":[{"embeddable":true,"href":"https:\/\/www.viridaxis.com\/de\/wp-json\/wp\/v2\/users\/1"}],"replies":[{"embeddable":true,"href":"https:\/\/www.viridaxis.com\/de\/wp-json\/wp\/v2\/comments?post=729"}],"version-history":[{"count":15,"href":"https:\/\/www.viridaxis.com\/de\/wp-json\/wp\/v2\/pages\/729\/revisions"}],"predecessor-version":[{"id":4298,"href":"https:\/\/www.viridaxis.com\/de\/wp-json\/wp\/v2\/pages\/729\/revisions\/4298"}],"up":[{"embeddable":true,"href":"https:\/\/www.viridaxis.com\/de\/wp-json\/wp\/v2\/pages\/623"}],"wp:attachment":[{"href":"https:\/\/www.viridaxis.com\/de\/wp-json\/wp\/v2\/media?parent=729"}],"curies":[{"name":"wp","href":"https:\/\/api.w.org\/{rel}","templated":true}]}}