{"id":717,"date":"2012-01-31T08:15:55","date_gmt":"2012-01-31T08:15:55","guid":{"rendered":"https:\/\/www.viridaxis.com\/?page_id=717"},"modified":"2012-05-21T13:29:38","modified_gmt":"2012-05-21T13:29:38","slug":"qualitatskontrolle","status":"publish","type":"page","link":"https:\/\/www.viridaxis.com\/de\/viridaxis\/qualitatskontrolle","title":{"rendered":"Qualit\u00e4tskontrolle"},"content":{"rendered":"<h1>Qualit\u00e4tskontrolle und Qualit\u00e4tssicherung<\/h1>\n<div class=\"colsLeft\">\n<p>Qualit\u00e4tskontrolle (QK) kann als ein Verfahren (oder eine Reihe von Verfahren) definiert werden, um sicherzustellen, dass ein hergestelltes Produkt ganz bestimmten Qualit\u00e4tskriterien gerecht wird \u2013 und letztendlich die Bed\u00fcrfnisse des Kunden erf\u00fcllt.<\/p>\n<p>Qualit\u00e4tssicherung (QS) versucht, die Produktion (und daran beteiligte Prozesse) zu verbessern und zu stabilisieren, um Probleme, die zu Defekten f\u00fchren k\u00f6nnen, von vornherein zu vermeiden oder weitestgehend auszuschlie\u00dfen.<\/p>\n<p>Viridaxis ist im Markt f\u00fcr seine hervorragende Qualit\u00e4t bekannt und kontrolliert unabl\u00e4ssig die Qualit\u00e4t der produzierten Schlupfwespen. Aber das ist noch lange nicht alles: Dank sorgf\u00e4ltiger QS sind wir in der Lage, das ganze Jahr \u00fcber Millionen von Schlupfwespen zu liefern, wenn traditionelle, tritrophe Produktionsprozesse ausfallen.<\/div><div class=\"colsRight\">\n<p>Unser Qualit\u00e4tsstandard entspricht den <a href=\"http:\/\/www.iobc-wprs.org\/\" target=\"_blank\">Kriterien der Internationalen Organisation f\u00fcr biologische und integrierte Sch\u00e4dlingsbek\u00e4mpfung<\/a> (<a href=\"http:\/\/www.iobc-wprs.org\/\" target=\"_blank\">IOBC<\/a>), aber unser oberstes Ziel ist es, die Anforderungen der Anbauer zu erf\u00fcllen und ihren Erwartungen in h\u00f6chstem Ma\u00dfe Gen\u00fcge zu tun.<\/p>\n<p>Von jeder Sendung, die unsere Produktion verl\u00e4sst, bewahren wir f\u00fcr mehrere Wochen ein Aliquot f\u00fcr Qualit\u00e4tstests auf, und alle Ergebnisse werden protokolliert.<\/p>\n<p>QK und QS sind nicht nur die Fundamente einer guten Gesch\u00e4ftspraxis, sondern sind auch ausschlaggebend f\u00fcr die Akzeptanz und Ausweitung der biologischen und integrierten Sch\u00e4dlingsbek\u00e4mpfung in der Landwirtschaft. Minderwertige Produkte sind nicht nur wenig effizient f\u00fcr den Anbauer, der sie anwendet, sondern schaden auch den globalen Bem\u00fchungen f\u00fcr eine nachhaltigere Agrarwirtschaft.<\/p>\n<p>Die Schl\u00fcsselkonzepte unserer t\u00e4glichen Qualit\u00e4tssicherung sind unter anderem Standardbetriebsverfahren, Klimakontrolle w\u00e4hrend Produktion und Transport, Kalibrierung, Prozesskontrolle, Produktkontrolle, Ertrag, Schlupfrate und R\u00fcckverfolgbarkeit.<\/div><br clear=\"all\"\/><br \/>\n<br clear=\"all\"><\/p>\n","protected":false},"excerpt":{"rendered":"<p>Qualit\u00e4tskontrolle und Qualit\u00e4tssicherung<\/p>\n","protected":false},"author":1,"featured_media":0,"parent":693,"menu_order":6,"comment_status":"open","ping_status":"closed","template":"onecolumn-page.php","meta":{"ngg_post_thumbnail":0},"acf":[],"_links":{"self":[{"href":"https:\/\/www.viridaxis.com\/de\/wp-json\/wp\/v2\/pages\/717"}],"collection":[{"href":"https:\/\/www.viridaxis.com\/de\/wp-json\/wp\/v2\/pages"}],"about":[{"href":"https:\/\/www.viridaxis.com\/de\/wp-json\/wp\/v2\/types\/page"}],"author":[{"embeddable":true,"href":"https:\/\/www.viridaxis.com\/de\/wp-json\/wp\/v2\/users\/1"}],"replies":[{"embeddable":true,"href":"https:\/\/www.viridaxis.com\/de\/wp-json\/wp\/v2\/comments?post=717"}],"version-history":[{"count":5,"href":"https:\/\/www.viridaxis.com\/de\/wp-json\/wp\/v2\/pages\/717\/revisions"}],"predecessor-version":[{"id":1619,"href":"https:\/\/www.viridaxis.com\/de\/wp-json\/wp\/v2\/pages\/717\/revisions\/1619"}],"up":[{"embeddable":true,"href":"https:\/\/www.viridaxis.com\/de\/wp-json\/wp\/v2\/pages\/693"}],"wp:attachment":[{"href":"https:\/\/www.viridaxis.com\/de\/wp-json\/wp\/v2\/media?parent=717"}],"curies":[{"name":"wp","href":"https:\/\/api.w.org\/{rel}","templated":true}]}}