{"id":715,"date":"2012-01-31T08:13:02","date_gmt":"2012-01-31T08:13:02","guid":{"rendered":"https:\/\/www.viridaxis.com\/?page_id=715"},"modified":"2012-05-21T13:29:13","modified_gmt":"2012-05-21T13:29:13","slug":"fe","status":"publish","type":"page","link":"https:\/\/www.viridaxis.com\/de\/viridaxis\/fe","title":{"rendered":"F&#038;E"},"content":{"rendered":"<h1>F&amp;E<\/h1>\n<div class=\"colsLeft\">\n<p>Viridaxis, der Spezialist f\u00fcr biologische Bek\u00e4mpfung von Blattl\u00e4usen, konzentriert sich auf die Entwicklung und Bereitstellung effizienter und einfacher Produkte und Methoden f\u00fcr den Agrarsektor. Unsere F&amp;E-Aktivit\u00e4ten umfassen die Grundlagenforschung zur Identifizierung der besten nat\u00fcrlichen Feinde der Blattl\u00e4use sowie die st\u00e4ndige Verbesserung unserer Massenproduktionstechnologien f\u00fcr die Marktimplementierung biologischer oder integrierter Pflanzenschutzstrategien.<\/p>\n<p>Mit der Markteinf\u00fchrung kulturspezifischer Produkte haben wir das Konzept neu definiert: Fr\u00fcher musste jeder Anbauer erst die angetroffenen Blattl\u00e4use identifizieren, um dann die wirkungsvollste Schlupfwespe auszuw\u00e4hlen.<br \/>\n<\/div><div class=\"colsRight\">\n<p>Dank der Verwendung eines Produktes aus unserem XxxProtect-Angebot entf\u00e4llt dieser schwierige Teil einer umweltfreundlichen Pflanzenschutzstrategie.<\/p>\n<p>Der Schl\u00fcssel f\u00fcr den Erfolg von Viridaxis ist permanente Investition in Forschung und Entwicklung, sei es in unserem eigenen Betrieb, in Zusammenarbeit mit unseren Partnern in Wissenschafts- und Forschungsinstituten oder im Rahmen der \u00e4u\u00dferst wichtigen Angewandten Forschung.<\/p>\n<p>An dieser Stelle bedanken wir uns bei allen Anbauern und G\u00e4rtnern in den vielen L\u00e4ndern f\u00fcr ihre hervorragende und wertvolle Zusammenarbeit. Ohne sie, ohne ihr Feedback und ihr Vertrauen, w\u00e4re die Entwicklung und Optimierung unseres neuen Konzepts kulturspezifischer Blattlauskontrolle nicht m\u00f6glich gewesen!<\/div><br clear=\"all\"\/><br \/>\n<br clear=\"all\"><\/p>\n<h2>Ausgew\u00e4hlte F&amp;E-Ziele<\/h2>\n<ul>\n<li>Permanente \u00dcberwachung der Effizienz unserer Produkte im praktischen Einsatz und st\u00e4ndige Suche nach m\u00f6glichen Verbesserungen. Wir sind stets bestrebt, die Anwendung biologischer Strategien zu vereinfachen und so unsere Vision einer nachhaltigeren Landwirtschaft umzusetzen. Ein wichtiger Ansatz ist die Integration biologischer Sch\u00e4dlingsbek\u00e4mpfungsverfahren in kombinierte Strategien mit selektiven agrochemischen Produkten (Integrierter Pflanzenschutz).<\/li>\n<li>Viridaxis sucht aktiv nach neuen N\u00fctzlingsarten f\u00fcr den Einsatz in biologischer oder integrierter Sch\u00e4dlingsbek\u00e4mpfung. Sobald Kandidaten identifiziert wurden, gehen wir von einer kleinen Produktion zur Massenproduktion \u00fcber, wobei die Qualit\u00e4t bei jedem Schritt \u00fcberpr\u00fcft wird.<\/li>\n<li>Permanente Qualit\u00e4tssicherung bei der Massenproduktion unserer Produkte und stetige Verbesserung des Produktionsverfahrens. In einem funktions\u00fcbergreifenden Ansatz entwickeln und implementieren unsere Forscher neue Produktionsprozesse.<\/li>\n<li>Unsere erstklassige Qualit\u00e4t ist die Grundvoraussetzung f\u00fcr die Effizienz unserer Produkte und garantiert deren Wirksamkeit auch nach dem Versand. Unsere Forschungsaktivit\u00e4ten zur Diapause und zur Auswirkung von Lagerungsbedingungen auf den Metabolismus der Insekten tragen zum allgemeinen Fortschritt der biologischen Sch\u00e4dlingsbek\u00e4mpfung bei.<\/li>\n<li>Das Hauptanwendungsgebiet biologischer oder integrierter Bek\u00e4mpfungsstrategien sind heute die gesch\u00fctzten Kulturen. Der Einsatz dieser Strategien leistet in offenen Feldkulturen einen wichtigen Beitrag zur globalen Verminderung von chemischen Sch\u00e4dlingsbek\u00e4mpfungsmitteln. Viridaxis setzt seine Forschungen mit dem Ziel fort, diese umweltfreundlichen Strategien auch zunehmend in offenen Feldkulturen anzuwenden.<\/li>\n<\/ul>\n\n","protected":false},"excerpt":{"rendered":"<p>F&amp;E Ausgew\u00e4hlte F&amp;E-Ziele Permanente \u00dcberwachung der Effizienz unserer Produkte im praktischen Einsatz und st\u00e4ndige Suche nach m\u00f6glichen Verbesserungen. Wir sind stets bestrebt, die Anwendung biologischer Strategien zu vereinfachen und so unsere Vision einer nachhaltigeren Landwirtschaft umzusetzen. Ein wichtiger Ansatz ist &hellip; <a href=\"https:\/\/www.viridaxis.com\/de\/viridaxis\/fe\" class=\"icoPlus\"><img loading=\"lazy\" src=\"https:\/\/www.viridaxis.com\/wp-content\/themes\/viridaxis\/images\/ico_plus.png\" border=\"0\" width=\"23\" height=\"23\" border=\"0\" \/><\/a><\/p>\n","protected":false},"author":1,"featured_media":0,"parent":693,"menu_order":5,"comment_status":"open","ping_status":"closed","template":"onecolumn-page.php","meta":{"ngg_post_thumbnail":0},"acf":[],"_links":{"self":[{"href":"https:\/\/www.viridaxis.com\/de\/wp-json\/wp\/v2\/pages\/715"}],"collection":[{"href":"https:\/\/www.viridaxis.com\/de\/wp-json\/wp\/v2\/pages"}],"about":[{"href":"https:\/\/www.viridaxis.com\/de\/wp-json\/wp\/v2\/types\/page"}],"author":[{"embeddable":true,"href":"https:\/\/www.viridaxis.com\/de\/wp-json\/wp\/v2\/users\/1"}],"replies":[{"embeddable":true,"href":"https:\/\/www.viridaxis.com\/de\/wp-json\/wp\/v2\/comments?post=715"}],"version-history":[{"count":7,"href":"https:\/\/www.viridaxis.com\/de\/wp-json\/wp\/v2\/pages\/715\/revisions"}],"predecessor-version":[{"id":875,"href":"https:\/\/www.viridaxis.com\/de\/wp-json\/wp\/v2\/pages\/715\/revisions\/875"}],"up":[{"embeddable":true,"href":"https:\/\/www.viridaxis.com\/de\/wp-json\/wp\/v2\/pages\/693"}],"wp:attachment":[{"href":"https:\/\/www.viridaxis.com\/de\/wp-json\/wp\/v2\/media?parent=715"}],"curies":[{"name":"wp","href":"https:\/\/api.w.org\/{rel}","templated":true}]}}