{"id":713,"date":"2012-01-31T08:11:22","date_gmt":"2012-01-31T08:11:22","guid":{"rendered":"https:\/\/www.viridaxis.com\/?page_id=713"},"modified":"2012-05-24T11:33:30","modified_gmt":"2012-05-24T11:33:30","slug":"technologie-de","status":"publish","type":"page","link":"https:\/\/www.viridaxis.com\/de\/viridaxis\/technologie-de","title":{"rendered":"Technologie"},"content":{"rendered":"<h1>Technologie<\/h1>\n<p>VIRIDAXIS SA ist exklusiver Patentnehmer f\u00fcr die Verwendung von Biopolymer-Kapseln, die pulverisierte Schalentier- und Algenextrakte enthalten. Diese reproduzieren die Physiologie von Blattl\u00e4usen. Durch ein raffiniertes Zusammenspiel von Duftstoffen wird die Schlupfwespe angezogen und legt ihre Eier in die Kapsel ab. Die k\u00fcnstliche Nahrung in der Kapsel erm\u00f6glicht die Entwicklung der Schlupfwespen-Larve auf \u00e4hnliche Weise wie in einer echten Blattlaus.<\/p>\n<p>Die Schlupfwespen-Produktion mittels Kapseln erfolgt in mehreren Schritten:<\/p>\n<ul>\n<li>Erkennung und Eiablage.<\/li>\n<li>Schl\u00fcpfen und Larvenentwicklung in der N\u00e4hrl\u00f6sung.\n<p style=\"margin-bottom:0px;\"><img loading=\"lazy\" class=\"alignleft size-full wp-image-382\" title=\"technology\" src=\"https:\/\/www.viridaxis.com\/wp-content\/uploads\/technology.jpg\" alt=\"\" width=\"431\" height=\"76\" style=\"margin-bottom:0px;\" srcset=\"https:\/\/www.viridaxis.com\/wp-content\/uploads\/technology.jpg 431w, https:\/\/www.viridaxis.com\/wp-content\/uploads\/technology-300x52.jpg 300w\" sizes=\"(max-width: 431px) 100vw, 431px\" \/><\/p>\n<\/li>\n<li>Verpuppung.<\/li>\n<li>Schl\u00fcpfen der adulten Schlupfwespe.<\/li>\n<\/ul>\n<p>Weitere Informationen in unserem Patent:<br \/>\n<a href=\"http:\/\/www.wipo.int\/pctdb\/en\/wo.jsp?wo=2003000047\" target=\"_blank\">http:\/\/www.wipo.int\/pctdb\/en\/wo.jsp?wo=2003000047<\/a><\/p>\n","protected":false},"excerpt":{"rendered":"<p>Technologie VIRIDAXIS SA ist exklusiver Patentnehmer f\u00fcr die Verwendung von Biopolymer-Kapseln, die pulverisierte Schalentier- und Algenextrakte enthalten. Diese reproduzieren die Physiologie von Blattl\u00e4usen. Durch ein raffiniertes Zusammenspiel von Duftstoffen wird die Schlupfwespe angezogen und legt ihre Eier in die Kapsel &hellip; <a href=\"https:\/\/www.viridaxis.com\/de\/viridaxis\/technologie-de\" class=\"icoPlus\"><img loading=\"lazy\" src=\"https:\/\/www.viridaxis.com\/wp-content\/themes\/viridaxis\/images\/ico_plus.png\" border=\"0\" width=\"23\" height=\"23\" border=\"0\" \/><\/a><\/p>\n","protected":false},"author":1,"featured_media":0,"parent":693,"menu_order":4,"comment_status":"open","ping_status":"closed","template":"onecolumn-page.php","meta":{"ngg_post_thumbnail":0},"acf":[],"_links":{"self":[{"href":"https:\/\/www.viridaxis.com\/de\/wp-json\/wp\/v2\/pages\/713"}],"collection":[{"href":"https:\/\/www.viridaxis.com\/de\/wp-json\/wp\/v2\/pages"}],"about":[{"href":"https:\/\/www.viridaxis.com\/de\/wp-json\/wp\/v2\/types\/page"}],"author":[{"embeddable":true,"href":"https:\/\/www.viridaxis.com\/de\/wp-json\/wp\/v2\/users\/1"}],"replies":[{"embeddable":true,"href":"https:\/\/www.viridaxis.com\/de\/wp-json\/wp\/v2\/comments?post=713"}],"version-history":[{"count":4,"href":"https:\/\/www.viridaxis.com\/de\/wp-json\/wp\/v2\/pages\/713\/revisions"}],"predecessor-version":[{"id":1666,"href":"https:\/\/www.viridaxis.com\/de\/wp-json\/wp\/v2\/pages\/713\/revisions\/1666"}],"up":[{"embeddable":true,"href":"https:\/\/www.viridaxis.com\/de\/wp-json\/wp\/v2\/pages\/693"}],"wp:attachment":[{"href":"https:\/\/www.viridaxis.com\/de\/wp-json\/wp\/v2\/media?parent=713"}],"curies":[{"name":"wp","href":"https:\/\/api.w.org\/{rel}","templated":true}]}}