{"id":707,"date":"2012-01-31T08:07:19","date_gmt":"2012-01-31T08:07:19","guid":{"rendered":"https:\/\/www.viridaxis.com\/?page_id=707"},"modified":"2020-05-06T16:10:17","modified_gmt":"2020-05-06T16:10:17","slug":"geschichte","status":"publish","type":"page","link":"https:\/\/www.viridaxis.com\/de\/viridaxis\/geschichte","title":{"rendered":"Geschichte"},"content":{"rendered":"<h1>Geschichte<\/h1>\n<div class=\"colsLeft\">\n<p>Vincent Cambier schrieb seine Doktorarbeit zwischen 1996 und 2000 an der Katholischen Universit\u00e4t Leuven. In diesem Zeitraum entwickelte er die ersten k\u00fcnstlichen N\u00e4hrmedien.<\/p>\n<p>Mit finanzieller Unterst\u00fctzung der Generaldirektion f\u00fcr Technologie, Forschung und Energie (DGTRE) von Wallonien entwickelten Professor Thierry Hance, Vincent Cambier und ihr Team eine innovative L\u00f6sung f\u00fcr die Produktion von Schlupfwespen unter Verwendung von Biopolymer-Kapseln anstelle von Blattl\u00e4usen. Vielversprechende Ergebnisse veranlassten die Promotoren des Projekts schlie\u00dflich zur Gr\u00fcndung einer Firma.<\/p>\n<p>VIRIDAXIS SA wurde am 26. Juli 2004 gegr\u00fcndet. Der Gesch\u00e4ftssitz befand sich im Industriegebiet Heracles Business Park in Charleroi. <\/div><div class=\"colsRight\">\n<p>Im Fr\u00fchjahr 2012 bezog VIRIDAXIS SA das neue Betriebsgeb\u00e4ude in Gosselies, nahe dem Flughafen Br\u00fcssel S\u00fcd Charleroi.<\/p>\n<p>Mit hohem Tempo wurde das Produktionsverfahren optimiert, und heute produziert VIRIDAXIS j\u00e4hrlich viele Millionen Insekten f\u00fcr die Blattlausbek\u00e4mpfung.<\/p>\n<p>Der Fokus auf Forschung und Entwicklung bleibt nach wie vor auf konstant hohem Niveau. VIRIDAXIS ist Teil eines internationalen Netzwerks von Spezialisten und arbeitet mit Forschern und Wissenschaftlern in vielen L\u00e4ndern zusammen. Die Entwicklung und anschlie\u00dfende Vermarktung neuer und innovativer Produkte und Konzepte wird von Jahr zu Jahr beschleunigt.<\/p>\n<\/div><br clear=\"all\"\/><\/p>\n<h2>Meilensteine<\/h2>\n<p><img loading=\"lazy\" class=\"alignnone wp-image-4903 size-full\" title=\"Milestones2016\" src=\"https:\/\/www.viridaxis.com\/wp-content\/uploads\/Milestones2020_DE.png\" alt=\"\" width=\"1551\" height=\"579\"><\/p>\n","protected":false},"excerpt":{"rendered":"<p>Geschichte Meilensteine<\/p>\n","protected":false},"author":1,"featured_media":0,"parent":693,"menu_order":2,"comment_status":"closed","ping_status":"closed","template":"onecolumn-page.php","meta":{"ngg_post_thumbnail":0},"acf":[],"_links":{"self":[{"href":"https:\/\/www.viridaxis.com\/de\/wp-json\/wp\/v2\/pages\/707"}],"collection":[{"href":"https:\/\/www.viridaxis.com\/de\/wp-json\/wp\/v2\/pages"}],"about":[{"href":"https:\/\/www.viridaxis.com\/de\/wp-json\/wp\/v2\/types\/page"}],"author":[{"embeddable":true,"href":"https:\/\/www.viridaxis.com\/de\/wp-json\/wp\/v2\/users\/1"}],"replies":[{"embeddable":true,"href":"https:\/\/www.viridaxis.com\/de\/wp-json\/wp\/v2\/comments?post=707"}],"version-history":[{"count":12,"href":"https:\/\/www.viridaxis.com\/de\/wp-json\/wp\/v2\/pages\/707\/revisions"}],"predecessor-version":[{"id":4918,"href":"https:\/\/www.viridaxis.com\/de\/wp-json\/wp\/v2\/pages\/707\/revisions\/4918"}],"up":[{"embeddable":true,"href":"https:\/\/www.viridaxis.com\/de\/wp-json\/wp\/v2\/pages\/693"}],"wp:attachment":[{"href":"https:\/\/www.viridaxis.com\/de\/wp-json\/wp\/v2\/media?parent=707"}],"curies":[{"name":"wp","href":"https:\/\/api.w.org\/{rel}","templated":true}]}}