{"id":705,"date":"2012-01-31T08:06:24","date_gmt":"2012-01-31T08:06:24","guid":{"rendered":"https:\/\/www.viridaxis.com\/?page_id=705"},"modified":"2012-01-31T08:06:24","modified_gmt":"2012-01-31T08:06:24","slug":"werte","status":"publish","type":"page","link":"https:\/\/www.viridaxis.com\/de\/viridaxis\/werte","title":{"rendered":"Werte"},"content":{"rendered":"<h1>Werte<\/h1>\n<div class=\"colsLeft\">\n<h2>Kundenn\u00e4he und Flexibilit\u00e4t<\/h2>\n<ul>\n<li>F\u00fchrender Serviceanbieter<\/li>\n<li>Kreativer Probleml\u00f6ser<\/li>\n<li>Immer erreichbar<\/li>\n<\/ul>\n<h2>Qualit\u00e4t<\/h2>\n<ul>\n<li>Effiziente und zuverl\u00e4ssige Produkte<\/li>\n<li>Erstklassige Produktqualit\u00e4t, \u00fcberlegenes Preis-Leistungsverh\u00e4ltnis <\/li>\n<\/ul>\n<\/div><div class=\"colsRight\">\n<h2>Innovation<\/h2>\n<ul>\n<li>F&#038;E-Fokus<\/li>\n<li>Industriespezialist<\/li>\n<li>Starke Partnerschaft mit Forschungsinstituten<\/li>\n<\/ul>\n<h2>Partnerschaft<\/h2>\n<ul>\n<li>Starke Beziehung und enge Zusammenarbeit<\/li>\n<li>Gegenseitiges Vertrauen <\/li>\n<li>Immer bereit zu helfen<\/li>\n<\/ul>\n<\/div><br clear=\"all\"\/><\/p>\n","protected":false},"excerpt":{"rendered":"<p>Werte<\/p>\n","protected":false},"author":1,"featured_media":0,"parent":693,"menu_order":1,"comment_status":"open","ping_status":"closed","template":"onecolumn-page.php","meta":{"ngg_post_thumbnail":0},"acf":[],"_links":{"self":[{"href":"https:\/\/www.viridaxis.com\/de\/wp-json\/wp\/v2\/pages\/705"}],"collection":[{"href":"https:\/\/www.viridaxis.com\/de\/wp-json\/wp\/v2\/pages"}],"about":[{"href":"https:\/\/www.viridaxis.com\/de\/wp-json\/wp\/v2\/types\/page"}],"author":[{"embeddable":true,"href":"https:\/\/www.viridaxis.com\/de\/wp-json\/wp\/v2\/users\/1"}],"replies":[{"embeddable":true,"href":"https:\/\/www.viridaxis.com\/de\/wp-json\/wp\/v2\/comments?post=705"}],"version-history":[{"count":1,"href":"https:\/\/www.viridaxis.com\/de\/wp-json\/wp\/v2\/pages\/705\/revisions"}],"predecessor-version":[{"id":706,"href":"https:\/\/www.viridaxis.com\/de\/wp-json\/wp\/v2\/pages\/705\/revisions\/706"}],"up":[{"embeddable":true,"href":"https:\/\/www.viridaxis.com\/de\/wp-json\/wp\/v2\/pages\/693"}],"wp:attachment":[{"href":"https:\/\/www.viridaxis.com\/de\/wp-json\/wp\/v2\/media?parent=705"}],"curies":[{"name":"wp","href":"https:\/\/api.w.org\/{rel}","templated":true}]}}