{"id":693,"date":"2012-01-31T07:51:56","date_gmt":"2012-01-31T07:51:56","guid":{"rendered":"https:\/\/www.viridaxis.com\/?page_id=693"},"modified":"2016-03-25T10:05:58","modified_gmt":"2016-03-25T10:05:58","slug":"viridaxis","status":"publish","type":"page","link":"https:\/\/www.viridaxis.com\/de\/viridaxis","title":{"rendered":"VIRIDAXIS"},"content":{"rendered":"<h1>SCHLUPFWESPEN GEGEN BLATTL\u00c4USE<\/h1>\n<p><div class=\"colsLeft\"><img loading=\"lazy\" class=\"aligncenter size-full wp-image-1959\" title=\"menu-contact\" src=\"\/wp-content\/uploads\/menu-contact1.jpg\" alt=\"\" width=\"290\" height=\"175\" \/><\/p>\n<\/div><div class=\"colsRight\">\n<p>Die belgische Firma VIRIDAXIS ist auf die Massenproduktion von Schlupfwespen f\u00fcr eine nat\u00fcrliche Blattlausbek\u00e4mpfung spezialisiert. Unter Einsatz einer innovativen, pflanzenlosen Technologie werden Produkte von best\u00e4ndig hoher Qualit\u00e4t produziert. VIRIDAXIS wurde im Jahr 2004 gegr\u00fcndet und besch\u00e4ftigt heute etwa\u00a045 Mitarbeiter. Die Firma investiert viel in F&amp;E und konzentriert ihre Forschung auf die Entwicklung praktischer und zuverl\u00e4ssiger Produkte f\u00fcr die Sch\u00e4dlingsbek\u00e4mpfung, um der Nachhaltigkeit in der Landwirtschaft Vorschub zu leisten.<\/p>\n<p>Unsere Kunden sind Unternehmen, die national und international auf dem Gebiet der biologischen Sch\u00e4dlingsbek\u00e4mpfung t\u00e4tig sind.<\/div><br clear=\"all\"\/><\/p>\n","protected":false},"excerpt":{"rendered":"<p>SCHLUPFWESPEN GEGEN BLATTL\u00c4USE<\/p>\n","protected":false},"author":1,"featured_media":0,"parent":0,"menu_order":1,"comment_status":"closed","ping_status":"closed","template":"onecolumn-page.php","meta":{"ngg_post_thumbnail":0},"acf":[],"_links":{"self":[{"href":"https:\/\/www.viridaxis.com\/de\/wp-json\/wp\/v2\/pages\/693"}],"collection":[{"href":"https:\/\/www.viridaxis.com\/de\/wp-json\/wp\/v2\/pages"}],"about":[{"href":"https:\/\/www.viridaxis.com\/de\/wp-json\/wp\/v2\/types\/page"}],"author":[{"embeddable":true,"href":"https:\/\/www.viridaxis.com\/de\/wp-json\/wp\/v2\/users\/1"}],"replies":[{"embeddable":true,"href":"https:\/\/www.viridaxis.com\/de\/wp-json\/wp\/v2\/comments?post=693"}],"version-history":[{"count":17,"href":"https:\/\/www.viridaxis.com\/de\/wp-json\/wp\/v2\/pages\/693\/revisions"}],"predecessor-version":[{"id":4404,"href":"https:\/\/www.viridaxis.com\/de\/wp-json\/wp\/v2\/pages\/693\/revisions\/4404"}],"wp:attachment":[{"href":"https:\/\/www.viridaxis.com\/de\/wp-json\/wp\/v2\/media?parent=693"}],"curies":[{"name":"wp","href":"https:\/\/api.w.org\/{rel}","templated":true}]}}