{"id":691,"date":"2012-01-31T07:44:43","date_gmt":"2012-01-31T07:44:43","guid":{"rendered":"https:\/\/www.viridaxis.com\/?page_id=691"},"modified":"2016-03-31T07:16:45","modified_gmt":"2016-03-31T07:16:45","slug":"praon-andere-schlupfwespen","status":"publish","type":"page","link":"https:\/\/www.viridaxis.com\/de\/praon-andere-schlupfwespen","title":{"rendered":"UNSERE SCHLUPFWESPENARTEN"},"content":{"rendered":"<table border=\"1\" width=\"100%\" cellspacing=\"0\" cellpadding=\"0\" align=\"left\">\n<tbody>\n<tr>\n<td style=\"font-size: 18px;\" bgcolor=\"#eef9de\">\n<h1><strong>Schlupfwespe<\/strong><\/h1>\n<\/td>\n<td style=\"font-size: 18px;\" bgcolor=\"#eef9de\">\n<h1><strong>Zielblattl\u00e4use (Auswahl) <\/strong><\/h1>\n<\/td>\n<td style=\"font-size: 18px;\" bgcolor=\"#eef9de\">\n<h1><strong>Zielkulturen (Beispiele)<\/strong><\/h1>\n<\/td>\n<td style=\"font-size: 18px;\" valign=\"top\" bgcolor=\"#eef9de\">\n<h1><strong>Wichtigste Vorteile<\/strong><\/h1>\n<\/td>\n<\/tr>\n<tr>\n<td valign=\"top\">\n<h4>Aphidius colemani<\/h4>\n<\/td>\n<td valign=\"top\"><em><em>Aphis craccivora, Aphis frangulae, Aphis gossypii, Aphis idaei, Aphis schneideri, Aphis spiraecola, Myzus ornatus, Myzus persicae&#8230;<\/em><\/em><\/td>\n<td valign=\"top\">Gurken, Paprika, Aubergine, Zierpflanzen, Erdbeeren, Himbeeren und andere Strauchbeeren, Kr\u00e4uter<\/td>\n<td valign=\"top\">Schnelles Schl\u00fcpfen, hohes Suchverm\u00f6gen, hohe Eiablagekapazit\u00e4t (etwa 80-100 Eier\/Tag)<\/td>\n<\/tr>\n<tr>\n<td valign=\"top\" bgcolor=\"#f7f7f4\">\n<h4>Aphidius ervi<\/h4>\n<\/td>\n<td valign=\"top\" bgcolor=\"#f7f7f4\"><em><em>Acyrtosiphon malvae, Amphorophora idaei, Aulacorthum solani, Macrosiphum euphorbiae, Macrosiphum rosae, Rhodobium porosum&#8230;<\/em><\/em><\/td>\n<td valign=\"top\" bgcolor=\"#f7f7f4\">Gurken, Paprika, Aubergine, Kr\u00e4uter, Zierpflanzen, Erdbeeren, Himbeeren, Tomaten<\/td>\n<td valign=\"top\" bgcolor=\"#f7f7f4\">Schnelles Schl\u00fcpfen, hohes Suchverm\u00f6gen, hohe Eiablagekapazit\u00e4t (etwa 80-100 Eier\/Tag)<\/td>\n<\/tr>\n<tr>\n<td valign=\"top\">\n<h4>Aphidius matricariae<\/h4>\n<\/td>\n<td valign=\"top\"><em>Aphis craccivora, Aphis frangulae, Aphis gossypii, Aphis idaei, Aphis nasturtii, Aphis spiraecola, Myzus nicotianae, Myzus ornatus, Myzus persicae, Ovatus crataegarius&#8230;<\/em><\/td>\n<td valign=\"top\">Kr\u00e4uter, Gurken, Paprika, Aubergine, Zierpflanzen, Erdbeeren, Himbeeren<\/td>\n<td valign=\"top\">Schnelles Schl\u00fcpfen, hohes Suchverm\u00f6gen, hohe Eiablagekapazit\u00e4t (etwa 80-100 Eier\/Tag)<\/td>\n<\/tr>\n<tr>\n<td valign=\"top\" bgcolor=\"#f7f7f4\">\n<h4>Aphelinus abdominalis<\/h4>\n<\/td>\n<td valign=\"top\" bgcolor=\"#f7f7f4\"><em><em>Aulacorthum solani, Macrosiphum euphorbiae, Macrosiphum rosae, Myzus persicae, Rhodobium porosum&#8230;<\/em><\/em><\/td>\n<td valign=\"top\" bgcolor=\"#f7f7f4\">Gurken, Paprika, Aubergine, Tomaten, Zierpflanzen, Erdbeeren<\/td>\n<td valign=\"top\" bgcolor=\"#f7f7f4\">Sehr lange Lebensdauer (bis zu zwei Monaten), Eigenschaften eines R\u00e4ubers (&#8218;host feeding&#8216;)<\/td>\n<\/tr>\n<tr>\n<td valign=\"top\">\n<h4>Praon volucre<\/h4>\n<\/td>\n<td valign=\"top\"><em>Acyrtosiphon malvae, Amphorophora idaei,\u00a0 Aulacorthum solani, Macrosiphum euphorbiae, Macrosiphum rosae, Myzus persicae&#8230;<\/em><\/td>\n<td valign=\"top\">Paprika, Aubergine, Zierpflanzen, Kr\u00e4uter, Erdbeeren, Himbeeren<\/td>\n<td valign=\"top\">Lange Lebensspanne (etwa 20\u00a0Tage)<\/td>\n<\/tr>\n<tr>\n<td valign=\"top\" bgcolor=\"#f7f7f4\">\n<h4><a href=\"\/wp-content\/uploads\/ephedrus-cerasicola.pdf\" target=\"_blank\">Ephedrus cerasicola<\/a><\/h4>\n<\/td>\n<td valign=\"top\" bgcolor=\"#f7f7f4\"><em><em>Aulacorthum circumflexum, Aulacorthum solani, Myzus persicae&#8230;<\/em><\/em><\/td>\n<td valign=\"top\" bgcolor=\"#f7f7f4\">Gurken, Paprika, Aubergine, Zierpflanzen, Kr\u00e4uter, Erdbeeren<\/td>\n<td valign=\"top\" bgcolor=\"#f7f7f4\">Lange Lebensspanne (etwa 20\u00a0Tage), sehr hohe Eiablagekapazit\u00e4t (etwa 120 Eier\/Tag), Mumien sind versteckt<\/td>\n<\/tr>\n<\/tbody>\n<\/table>\n<p><strong><span style=\"color: #000000;\">Wichtig!<\/span><\/strong><\/p>\n<p><strong><span style=\"color: #000000;\">Verwenden Sie ausschlie\u00dflich Produkte, deren Einsatz in Ihrem Land und in der Kultur gestattet ist. Beachten Sie die lokalen gesetzlichen Zulassungsbestimmungen.<\/span><\/strong><\/p>\n<p><strong><span style=\"color: #000000;\">F\u00fcr unsachgem\u00e4\u00dfe Anwendungen \u00fcbernimmt Viridaxis keine Haftung.<\/span><\/strong><\/p>\n","protected":false},"excerpt":{"rendered":"<p>Schlupfwespe Zielblattl\u00e4use (Auswahl) Zielkulturen (Beispiele) Wichtigste Vorteile Aphidius colemani Aphis craccivora, Aphis frangulae, Aphis gossypii, Aphis idaei, Aphis schneideri, Aphis spiraecola, Myzus ornatus, Myzus persicae&#8230; Gurken, Paprika, Aubergine, Zierpflanzen, Erdbeeren, Himbeeren und andere Strauchbeeren, Kr\u00e4uter Schnelles Schl\u00fcpfen, hohes Suchverm\u00f6gen, hohe &hellip; <a href=\"https:\/\/www.viridaxis.com\/de\/praon-andere-schlupfwespen\" class=\"icoPlus\"><img loading=\"lazy\" src=\"https:\/\/www.viridaxis.com\/wp-content\/themes\/viridaxis\/images\/ico_plus.png\" border=\"0\" width=\"23\" height=\"23\" border=\"0\" \/><\/a><\/p>\n","protected":false},"author":1,"featured_media":0,"parent":0,"menu_order":0,"comment_status":"closed","ping_status":"closed","template":"","meta":{"ngg_post_thumbnail":0},"acf":[],"_links":{"self":[{"href":"https:\/\/www.viridaxis.com\/de\/wp-json\/wp\/v2\/pages\/691"}],"collection":[{"href":"https:\/\/www.viridaxis.com\/de\/wp-json\/wp\/v2\/pages"}],"about":[{"href":"https:\/\/www.viridaxis.com\/de\/wp-json\/wp\/v2\/types\/page"}],"author":[{"embeddable":true,"href":"https:\/\/www.viridaxis.com\/de\/wp-json\/wp\/v2\/users\/1"}],"replies":[{"embeddable":true,"href":"https:\/\/www.viridaxis.com\/de\/wp-json\/wp\/v2\/comments?post=691"}],"version-history":[{"count":26,"href":"https:\/\/www.viridaxis.com\/de\/wp-json\/wp\/v2\/pages\/691\/revisions"}],"predecessor-version":[{"id":4402,"href":"https:\/\/www.viridaxis.com\/de\/wp-json\/wp\/v2\/pages\/691\/revisions\/4402"}],"wp:attachment":[{"href":"https:\/\/www.viridaxis.com\/de\/wp-json\/wp\/v2\/media?parent=691"}],"curies":[{"name":"wp","href":"https:\/\/api.w.org\/{rel}","templated":true}]}}