{"id":682,"date":"2012-01-30T11:16:08","date_gmt":"2012-01-30T11:16:08","guid":{"rendered":"https:\/\/www.viridaxis.com\/?page_id=682"},"modified":"2017-11-13T08:42:09","modified_gmt":"2017-11-13T08:42:09","slug":"mentions-legales","status":"publish","type":"page","link":"https:\/\/www.viridaxis.com\/de\/mentions-legales","title":{"rendered":"Allgemeine Gesch\u00e4ftsbedingungen Viridaxis"},"content":{"rendered":"<h1>Allgemeine Gesch\u00e4ftsbedingungen Viridaxis<\/h1>\n<h2>Kontakt<\/h2>\n<p>Viridaxis S.A.<br \/>\nRue Louis Bl\u00e9riot 11<br \/>\nB-6041 Gosselies<br \/>\nBE 0866.678.469<br \/>\ninfo@viridaxis.com<br \/>\n+32 71 48 72 25<\/p>\n<h2>Artikel 1: Allgemeines<\/h2>\n<p>Sofern zwischen den Parteien keine andere schriftliche und von beiden unterzeichnete Vereinbarung besteht, gelten die vorliegenden allgemeinen Gesch\u00e4ftsbedingungen f\u00fcr alle Angebote, Verk\u00e4ufe und Lieferungen des Verk\u00e4ufers.<\/p>\n<h2>Artikel 2: Preis<\/h2>\n<p>Es gelten die Preise, wie sie dem K\u00e4ufer im Angebot mitgeteilt wurden. Mit einer Vorank\u00fcndigung von einem Monat k\u00f6nnen diese jederzeit vom Verk\u00e4ufer ge\u00e4ndert werden.<\/p>\n<h2>Artikel 3: Bestellungen &#8211; Verk\u00e4ufe<\/h2>\n<p>Der K\u00e4ufer kann eine vom Verk\u00e4ufer akzeptierte Bestellung nur mit vorheriger schriftlicher Zustimmung des Verk\u00e4ufers stornieren. Die Verk\u00e4ufe kommen mit der Annahme der Bestellung durch den Verk\u00e4ufer an seinem Gesch\u00e4ftssitz zustande.<\/p>\n<h2>Artikel 4: Lieferung<\/h2>\n<p>Die Lieferung erfolgt an die auf dem Bestellschein angegebene Adresse. Wenn die Ablieferung aufgrund von Umst\u00e4nden, f\u00fcr die der Verk\u00e4ufer nicht verantwortlich ist, nicht m\u00f6glich ist, hat der Verk\u00e4ufer das Recht, die Ware an einen Ort zu liefern, der sich daf\u00fcr anbietet.<\/p>\n<p>Das Lieferdatum wird unverbindlich und ohne Garantie mitgeteilt. Im Fall einer Lieferverz\u00f6gerung von weniger als drei Tagen hat der K\u00e4ufer keinesfalls das Recht, die Bestellung zu stornieren oder irgendeinen Schadenersatz zu fordern.<\/p>\n<h2>Artikel 5: Konformit\u00e4t<\/h2>\n<p>Die Vollst\u00e4ndigkeit und Konformit\u00e4t der Ware werden vom K\u00e4ufer zum Zeitpunkt der Lieferung gepr\u00fcft.<\/p>\n<h2>Artikel 6: Reklamation<\/h2>\n<p>Jede Reklamation muss schriftlich innerhalb von 5 Tagen nach Lieferung eingereicht werden.<\/p>\n<p>Die Einreichung einer Reklamation, aus welchem Grund auch immer und auch wenn sie innerhalb der vorgeschriebenen Frist erfolgt, berechtigt den K\u00e4ufer nicht dazu, die Bezahlung des Preises ganz oder teilweise hinauszuz\u00f6gern.<\/p>\n<h2>Artikel 7: Garantie<\/h2>\n<p>Der Verk\u00e4ufer garantiert die Konformit\u00e4t der Waren, vorausgesetzt diese wurden nicht anormal oder falsch verwendet oder gelagert.<\/p>\n<h2>Artikel 8: Verantwortung<\/h2>\n<p>Der Verk\u00e4ufer kann nicht f\u00fcr Sch\u00e4den verantwortlich gemacht werden, die zusammen auf einen Fehler der Ware und einen Fehler seitens des K\u00e4ufers oder einer Person, f\u00fcr die er verantwortlich ist, zur\u00fcckzuf\u00fchren sind.<\/p>\n<p>Eine eventuelle nicht konforme Lieferung, die innerhalb der in Artikel 6 angegebenen Fristen mitgeteilt wird, gibt lediglich Anspruch auf den Ersatz der Ware auf Kosten des Verk\u00e4ufers.<\/p>\n<p>Die Verantwortung des Verk\u00e4ufers \u00fcbersteigt unter keinen Umst\u00e4nden den Preis der Ware, die Gegenstand der Reklamation ist. Der Verk\u00e4ufer haftet nicht f\u00fcr indirekte Sch\u00e4den wie beispielsweise entgangenen Gewinn, Folge- oder immaterielle Sch\u00e4den.<\/p>\n<h2>Artikel 9: Eigentumsvorbehalt<\/h2>\n<p>Bis zur vollst\u00e4ndigen Bezahlung des Preises bleibt die Ware ausschlie\u00dfliches Eigentum des Verk\u00e4ufers.<\/p>\n<h2>Artikel 10: Bezahlung<\/h2>\n<p>Sofern nicht anders im Angebot des Verk\u00e4ufers angegeben, sind Zahlungen an den Gesch\u00e4ftssitz des Verk\u00e4ufers innerhalb eines Monats nach Rechnungsdatum zu leisten. Bei Zahlungsverzug werden von Rechts wegen und ohne vorherige Mahnung Zinsen in der in Artikel 5 des Gesetzes vom 2. August 2002 betreffend die Bek\u00e4mpfung von Zahlungsverz\u00f6gerungen bei Handelsgesch\u00e4ften festgelegten H\u00f6he f\u00e4llig, mit einem Minimum von 12\u00a0%. Au\u00dferdem erh\u00f6ht sich der Rechnungsbetrag um einen pauschalen Schadenersatz von 10 %, unbeschadet des Rechts auf Erstattung der Rechtskosten gem\u00e4\u00df den Bestimmungen des Gerichtsgesetzbuchs, und einer angemessenen Schadenersatzforderung des Verk\u00e4ufers f\u00fcr alle einschl\u00e4gigen Inkassokosten, die durch den Zahlungsverzug angefallen sind.<\/p>\n<h2>Artikel 11: Zust\u00e4ndigkeit \u2013 Anwendbares Recht<\/h2>\n<p>Die vorliegenden allgemeinen Gesch\u00e4ftsbedingungen unterliegen dem belgischen Recht. Bei Streitigkeiten im Zusammenhang mit dem Verkauf sind ausschlie\u00dflich die Gerichte des Bezirks Charleroi zust\u00e4ndig.<\/p>\n","protected":false},"excerpt":{"rendered":"<p>Allgemeine Gesch\u00e4ftsbedingungen Viridaxis Kontakt Viridaxis S.A. Rue Louis Bl\u00e9riot 11 B-6041 Gosselies BE 0866.678.469 info@viridaxis.com +32 71 48 72 25 Artikel 1: Allgemeines Sofern zwischen den Parteien keine andere schriftliche und von beiden unterzeichnete Vereinbarung besteht, gelten die vorliegenden allgemeinen &hellip; <a href=\"https:\/\/www.viridaxis.com\/de\/mentions-legales\" class=\"icoPlus\"><img loading=\"lazy\" src=\"https:\/\/www.viridaxis.com\/wp-content\/themes\/viridaxis\/images\/ico_plus.png\" border=\"0\" width=\"23\" height=\"23\" border=\"0\" \/><\/a><\/p>\n","protected":false},"author":1,"featured_media":0,"parent":0,"menu_order":0,"comment_status":"closed","ping_status":"closed","template":"","meta":{"ngg_post_thumbnail":0},"acf":[],"_links":{"self":[{"href":"https:\/\/www.viridaxis.com\/de\/wp-json\/wp\/v2\/pages\/682"}],"collection":[{"href":"https:\/\/www.viridaxis.com\/de\/wp-json\/wp\/v2\/pages"}],"about":[{"href":"https:\/\/www.viridaxis.com\/de\/wp-json\/wp\/v2\/types\/page"}],"author":[{"embeddable":true,"href":"https:\/\/www.viridaxis.com\/de\/wp-json\/wp\/v2\/users\/1"}],"replies":[{"embeddable":true,"href":"https:\/\/www.viridaxis.com\/de\/wp-json\/wp\/v2\/comments?post=682"}],"version-history":[{"count":6,"href":"https:\/\/www.viridaxis.com\/de\/wp-json\/wp\/v2\/pages\/682\/revisions"}],"predecessor-version":[{"id":4502,"href":"https:\/\/www.viridaxis.com\/de\/wp-json\/wp\/v2\/pages\/682\/revisions\/4502"}],"wp:attachment":[{"href":"https:\/\/www.viridaxis.com\/de\/wp-json\/wp\/v2\/media?parent=682"}],"curies":[{"name":"wp","href":"https:\/\/api.w.org\/{rel}","templated":true}]}}