{"id":673,"date":"2012-01-30T11:06:18","date_gmt":"2012-01-30T11:06:18","guid":{"rendered":"https:\/\/www.viridaxis.com\/?page_id=673"},"modified":"2015-07-16T11:47:16","modified_gmt":"2015-07-16T11:47:16","slug":"integrierter-pflanzenschutz","status":"publish","type":"page","link":"https:\/\/www.viridaxis.com\/de\/integrierter-pflanzenschutz","title":{"rendered":"IPM"},"content":{"rendered":"<p><div class=\"colsLeft\"><img loading=\"lazy\" class=\"alignnone size-full wp-image-325\" title=\"Integrated-Pest-Management\" src=\"https:\/\/www.viridaxis.com\/wp-content\/uploads\/Integrated-Pest-Management.jpg\" alt=\"\" width=\"370\" height=\"404\" srcset=\"https:\/\/www.viridaxis.com\/wp-content\/uploads\/Integrated-Pest-Management.jpg 370w, https:\/\/www.viridaxis.com\/wp-content\/uploads\/Integrated-Pest-Management-274x300.jpg 274w\" sizes=\"(max-width: 370px) 100vw, 370px\" \/><\/div><br \/>\n<div class=\"colsRight\">\n<h1>Integrierter Pflanzenschutz<\/h1>\n<div class=\"btnDownloadPDF\"><a href=\"https:\/\/www.viridaxis.com\/wp-content\/uploads\/Compatibility_parasitoids_chemicals.pdf\" target=\"_blank\">Kompatibilit\u00e4tstabelle<\/a><\/div>\n<p>Integrierter Pflanzenschutz (IPM, Integrated Pest Management): Darunter versteht man das sorgf\u00e4ltige Abw\u00e4gen aller verf\u00fcgbaren Sch\u00e4dlingsbek\u00e4mpfungsverfahren und die anschlie\u00dfende Integration geeigneter Ma\u00dfnahmen, welche<\/p>\n<ul>\n<li>die Entwicklung von Sch\u00e4dlingspopulationen verhindern,<\/li>\n<li>den Einsatz von Sch\u00e4dlingsbek\u00e4mpfungsmitteln und andere Bek\u00e4mpfungsma\u00dfnahmen auf ein wirtschaftlich vertretbares Ma\u00df begrenzen und<\/li>\n<li>die Risiken f\u00fcr die menschliche Gesundheit und die Umwelt reduzieren oder weitestgehend einschr\u00e4nken.<\/li>\n<\/ul>\n<p>Integrierter Pflanzenschutz legt den Nachdruck auf den Anbau einer gesunden Kultur mit m\u00f6glichst wenig St\u00f6rung der agrar\u00f6kologischen Systeme und f\u00f6rdert nat\u00fcrliche Sch\u00e4dlingsbek\u00e4mpfungsmechanismen (FAO-Definition).<br \/>\n<\/div><br clear=\"all\"\/><\/p>\n","protected":false},"excerpt":{"rendered":"","protected":false},"author":1,"featured_media":0,"parent":0,"menu_order":0,"comment_status":"open","ping_status":"closed","template":"","meta":{"ngg_post_thumbnail":0},"acf":[],"_links":{"self":[{"href":"https:\/\/www.viridaxis.com\/de\/wp-json\/wp\/v2\/pages\/673"}],"collection":[{"href":"https:\/\/www.viridaxis.com\/de\/wp-json\/wp\/v2\/pages"}],"about":[{"href":"https:\/\/www.viridaxis.com\/de\/wp-json\/wp\/v2\/types\/page"}],"author":[{"embeddable":true,"href":"https:\/\/www.viridaxis.com\/de\/wp-json\/wp\/v2\/users\/1"}],"replies":[{"embeddable":true,"href":"https:\/\/www.viridaxis.com\/de\/wp-json\/wp\/v2\/comments?post=673"}],"version-history":[{"count":14,"href":"https:\/\/www.viridaxis.com\/de\/wp-json\/wp\/v2\/pages\/673\/revisions"}],"predecessor-version":[{"id":675,"href":"https:\/\/www.viridaxis.com\/de\/wp-json\/wp\/v2\/pages\/673\/revisions\/675"}],"wp:attachment":[{"href":"https:\/\/www.viridaxis.com\/de\/wp-json\/wp\/v2\/media?parent=673"}],"curies":[{"name":"wp","href":"https:\/\/api.w.org\/{rel}","templated":true}]}}