{"id":671,"date":"2012-01-30T11:04:36","date_gmt":"2012-01-30T11:04:36","guid":{"rendered":"https:\/\/www.viridaxis.com\/?page_id=671"},"modified":"2019-10-01T13:48:18","modified_gmt":"2019-10-01T13:48:18","slug":"faq","status":"publish","type":"page","link":"https:\/\/www.viridaxis.com\/de\/faq","title":{"rendered":"FAQ"},"content":{"rendered":"<h1>Faq<\/h1>\n<p><a name=\"faq1\">Wie kann ich die verschiedenen Schlupfwespen-Mumien unterscheiden?<\/a><\/p>\n<div id=\"1\" class=\"faqhidden\">\n<p>Die Mumien der verschiedenen Schlupfwespenarten k\u00f6nnen anhand ihrer Farbe und Form unterschieden werden:<em>Aphidius<\/em>-Mumien sind braun-gelblich und haben eine rundliche Form.<em>Praon volucre<\/em>-Mumien sind wei\u03b2lich mit einer Art Sockel unter der ehemaligen Blattlaus.<\/p>\n<p><em>Aphelinus abdominalis<\/em>-Mumien sind schwarz und haben eine ovale Form.<\/p>\n<p><em>Ephedrus cerasicola<\/em>-Mumien sind oval und schwarz mit einer Wei\u03b2f\u00e4rbung an der Stelle, an der die Mumien an eine Unterlage angeheftet waren. Es ist wichtig zu wissen, da\u03b2 <em>Ephedrus cerasicola<\/em>-Mumien sehr schwierig in einer Kultur zu entdecken sind, da sich die der Blattl\u00e4use nach der Parasitierung durch <em>E. cerasicola<\/em> verstecken (siehe &#8218;<a href=\"#faq3\" name=\"faq3\">Warum ist es so schwierig <em>Ephedrus cerasicola<\/em>-Mumien zu finden<\/a>&#8218;).<\/p>\n<\/div>\n<p><a name=\"faq2\">\u2018Best before\u2019, was bedeutet das?<\/a><\/p>\n<div id=\"2\" class=\"faqhidden\">\n<p>Unsere XxxProtect-R\u00f6hrchen sind mit einem \u2018Best Before\u2019-Datum etikettiert. Dieses Datum ist <strong>kein<\/strong> Verfalls- oder Haltbarkeitsdatum. Es handelt sich um das Datum, ab dem die Qualit\u00e4t des Produktes (Schlupfrate) abzunehmen beginnt.<\/p>\n<p>An diesem Datum liegt die Schlupfrate f\u00fcr alle Arten noch \u00fcber &nbsp;85 %. Das \u2018Best Before\u2019-Datum ist \u00fcber die Schlupfwespenart der Mischung definiert, die die geringste Toleranz gegen\u00fcber einer Lagerung des Produktes hat (<em>A. colemani<\/em>) und liegt im Allgemeinen acht Tage nachdem die R\u00f6hrchen Viridaxis verlassen haben.<br \/>\n<img loading=\"lazy\" class=\"alignnone size-full wp-image-1438\" title=\"faq-figure1\" src=\"https:\/\/www.viridaxis.com\/wp-content\/uploads\/faq-figure1.jpg\" alt=\"\" width=\"654\" height=\"378\" srcset=\"https:\/\/www.viridaxis.com\/wp-content\/uploads\/faq-figure1.jpg 654w, https:\/\/www.viridaxis.com\/wp-content\/uploads\/faq-figure1-300x173.jpg 300w, https:\/\/www.viridaxis.com\/wp-content\/uploads\/faq-figure1-500x288.jpg 500w\" sizes=\"(max-width: 654px) 100vw, 654px\" \/><br \/>\nFigure 1:Abnahme der Schlupfrate (normalisiert) in Abh\u00e4ngigkeit der Lagerungsdauer bei 8-10\u00b0C.<\/p>\n<p>Die Schlupfrate bleibt \u00fcber den Richtlinien der IOBC zur Qualit\u00e4t von Schlupfwespen selbst&nbsp; f\u00fcnf Tage nach dem \u2018Best Before\u2019-Datum (Figure 1).<\/p>\n<p>Viridaxis unternimmt alle Anstrengungen, damit der Anbauer seine Produkte vor dem \u2018Best Before\u2019-Datum erh\u00e4lt. Falls dennoch die XxxProtect-R\u00f6hrchen am oder kurz nach diesem Datum in der Kultur ausgebracht werden, besteht des einzige Risiko darin, dass adulte Schlupfwespen bereits in den R\u00f6hrchen geschl\u00fcpft sind und bereit sind, in der Kultur nach Blattl\u00e4usen zu suchen, sobald der Deckel ge\u00f6ffnet ist.<\/p>\n<\/div>\n<p><a name=\"faq3\">Warum ist es so schwierig <em>Ephedrus cerasicola<\/em>-Mumien zu finden?<\/a><\/p>\n<div id=\"3\" class=\"faqhidden\">\n<p>Wenn <em>Ephedrus cerasicola<\/em> ein Ei in eine Blattlaus legt, \u00e4ndert sich in kurzer Zeit das Verhalten des Wirtes: Die Blattlaus versteckt sich, bevor der Prozess der Mummifizierung beginnt. Aus diesem Grunde ist es sehr schwierig, <em>Ephedrus cerasicola<\/em>-Mumien im Feld zu finden. <a href=\"\/wp-content\/uploads\/ephedrus-cerasicola.pdf\" target=\"_blank\" rel=\"noopener noreferrer\">Mit sehr viel Gl\u00fcck kann man sie manchmal unter Topfr\u00e4ndern oder in Blattachseln entdecken<\/a>.<\/p>\n<\/div>\n<p><a name=\"faq4\">Wie installiere ich die R\u00f6hrchen in der Kultur?<\/a><\/p>\n<div id=\"4\" class=\"faqhidden\">\n<p>Die R\u00f6hrchen k\u00f6nnen mittels Splitst\u00e4ben oder Clipsen in der Kultur ausgebracht werden \u2013 siehe &#8218;<a href=\"\/wp-content\/uploads\/how-to-use-guide-de.pdf\" target=\"_blank\" rel=\"noopener noreferrer\">Anwendungshinweise<\/a>&#8218;.<\/p>\n<\/div>\n<p><a name=\"faq5\">Wann mu\u03b2 ich mit der Freisetzung beginnen? Wie sieht der Freisetzungskalender aus?<\/a><\/p>\n<div id=\"5\" class=\"faqhidden\">\n<p>Der Schl\u00fcssel f\u00fcr eine erfolgreiche Blattlausbek\u00e4mpfung mit N\u00fctzlingen ist die Verwendung der Schlupfwespenmixe (XxxProtect) in einer vorbeugenden Strategie: Die Freisetzungen sollten beginnen, sobald die Pflanzen installiert sind oder ihre Entwicklung nach der Winterperiode wieder aufnehmen. Die erste Freisetzung aller XxxProtect-Produkte mu\u03b2 VOR dem Auftreten von Blattl\u00e4usen stattfinden.FresaProtect und BerryProtect m\u00fcssen alle drei Wochen freigesetzt werden.BasilProtect, VerdaProtect und OrnaProtect m\u00fcssen alle zwei Wochen freigesetzt werden.<\/p>\n<p>Es ist wichtig, die R\u00f6hrchen mindestens vier Wochen in der Kultur zu lassen.<\/p>\n<\/div>\n<p><a name=\"faq6\">Wieviele R\u00f6hrchen brauche ich pro Freisetzung?<\/a><\/p>\n<div id=\"6\" class=\"faqhidden\">\n<p>Ein R\u00f6hrchen aller XxxProtect-Produkte deckt 200 m\u00b2 ab.<\/p>\n<\/div>\n<p><a name=\"faq7\">Wo mu\u03b2 ich die R\u00f6hrchen aubringen und was mu\u03b2 ich dabei beachten?<\/a><\/p>\n<div id=\"7\" class=\"faqhidden\">\n<p>Die XxxProtect-R\u00f6hrchen m\u00fcssen gleichm\u00e4ssig in der Kultur verteilt werden, wobei ein R\u00f6hrchen f\u00fcr 200 m\u00b2 ausreicht.Bei der Ausbringung mu\u03b2 auf folgende Punkte geachtete werden:<\/p>\n<ul>\n<li>Direkte Sonneneinstrahlung auf die R\u00f6hrchen vermeiden. Vor allem im Sommer kann das zu sehr hohen Temperaturen f\u00fcr die Mumien in den R\u00f6hrchen f\u00fchren (siehe <a href=\"#faq9\" name=\"faq9\">Was mu\u03b2 ich beim Einsatz von XxxProtect beachten?<\/a>).<\/li>\n<li>Die R\u00f6hrchen nicht dort ausbringen, wo sie Feuchtigkeit oder N\u00e4sse augesetzt sind (Tropfstellen von Kondensationswassr, Sprinkleranlagen, \u2026).<\/li>\n<li>Die R\u00f6hrchen nicht direkt vor dem Zugang zur Kultur oder vor Klebetafeln ausbringen.<\/li>\n<li>Beim Einsatz der R\u00f6hrchen mittels Splitstab darauf achten, da\u03b2 das Irrigationssystem nicht besch\u00e4digt wird.<\/li>\n<\/ul>\n<\/div>\n<p><a name=\"faq8\">Kann ich die XxxProtect-R\u00f6hrchen bei Erhalt lagern?<\/a><\/p>\n<div id=\"8\" class=\"faqhidden\">Die XxxProtect-R\u00f6hrchen k\u00f6nnen bis zu zwei Tagen zwischen 8 und 10\u00b0C gelagert werden.<\/div>\n<p><a name=\"faq9\">Was mu\u03b2 ich beim Einsatz von XxxProtect beachten?<\/a><\/p>\n<div id=\"9\" class=\"faqhidden\">Die R\u00f6hrchen m\u00fcssen vor direkter Sonneneinstrahlen, Wasser und vor Ameisen gesch\u00fctzt werden. Die Effizienz der XxxProtect-Produkte kann bei andauernden sehr hohen Temperaturen oder durch Frost vermindert werden.Vor dem Einsatz von Pestiziden mu\u03b2 die <a href=\"\/wp-content\/uploads\/Compatibility-parasitoids-chemicals.pdf\" target=\"_blank\" rel=\"noopener noreferrer\">Kompatibilit\u00e4t<\/a> von Aktiver Substanz und Schlupfwespen sichergestellt sein.<\/div>\n","protected":false},"excerpt":{"rendered":"<p>Faq Wie kann ich die verschiedenen Schlupfwespen-Mumien unterscheiden? Die Mumien der verschiedenen Schlupfwespenarten k\u00f6nnen anhand ihrer Farbe und Form unterschieden werden:Aphidius-Mumien sind braun-gelblich und haben eine rundliche Form.Praon volucre-Mumien sind wei\u03b2lich mit einer Art Sockel unter der ehemaligen Blattlaus. Aphelinus &hellip; <a href=\"https:\/\/www.viridaxis.com\/de\/faq\" class=\"icoPlus\"><img loading=\"lazy\" src=\"https:\/\/www.viridaxis.com\/wp-content\/themes\/viridaxis\/images\/ico_plus.png\" border=\"0\" width=\"23\" height=\"23\" border=\"0\" \/><\/a><\/p>\n","protected":false},"author":1,"featured_media":0,"parent":0,"menu_order":0,"comment_status":"closed","ping_status":"closed","template":"","meta":{"ngg_post_thumbnail":0},"acf":[],"_links":{"self":[{"href":"https:\/\/www.viridaxis.com\/de\/wp-json\/wp\/v2\/pages\/671"}],"collection":[{"href":"https:\/\/www.viridaxis.com\/de\/wp-json\/wp\/v2\/pages"}],"about":[{"href":"https:\/\/www.viridaxis.com\/de\/wp-json\/wp\/v2\/types\/page"}],"author":[{"embeddable":true,"href":"https:\/\/www.viridaxis.com\/de\/wp-json\/wp\/v2\/users\/1"}],"replies":[{"embeddable":true,"href":"https:\/\/www.viridaxis.com\/de\/wp-json\/wp\/v2\/comments?post=671"}],"version-history":[{"count":16,"href":"https:\/\/www.viridaxis.com\/de\/wp-json\/wp\/v2\/pages\/671\/revisions"}],"predecessor-version":[{"id":4635,"href":"https:\/\/www.viridaxis.com\/de\/wp-json\/wp\/v2\/pages\/671\/revisions\/4635"}],"wp:attachment":[{"href":"https:\/\/www.viridaxis.com\/de\/wp-json\/wp\/v2\/media?parent=671"}],"curies":[{"name":"wp","href":"https:\/\/api.w.org\/{rel}","templated":true}]}}