{"id":623,"date":"2012-01-30T10:06:46","date_gmt":"2012-01-30T10:06:46","guid":{"rendered":"https:\/\/www.viridaxis.com\/?page_id=623"},"modified":"2014-10-16T14:56:05","modified_gmt":"2014-10-16T14:56:05","slug":"viridaxis-xprotect","status":"publish","type":"page","link":"https:\/\/www.viridaxis.com\/de\/viridaxis-xprotect","title":{"rendered":"VIRIDAXIS PROTECT"},"content":{"rendered":"<div class=\"colsLeft\"><img loading=\"lazy\" class=\"aligncenter size-full wp-image-359\" title=\"viridaxis-products-xprotect\" src=\"https:\/\/www.viridaxis.com\/wp-content\/uploads\/viridaxis-products-xprotect.jpg\" alt=\"\" width=\"370\" height=\"426\" \/><\/div>\n<div class=\"colsRight\" style=\"margin-top: 0px !important;\">\n<h1>DAS VIRIDAXIS PROTECT LINIE<\/h1>\n<div class=\"btnContactUs\"><a href=\"\/de\/bei-einem-handler?product=\">Vertrieb<\/a><\/div>\n<p>Entdecken Sie das neue Konzept der nat\u00fcrlichen, kulturspezifischen Blattlausbek\u00e4mpfung. Eine Mischung verschiedener N\u00fctzlinge bek\u00e4mpft alle gel\u00e4ufigen Blattl\u00e4use in einer bestimmten Kultur. Geliefert werden die Mischungen in gebrauchsfertigen Einheiten, deren Anwendung sicherer und schneller ist als jede Behandlung mit Chemikalien.<br \/>\n<img loading=\"lazy\" class=\"aligncenter size-full wp-image-357\" style=\"padding-top: 20px;\" title=\"Viridaxis-Products-xProtect_solutions\" src=\"https:\/\/www.viridaxis.com\/wp-content\/uploads\/Viridaxis-Products-xProtect_solutions.gif\" alt=\"\" width=\"498\" height=\"235\" srcset=\"https:\/\/www.viridaxis.com\/wp-content\/uploads\/Viridaxis-Products-xProtect_solutions.gif 498w, https:\/\/www.viridaxis.com\/wp-content\/uploads\/Viridaxis-Products-xProtect_solutions-300x141.gif 300w\" sizes=\"(max-width: 498px) 100vw, 498px\" \/><\/p>\n<\/div>\n","protected":false},"excerpt":{"rendered":"<p>DAS VIRIDAXIS PROTECT LINIE Entdecken Sie das neue Konzept der nat\u00fcrlichen, kulturspezifischen Blattlausbek\u00e4mpfung. Eine Mischung verschiedener N\u00fctzlinge bek\u00e4mpft alle gel\u00e4ufigen Blattl\u00e4use in einer bestimmten Kultur. Geliefert werden die Mischungen in gebrauchsfertigen Einheiten, deren Anwendung sicherer und schneller ist als jede &hellip; <a href=\"https:\/\/www.viridaxis.com\/de\/viridaxis-xprotect\" class=\"icoPlus\"><img loading=\"lazy\" src=\"https:\/\/www.viridaxis.com\/wp-content\/themes\/viridaxis\/images\/ico_plus.png\" border=\"0\" width=\"23\" height=\"23\" border=\"0\" \/><\/a><\/p>\n","protected":false},"author":1,"featured_media":0,"parent":0,"menu_order":2,"comment_status":"open","ping_status":"closed","template":"","meta":{"ngg_post_thumbnail":0},"acf":[],"_links":{"self":[{"href":"https:\/\/www.viridaxis.com\/de\/wp-json\/wp\/v2\/pages\/623"}],"collection":[{"href":"https:\/\/www.viridaxis.com\/de\/wp-json\/wp\/v2\/pages"}],"about":[{"href":"https:\/\/www.viridaxis.com\/de\/wp-json\/wp\/v2\/types\/page"}],"author":[{"embeddable":true,"href":"https:\/\/www.viridaxis.com\/de\/wp-json\/wp\/v2\/users\/1"}],"replies":[{"embeddable":true,"href":"https:\/\/www.viridaxis.com\/de\/wp-json\/wp\/v2\/comments?post=623"}],"version-history":[{"count":14,"href":"https:\/\/www.viridaxis.com\/de\/wp-json\/wp\/v2\/pages\/623\/revisions"}],"predecessor-version":[{"id":625,"href":"https:\/\/www.viridaxis.com\/de\/wp-json\/wp\/v2\/pages\/623\/revisions\/625"}],"wp:attachment":[{"href":"https:\/\/www.viridaxis.com\/de\/wp-json\/wp\/v2\/media?parent=623"}],"curies":[{"name":"wp","href":"https:\/\/api.w.org\/{rel}","templated":true}]}}