{"id":4504,"date":"2018-01-24T16:28:33","date_gmt":"2018-01-24T16:28:33","guid":{"rendered":"https:\/\/www.viridaxis.com\/?page_id=4504"},"modified":"2018-01-25T09:53:32","modified_gmt":"2018-01-25T09:53:32","slug":"fonds-europeen-et-wallonie","status":"publish","type":"page","link":"https:\/\/www.viridaxis.com\/de\/fonds-europeen-et-wallonie","title":{"rendered":"fonds-europeen-et-wallonie"},"content":{"rendered":"<h1>FONDS EUROP\u00c9EN ET WALLONIE<\/h1>\n<p>Le fonds europ\u00e9en de d\u00e9veloppement r\u00e9gional et la Wallonie participent au programme d\u2019investissements de la soci\u00e9t\u00e9 Viridaxis. Ceux-ci consistent notamment en l\u2019am\u00e9nagement d\u2019une nouvelle zone de production, l\u2019installation d\u2019un syst\u00e8me de traitement de l\u2019air, la mise en place d\u2019\u00e9quipements pour la recherche et d\u00e9veloppement et l\u2019implantation de mat\u00e9riel de pointe pour la production. Des investissements en automatisation et en informatique font \u00e9galement partie de ce programme.<\/p>\n<p>The European Regional Development Fund and Wallonia participate in the investments program of Viridaxis. These include the development of a new production area, the installation of an air treatment system, the installation of equipment for research and development and the setting up of state of the art equipment for production. Investments in automation and hardware are also part of this program.<\/p>\n","protected":false},"excerpt":{"rendered":"<p>FONDS EUROP\u00c9EN ET WALLONIE Le fonds europ\u00e9en de d\u00e9veloppement r\u00e9gional et la Wallonie participent au programme d\u2019investissements de la soci\u00e9t\u00e9 Viridaxis. Ceux-ci consistent notamment en l\u2019am\u00e9nagement d\u2019une nouvelle zone de production, l\u2019installation d\u2019un syst\u00e8me de traitement de l\u2019air, la mise &hellip; <a href=\"https:\/\/www.viridaxis.com\/de\/fonds-europeen-et-wallonie\" class=\"icoPlus\"><img loading=\"lazy\" src=\"https:\/\/www.viridaxis.com\/wp-content\/themes\/viridaxis\/images\/ico_plus.png\" border=\"0\" width=\"23\" height=\"23\" border=\"0\" \/><\/a><\/p>\n","protected":false},"author":1,"featured_media":0,"parent":0,"menu_order":0,"comment_status":"closed","ping_status":"closed","template":"","meta":{"ngg_post_thumbnail":0},"acf":[],"_links":{"self":[{"href":"https:\/\/www.viridaxis.com\/de\/wp-json\/wp\/v2\/pages\/4504"}],"collection":[{"href":"https:\/\/www.viridaxis.com\/de\/wp-json\/wp\/v2\/pages"}],"about":[{"href":"https:\/\/www.viridaxis.com\/de\/wp-json\/wp\/v2\/types\/page"}],"author":[{"embeddable":true,"href":"https:\/\/www.viridaxis.com\/de\/wp-json\/wp\/v2\/users\/1"}],"replies":[{"embeddable":true,"href":"https:\/\/www.viridaxis.com\/de\/wp-json\/wp\/v2\/comments?post=4504"}],"version-history":[{"count":4,"href":"https:\/\/www.viridaxis.com\/de\/wp-json\/wp\/v2\/pages\/4504\/revisions"}],"predecessor-version":[{"id":4509,"href":"https:\/\/www.viridaxis.com\/de\/wp-json\/wp\/v2\/pages\/4504\/revisions\/4509"}],"wp:attachment":[{"href":"https:\/\/www.viridaxis.com\/de\/wp-json\/wp\/v2\/media?parent=4504"}],"curies":[{"name":"wp","href":"https:\/\/api.w.org\/{rel}","templated":true}]}}